{"id":4818,"date":"2026-01-06T14:17:49","date_gmt":"2026-01-06T14:17:49","guid":{"rendered":"https:\/\/gravel-bikes.cc\/produkt\/kool-stop-scheibenbremsbelaege-e-bike-xtr-xt-slx-alfine-deore\/"},"modified":"2026-01-06T14:17:49","modified_gmt":"2026-01-06T14:17:49","slug":"kool-stop-scheibenbremsbelaege-e-bike-xtr-xt-slx-alfine-deore","status":"publish","type":"product","link":"https:\/\/gravel-bikes.cc\/de\/produkt\/kool-stop-scheibenbremsbelaege-e-bike-xtr-xt-slx-alfine-deore\/","title":{"rendered":"KOOL STOP Scheibenbremsbel\u00e4ge E-Bike XTR, XT, SLX, Alfine, Deore"},"content":{"rendered":"<p>Durch ihr h\u00f6heres Gewicht und die oft h\u00f6heren Geschwindigkeiten stellen E-Bikes andere Anforderungen an Bremsbel\u00e4ge als herk\u00f6mmliche Fahrr\u00e4der. Deshalb hat Kool-Stop einen Bremsbelag speziell f\u00fcr den E-Bike-Einsatz entwickelt. Zwischen der organischen Belagmischung und der Stahltr\u00e4gerplatte befindet sich eine Keramikschicht. Diese Schicht verhindert die W\u00e4rme\u00fcbertragung auf den Bremssattel und wirkt so effektiv der Bremsen\u00fcberhitzung und dem Fading entgegen.   <\/p>\n<p>Technische Daten:<\/p>\n<p>Tr\u00e4gerplatte: Stahl<br \/>\nBelagart: Organisch<br \/>\nKompatibilit\u00e4t: Shimano XTR BR-M9000 | BR-M9020 | BR-M987 | BR-M988 | BR-M985 | XT BR-M8000 | BR-M785 | SLX BR-M675 | SLX BR-M615 | BR-RS785 | BR-R785 | BR-CX75 | BR-R515 | BR-R315<\/p>\n","protected":false},"excerpt":{"rendered":"<p>Durch ihr h\u00f6heres Gewicht und die oft h\u00f6heren Geschwindigkeiten stellen E-Bikes andere Anforderungen an Bremsbel\u00e4ge als herk\u00f6mmliche Fahrr\u00e4der. Deshalb hat Kool-Stop einen Bremsbelag speziell f\u00fcr den E-Bike-Einsatz entwickelt. Zwischen der organischen Belagmischung und der Stahltr\u00e4gerplatte befindet sich eine Keramikschicht. Diese Schicht verhindert die W\u00e4rme\u00fcbertragung auf den Bremssattel und wirkt so effektiv der Bremsen\u00fcberhitzung und dem [&hellip;]<\/p>\n","protected":false},"featured_media":4819,"template":"","meta":{"_et_pb_use_builder":"","_et_pb_old_content":"","_et_gb_content_width":""},"pwb-brand":[],"product_brand":[],"product_cat":[577],"product_tag":[],"class_list":{"0":"post-4818","1":"product","2":"type-product","3":"status-publish","4":"has-post-thumbnail","6":"product_cat-scheibenbremsbelage","8":"first","9":"instock","10":"taxable","11":"shipping-taxable","12":"product-type-simple"},"aioseo_notices":[],"brands":[],"_links":{"self":[{"href":"https:\/\/gravel-bikes.cc\/de\/wp-json\/wp\/v2\/product\/4818","targetHints":{"allow":["GET"]}}],"collection":[{"href":"https:\/\/gravel-bikes.cc\/de\/wp-json\/wp\/v2\/product"}],"about":[{"href":"https:\/\/gravel-bikes.cc\/de\/wp-json\/wp\/v2\/types\/product"}],"wp:featuredmedia":[{"embeddable":true,"href":"https:\/\/gravel-bikes.cc\/de\/wp-json\/wp\/v2\/media\/4819"}],"wp:attachment":[{"href":"https:\/\/gravel-bikes.cc\/de\/wp-json\/wp\/v2\/media?parent=4818"}],"wp:term":[{"taxonomy":"pwb-brand","embeddable":true,"href":"https:\/\/gravel-bikes.cc\/de\/wp-json\/wp\/v2\/pwb-brand?post=4818"},{"taxonomy":"product_brand","embeddable":true,"href":"https:\/\/gravel-bikes.cc\/de\/wp-json\/wp\/v2\/product_brand?post=4818"},{"taxonomy":"product_cat","embeddable":true,"href":"https:\/\/gravel-bikes.cc\/de\/wp-json\/wp\/v2\/product_cat?post=4818"},{"taxonomy":"product_tag","embeddable":true,"href":"https:\/\/gravel-bikes.cc\/de\/wp-json\/wp\/v2\/product_tag?post=4818"}],"curies":[{"name":"wp","href":"https:\/\/api.w.org\/{rel}","templated":true}]}}