{"id":5451,"date":"2026-01-16T17:51:38","date_gmt":"2026-01-16T17:51:38","guid":{"rendered":"https:\/\/gravel-bikes.cc\/produkt\/enve-ar40-laufradsatz\/"},"modified":"2026-01-16T17:52:51","modified_gmt":"2026-01-16T17:52:51","slug":"enve-ar40-laufradsatz","status":"publish","type":"product","link":"https:\/\/gravel-bikes.cc\/de\/produkt\/enve-ar40-laufradsatz\/","title":{"rendered":"ENVE AR40 Laufradsatz"},"content":{"rendered":"<p>Das AR40 ist die neueste Erg\u00e4nzung der Foundation-Reihe. Mit einer aerodynamisch optimierten Felgenh\u00f6he von 40 mm vorne und hinten sowie einer Innenmaulweite von 25 mm bietet das AR40 ultimative Vielseitigkeit f\u00fcr Stra\u00dfenfahrer und Rennfahrer, die Leistung auf und abseits der Stra\u00dfe suchen. <\/p>\n","protected":false},"excerpt":{"rendered":"<p>Das AR40 ist die neueste Erg\u00e4nzung der Foundation-Reihe. Mit einer aerodynamisch optimierten Felgenh\u00f6he von 40 mm vorne und hinten sowie einer Innenmaulweite von 25 mm bietet das AR40 ultimative Vielseitigkeit f\u00fcr Stra\u00dfenfahrer und Rennfahrer, die Leistung auf und abseits der Stra\u00dfe suchen.<\/p>\n","protected":false},"featured_media":5452,"template":"","meta":{"_et_pb_use_builder":"","_et_pb_old_content":"","_et_gb_content_width":"","om_disable_all_campaigns":false,"_monsterinsights_skip_tracking":false,"_monsterinsights_sitenote_active":false,"_monsterinsights_sitenote_note":"","_monsterinsights_sitenote_category":0},"pwb-brand":[],"product_brand":[76],"product_cat":[201],"product_tag":[],"class_list":{"0":"post-5451","1":"product","2":"type-product","3":"status-publish","4":"has-post-thumbnail","6":"product_brand-enve","7":"product_cat-laufrader","8":"product_shipping_class-kleinteile","10":"first","11":"instock","12":"sale","13":"taxable","14":"shipping-taxable","15":"purchasable","16":"product-type-simple"},"aioseo_notices":[],"brands":[],"_links":{"self":[{"href":"https:\/\/gravel-bikes.cc\/de\/wp-json\/wp\/v2\/product\/5451","targetHints":{"allow":["GET"]}}],"collection":[{"href":"https:\/\/gravel-bikes.cc\/de\/wp-json\/wp\/v2\/product"}],"about":[{"href":"https:\/\/gravel-bikes.cc\/de\/wp-json\/wp\/v2\/types\/product"}],"wp:featuredmedia":[{"embeddable":true,"href":"https:\/\/gravel-bikes.cc\/de\/wp-json\/wp\/v2\/media\/5452"}],"wp:attachment":[{"href":"https:\/\/gravel-bikes.cc\/de\/wp-json\/wp\/v2\/media?parent=5451"}],"wp:term":[{"taxonomy":"pwb-brand","embeddable":true,"href":"https:\/\/gravel-bikes.cc\/de\/wp-json\/wp\/v2\/pwb-brand?post=5451"},{"taxonomy":"product_brand","embeddable":true,"href":"https:\/\/gravel-bikes.cc\/de\/wp-json\/wp\/v2\/product_brand?post=5451"},{"taxonomy":"product_cat","embeddable":true,"href":"https:\/\/gravel-bikes.cc\/de\/wp-json\/wp\/v2\/product_cat?post=5451"},{"taxonomy":"product_tag","embeddable":true,"href":"https:\/\/gravel-bikes.cc\/de\/wp-json\/wp\/v2\/product_tag?post=5451"}],"curies":[{"name":"wp","href":"https:\/\/api.w.org\/{rel}","templated":true}]}}