{"id":5628,"date":"2026-01-19T08:34:19","date_gmt":"2026-01-19T08:34:19","guid":{"rendered":"https:\/\/gravel-bikes.cc\/?post_type=product&#038;p=5628"},"modified":"2026-01-19T08:35:42","modified_gmt":"2026-01-19T08:35:42","slug":"schwalbe-rs-pro-40-mm-copy","status":"publish","type":"product","link":"https:\/\/gravel-bikes.cc\/de\/produkt\/schwalbe-rs-pro-40-mm-copy\/","title":{"rendered":"SCHWALBE RS PRO 42 mm"},"content":{"rendered":"<p>Der G-ONE RS PRO ist unser schnellster Gravel-Reifen. Der Semi-Slick-Reifen wurde entwickelt, um maximale Effizienz auf harten Oberfl\u00e4chen zu bieten. Er ist die erste Wahl f\u00fcr alle, die nur ein Ziel vor Augen haben: Geschwindigkeit. Zahlreiche Siege bei den h\u00e4rtesten Gravel-Rennen weltweit beweisen seine Leistungsf\u00e4higkeit. Das schuppenartige Profil bietet den geringsten Rollwiderstand der gesamten G-ONE PRO-Linie, w\u00e4hrend versenkte Seitenstollen f\u00fcr Kurvenhalt und Traktion sorgen.    <\/p>\n","protected":false},"excerpt":{"rendered":"<p>Der G-ONE RS PRO ist unser schnellster Gravel-Reifen. Der Semi-Slick-Reifen wurde entwickelt, um maximale Effizienz auf harten Oberfl\u00e4chen zu bieten. Er ist die erste Wahl f\u00fcr alle, die nur ein Ziel vor Augen haben: Geschwindigkeit. Zahlreiche Siege bei den h\u00e4rtesten Gravel-Rennen weltweit beweisen seine Leistungsf\u00e4higkeit. Das schuppenartige Profil bietet den geringsten Rollwiderstand der gesamten G-ONE [&hellip;]<\/p>\n","protected":false},"featured_media":5622,"template":"","meta":{"_et_pb_use_builder":"","_et_pb_old_content":"","_et_gb_content_width":"","om_disable_all_campaigns":false,"_monsterinsights_skip_tracking":false,"_monsterinsights_sitenote_active":false,"_monsterinsights_sitenote_note":"","_monsterinsights_sitenote_category":0},"pwb-brand":[],"product_brand":[612],"product_cat":[235],"product_tag":[614],"class_list":{"0":"post-5628","1":"product","2":"type-product","3":"status-publish","4":"has-post-thumbnail","6":"product_brand-schwalbe","7":"product_cat-reifen","8":"product_tag-schwalbe-rs","9":"product_shipping_class-kleinteile","11":"first","12":"instock","13":"sale","14":"taxable","15":"shipping-taxable","16":"purchasable","17":"product-type-simple"},"aioseo_notices":[],"df_price":69.9,"df_sale_price":69.9,"df_regular_price":74.9,"df_image_link":"https:\/\/gravel-bikes.cc\/wp-content\/uploads\/2026\/01\/430095_0-300x300.jpg","brands":[],"_links":{"self":[{"href":"https:\/\/gravel-bikes.cc\/de\/wp-json\/wp\/v2\/product\/5628","targetHints":{"allow":["GET"]}}],"collection":[{"href":"https:\/\/gravel-bikes.cc\/de\/wp-json\/wp\/v2\/product"}],"about":[{"href":"https:\/\/gravel-bikes.cc\/de\/wp-json\/wp\/v2\/types\/product"}],"wp:featuredmedia":[{"embeddable":true,"href":"https:\/\/gravel-bikes.cc\/de\/wp-json\/wp\/v2\/media\/5622"}],"wp:attachment":[{"href":"https:\/\/gravel-bikes.cc\/de\/wp-json\/wp\/v2\/media?parent=5628"}],"wp:term":[{"taxonomy":"pwb-brand","embeddable":true,"href":"https:\/\/gravel-bikes.cc\/de\/wp-json\/wp\/v2\/pwb-brand?post=5628"},{"taxonomy":"product_brand","embeddable":true,"href":"https:\/\/gravel-bikes.cc\/de\/wp-json\/wp\/v2\/product_brand?post=5628"},{"taxonomy":"product_cat","embeddable":true,"href":"https:\/\/gravel-bikes.cc\/de\/wp-json\/wp\/v2\/product_cat?post=5628"},{"taxonomy":"product_tag","embeddable":true,"href":"https:\/\/gravel-bikes.cc\/de\/wp-json\/wp\/v2\/product_tag?post=5628"}],"curies":[{"name":"wp","href":"https:\/\/api.w.org\/{rel}","templated":true}]}}