{"id":5698,"date":"2026-01-19T09:46:37","date_gmt":"2026-01-19T09:46:37","guid":{"rendered":"https:\/\/gravel-bikes.cc\/produkt\/marokko-abenteuer\/"},"modified":"2026-01-19T09:49:50","modified_gmt":"2026-01-19T09:49:50","slug":"marokko-abenteuer","status":"publish","type":"product","link":"https:\/\/gravel-bikes.cc\/de\/produkt\/marokko-abenteuer\/","title":{"rendered":"Marokko-Abenteuer Anzahlung 30 %"},"content":{"rendered":"<h1 class=\"entry-title main_title\">MARRAKESCH 7 Tage<\/h1>\n<div class=\"entry-content\">\n<p>7-T\u00c4GIGE GRAVEL-TOUR ZUR SAHARA<\/p>\n<p>EINE REISE VOM ATLASGEBIRGE INS HERZ DER SAHARA<\/p>\n<p>\u00dcBERBLICK:<br \/>\nDieses unvergessliche 7-t\u00e4gige Gravelbike-Abenteuer f\u00fchrt dich auf eine aufregende Fahrt von der pulsierenden Stadt Marrakesch durch das hoch aufragende Atlasgebirge bis hin zur stillen Sch\u00f6nheit der Sahara. Dieses Abenteuer ist auf fortgeschrittene Radfahrer zugeschnitten und bietet eine seltene Mischung aus anspruchsvollen Fahrten, atemberaubenden Landschaften und authentischen kulturellen Erlebnissen, die dich tief in das Herz Marokkos f\u00fchren.<br \/>\nOb du dich nun durch zerkl\u00fcftete Bergstra\u00dfen schl\u00e4ngelst, alte T\u00e4ler durchquerst oder \u00fcber W\u00fcstend\u00fcnen f\u00e4hrst, diese Expedition verspricht ein aufregendes Erlebnis f\u00fcr alle, die mehr als nur eine typische Radtour suchen. Du wirst alte Handelsrouten entdecken, in traditionellen Berberd\u00f6rfern \u00fcbernachten und deine Reise mit einer \u00dcbernachtung unter dem Sternenhimmel in einem magischen W\u00fcstencamp abschlie\u00dfen. Dies ist mehr als eine Radtour \u2013 es ist eine Expedition durch Marokkos atemberaubendste und vielf\u00e4ltigste Landschaften, voller Geschichte und Kultur.   <\/p>\n<\/div>\n","protected":false},"excerpt":{"rendered":"<p>Diese Zahlung sichert deine Reise vom 01. bis 07. April 2026<\/p>\n","protected":false},"featured_media":5699,"template":"","meta":{"_et_pb_use_builder":"","_et_pb_old_content":"","_et_gb_content_width":"","om_disable_all_campaigns":false,"_monsterinsights_skip_tracking":false,"_monsterinsights_sitenote_active":false,"_monsterinsights_sitenote_note":"","_monsterinsights_sitenote_category":0},"pwb-brand":[],"product_brand":[],"product_cat":[623],"product_tag":[626],"class_list":{"0":"post-5698","1":"product","2":"type-product","3":"status-publish","4":"has-post-thumbnail","6":"product_cat-reise","7":"product_tag-reisen","9":"first","10":"instock","11":"taxable","12":"shipping-taxable","13":"purchasable","14":"product-type-simple"},"aioseo_notices":[],"brands":[],"_links":{"self":[{"href":"https:\/\/gravel-bikes.cc\/de\/wp-json\/wp\/v2\/product\/5698","targetHints":{"allow":["GET"]}}],"collection":[{"href":"https:\/\/gravel-bikes.cc\/de\/wp-json\/wp\/v2\/product"}],"about":[{"href":"https:\/\/gravel-bikes.cc\/de\/wp-json\/wp\/v2\/types\/product"}],"wp:featuredmedia":[{"embeddable":true,"href":"https:\/\/gravel-bikes.cc\/de\/wp-json\/wp\/v2\/media\/5699"}],"wp:attachment":[{"href":"https:\/\/gravel-bikes.cc\/de\/wp-json\/wp\/v2\/media?parent=5698"}],"wp:term":[{"taxonomy":"pwb-brand","embeddable":true,"href":"https:\/\/gravel-bikes.cc\/de\/wp-json\/wp\/v2\/pwb-brand?post=5698"},{"taxonomy":"product_brand","embeddable":true,"href":"https:\/\/gravel-bikes.cc\/de\/wp-json\/wp\/v2\/product_brand?post=5698"},{"taxonomy":"product_cat","embeddable":true,"href":"https:\/\/gravel-bikes.cc\/de\/wp-json\/wp\/v2\/product_cat?post=5698"},{"taxonomy":"product_tag","embeddable":true,"href":"https:\/\/gravel-bikes.cc\/de\/wp-json\/wp\/v2\/product_tag?post=5698"}],"curies":[{"name":"wp","href":"https:\/\/api.w.org\/{rel}","templated":true}]}}