{"id":5792,"date":"2026-01-20T19:25:24","date_gmt":"2026-01-20T19:25:24","guid":{"rendered":"https:\/\/gravel-bikes.cc\/?post_type=product&#038;p=5792"},"modified":"2026-01-25T14:48:22","modified_gmt":"2026-01-25T14:48:22","slug":"bombtrack-hook-ext-c-komplettrad-copy","status":"publish","type":"product","link":"https:\/\/gravel-bikes.cc\/de\/produkt\/bombtrack-hook-ext-c-komplettrad-copy\/","title":{"rendered":"BIKE AHEAD COMPOSITES Superfast"},"content":{"rendered":"<p>[et_pb_section fb_built=&#8221;1&#8243; _builder_version=&#8221;4.27.5&#8243; _module_preset=&#8221;default&#8221; global_colors_info=&#8221;{}&#8221;][et_pb_row _builder_version=&#8221;4.27.5&#8243; _module_preset=&#8221;default&#8221; global_colors_info=&#8221;{}&#8221;][et_pb_column type=&#8221;4_4&#8243; _builder_version=&#8221;4.27.5&#8243; _module_preset=&#8221;default&#8221; global_colors_info=&#8221;{}&#8221;][et_pb_image src=&#8221;https:\/\/gravel-bikes.cc\/wp-content\/uploads\/2026\/01\/image003.png&#8221; title_text=&#8221;Bild003&#8243; _builder_version=&#8221;4.27.5&#8243; _module_preset=&#8221;default&#8221; global_colors_info=&#8221;{}&#8221;][\/et_pb_image][\/et_pb_column][\/et_pb_row][\/et_pb_section][et_pb_section fb_built=&#8221;1&#8243; _builder_version=&#8221;4.16&#8243; custom_padding=&#8221;0px||||false|false&#8221; global_colors_info=&#8221;{}&#8221;][et_pb_row _builder_version=&#8221;4.16&#8243; background_size=&#8221;initial&#8221; background_position=&#8221;top_left&#8221; background_repeat=&#8221;repeat&#8221; width=&#8221;100%&#8221; custom_padding=&#8221;0px||0px||false|false&#8221; global_colors_info=&#8221;{}&#8221;][et_pb_column type=&#8221;4_4&#8243; _builder_version=&#8221;4.16&#8243; custom_padding=&#8221;|||&#8221; global_colors_info=&#8221;{}&#8221; custom_padding__hover=&#8221;|||&#8221;][et_pb_wc_breadcrumb _builder_version=&#8221;4.16&#8243; global_colors_info=&#8221;{}&#8221;][\/et_pb_wc_breadcrumb][et_pb_wc_cart_notice _builder_version=&#8221;4.16&#8243; global_colors_info=&#8221;{}&#8221;][\/et_pb_wc_cart_notice][\/et_pb_column][\/et_pb_row][et_pb_row column_structure=&#8221;1_2,1_2&#8243; _builder_version=&#8221;4.16&#8243; background_size=&#8221;initial&#8221; background_position=&#8221;top_left&#8221; background_repeat=&#8221;repeat&#8221; width=&#8221;100%&#8221; custom_padding=&#8221;0px||||false|false&#8221; global_colors_info=&#8221;{}&#8221;][et_pb_column type=&#8221;1_2&#8243; _builder_version=&#8221;4.16&#8243; custom_padding=&#8221;|||&#8221; global_colors_info=&#8221;{}&#8221; custom_padding__hover=&#8221;|||&#8221;][et_pb_wc_images _builder_version=&#8221;4.16&#8243; global_colors_info=&#8221;{}&#8221;][\/et_pb_wc_images][\/et_pb_column][et_pb_column type=&#8221;1_2&#8243; _builder_version=&#8221;4.16&#8243; custom_padding=&#8221;|||&#8221; global_colors_info=&#8221;{}&#8221; custom_padding__hover=&#8221;|||&#8221;][et_pb_wc_title _builder_version=&#8221;4.16&#8243; global_colors_info=&#8221;{}&#8221;][\/et_pb_wc_title][et_pb_wc_rating _builder_version=&#8221;4.16&#8243; global_colors_info=&#8221;{}&#8221;][\/et_pb_wc_rating][et_pb_wc_price _builder_version=&#8221;4.16&#8243; global_colors_info=&#8221;{}&#8221;][\/et_pb_wc_price][et_pb_wc_description _builder_version=&#8221;4.16&#8243; global_colors_info=&#8221;{}&#8221;][\/et_pb_wc_description][et_pb_wc_add_to_cart _builder_version=&#8221;4.16&#8243; global_colors_info=&#8221;{}&#8221;][\/et_pb_wc_add_to_cart][et_pb_wc_meta _builder_version=&#8221;4.16&#8243; global_colors_info=&#8221;{}&#8221;][\/et_pb_wc_meta][\/et_pb_column][\/et_pb_row][et_pb_row column_structure=&#8221;1_3,1_3,1_3&#8243; _builder_version=&#8221;4.27.5&#8243; _module_preset=&#8221;default&#8221; global_colors_info=&#8221;{}&#8221;][et_pb_column type=&#8221;1_3&#8243; _builder_version=&#8221;4.27.5&#8243; _module_preset=&#8221;default&#8221; global_colors_info=&#8221;{}&#8221;][et_pb_button button_text=&#8221;BIKE LEASING&#8221; _builder_version=&#8221;4.27.5&#8243; _module_preset=&#8221;default&#8221; global_colors_info=&#8221;{}&#8221;][\/et_pb_button][\/et_pb_column][et_pb_column type=&#8221;1_3&#8243; _builder_version=&#8221;4.27.5&#8243; _module_preset=&#8221;default&#8221; global_colors_info=&#8221;{}&#8221;][et_pb_button button_text=&#8221;FINANZIERUNG&#8221; _builder_version=&#8221;4.27.5&#8243; _module_preset=&#8221;default&#8221; global_colors_info=&#8221;{}&#8221;][\/et_pb_button][\/et_pb_column][et_pb_column type=&#8221;1_3&#8243; _builder_version=&#8221;4.27.5&#8243; _module_preset=&#8221;default&#8221; global_colors_info=&#8221;{}&#8221;][et_pb_button button_text=&#8221;VERSICHERUNG&#8221; _builder_version=&#8221;4.27.5&#8243; _module_preset=&#8221;default&#8221; global_colors_info=&#8221;{}&#8221;][\/et_pb_button][\/et_pb_column][\/et_pb_row][et_pb_row column_structure=&#8221;1_3,1_3,1_3&#8243; _builder_version=&#8221;4.27.5&#8243; _module_preset=&#8221;default&#8221; global_colors_info=&#8221;{}&#8221;][et_pb_column type=&#8221;1_3&#8243; _builder_version=&#8221;4.27.5&#8243; _module_preset=&#8221;default&#8221; global_colors_info=&#8221;{}&#8221;][et_pb_image src=&#8221;https:\/\/gravel-bikes.cc\/wp-content\/uploads\/2026\/01\/made_02-1-1.jpg&#8221; title_text=&#8221;made_02 (1)&#8221; _builder_version=&#8221;4.27.5&#8243; _module_preset=&#8221;default&#8221; global_colors_info=&#8221;{}&#8221;][\/et_pb_image][\/et_pb_column][et_pb_column type=&#8221;1_3&#8243; _builder_version=&#8221;4.27.5&#8243; _module_preset=&#8221;default&#8221; global_colors_info=&#8221;{}&#8221;][et_pb_image src=&#8221;https:\/\/gravel-bikes.cc\/wp-content\/uploads\/2026\/01\/DSC08227-da2da262.jpg&#8221; title_text=&#8221;DSC08227-da2da262&#8243; _builder_version=&#8221;4.27.5&#8243; _module_preset=&#8221;default&#8221; global_colors_info=&#8221;{}&#8221;][\/et_pb_image][\/et_pb_column][et_pb_column type=&#8221;1_3&#8243; _builder_version=&#8221;4.27.5&#8243; _module_preset=&#8221;default&#8221; global_colors_info=&#8221;{}&#8221;][et_pb_image src=&#8221;https:\/\/gravel-bikes.cc\/wp-content\/uploads\/2026\/01\/image003.png&#8221; title_text=&#8221;Bild003&#8243; _builder_version=&#8221;4.27.5&#8243; _module_preset=&#8221;default&#8221; global_colors_info=&#8221;{}&#8221;][\/et_pb_image][\/et_pb_column][\/et_pb_row][et_pb_row _builder_version=&#8221;4.16&#8243; background_size=&#8221;initial&#8221; background_position=&#8221;top_left&#8221; background_repeat=&#8221;repeat&#8221; width=&#8221;100%&#8221; global_colors_info=&#8221;{}&#8221;][et_pb_column type=&#8221;4_4&#8243; _builder_version=&#8221;4.16&#8243; custom_padding=&#8221;|||&#8221; global_colors_info=&#8221;{}&#8221; custom_padding__hover=&#8221;|||&#8221;][et_pb_wc_tabs _builder_version=&#8221;4.16&#8243; global_colors_info=&#8221;{}&#8221;] [\/et_pb_wc_tabs][et_pb_wc_upsells _builder_version=&#8221;4.16&#8243; global_colors_info=&#8221;{}&#8221;][\/et_pb_wc_upsells][et_pb_wc_related_products _builder_version=&#8221;4.16&#8243; global_colors_info=&#8221;{}&#8221;][\/et_pb_wc_related_products][\/et_pb_column][\/et_pb_row][\/et_pb_section]<\/p>\n","protected":false},"excerpt":{"rendered":"<div class=\"wpb_column pos-top pos-center align_left column_parent col-lg-6 single-internal-gutter\">\n<div class=\"uncol style-light\">\n<div class=\"uncoltable\">\n<div class=\"uncell no-block-padding\">\n<div class=\"uncont\">\n<div class=\"uncode_text_column text-lead\">\n<div class=\"wpb_column pos-top pos-center align_left column_parent col-lg-6 single-internal-gutter\">\n<div class=\"uncol style-light\">\n<div class=\"uncoltable\">\n<div class=\"uncell no-block-padding\">\n<div class=\"uncont\">\n<div class=\"uncode_text_column text-lead\">\n<section class=\"product__description\">\n<div class=\"wrapper space--top-double space--bottom-double\">\n<div class=\"constrain constrain--medium\">\n<h3>Beschreibung<\/h3>\n<div class=\"product__description__text\">\n<p>Was macht das ultimative Gravelbike aus? Offensichtlich, dass es den Fahrer gl\u00fccklich macht. Die Antwort ist einfach. Aber sie stellt Entwicklungsabteilungen seit jeher vor eine gro\u00dfe Herausforderung. Besonders, wenn es um Carbon-Bikes geht. Die Herstellung ist komplex und erfordert teure Formwerkzeuge. Die Produktion lohnt sich nur in gro\u00dfen St\u00fcckzahlen. Dies schlie\u00dft jedoch eine individuelle Anpassung aus. Entweder das Bike passt oder nicht. Kompromisse geh\u00f6ren in der Regel zum Kauf eines Serienbikes dazu.<\/p>\n<p>Mit DEM SUPERFAST musst du keine Kompromisse eingehen. Es vereint die Vorteile von Serienproduktion und Custom-Fertigung. Ob als Rahmenset oder als Komplettrad.<\/p>\n<p>Unser innovatives Gravelbike \u00fcberzeugt nicht nur durch seine herausragende Qualit\u00e4t. Du kannst auch viele Details selbst anpassen. Das macht DAS SUPERFAST zum ultimativen Bike f\u00fcr dich.<\/p>\n<p>Im Herbst 2024 haben wir das einzigartige Projekt THE SUPERFAST ins Leben gerufen. Ziel war es, das ultimative Gravelbike made in Germany zu entwickeln. Das Bike sollte nicht hinter verschlossenen T\u00fcren entwickelt werden, sondern mit Input aus der Community. Durch Social-Media-Umfragen hatte jeder Interessierte die M\u00f6glichkeit, \u00fcber die wichtigen Eckpunkte abzustimmen. Dazu geh\u00f6rten grundlegende Fragen wie der Einsatzzweck, aber auch wichtige Details wie die Art der Kabelf\u00fchrung. Die Ergebnisse flossen direkt in den Entwicklungsprozess ein. Alles war v\u00f6llig transparent. Jeder Schritt bei der Entstehung des Bikes wurde auf Instagram und Facebook sowie im THE SUPERFAST Blog auf unserer Website ver\u00f6ffentlicht.<\/p>\n<h4>Der Rahmensatz<\/h4>\n<p>Die Community w\u00fcnschte sich ein Gravelbike in der Kategorie Race. Gro\u00dfartig, denn wir lieben schnelle Bikes. Die Herausforderung: Ein Racebike erfordert Eigenschaften, die sich scheinbar gegenseitig ausschlie\u00dfen. Minimales Gewicht und maximale Stabilit\u00e4t. Gute Steifigkeit und sp\u00fcrbarer Komfort. Um dieses Ziel zu erreichen, wurden Rahmen, Gabel und Cockpit als technische Einheit konzipiert. Die Komponenten sind perfekt aufeinander abgestimmt und verschmelzen auch optisch miteinander.<\/p>\n<p>Der Hauptrahmen wird in einem St\u00fcck gefertigt. Diese Bauweise wird One-Piece-Monocoque genannt. Alle Carbon-Prepregs verbinden sich beim Backen unter Druck optimal und verschmelzen zu einer hochfesten Einheit. Aufgrund seiner Komplexit\u00e4t wird dieses Herstellungsverfahren nur von wenigen Herstellern angewendet. Es unterscheidet sich stark von der in Gro\u00dfserienfabriken \u00fcblichen Rahmenproduktion, bei der einzeln gefertigte Segmente miteinander verklebt werden.<\/p>\n<p>Auch Gabel und Cockpit werden im One-Piece-Monocoque-Verfahren hergestellt. Das Rahmenset verf\u00fcgt \u00fcber eine vollintegrierte Kabelf\u00fchrung. Die Kabel verlaufen durch den Lenker in den Vorbau und von dort direkt in den Rahmen oder die Gabel.<\/p>\n<p>DAS SUPERFAST steht f\u00fcr funktionellen Leichtbau. Jede Komponente ist so leicht wie m\u00f6glich konzipiert. Der Fokus liegt auf der Funktion. Die Fertigungsqualit\u00e4t ist so hoch, dass keine Lackierung erforderlich ist. Das spart Gewicht und sorgt f\u00fcr den typischen matt schimmernden Carbon-Look. Die Flaschenhalterschrauben sind aus hohlgebohrtem Titan gefertigt und wiegen nur 1,06 Gramm pro St\u00fcck. All diese Details machen DAS SUPERFAST zu einem der leichtesten Gravelbikes der Welt. Der Rahmen ohne Staufach wiegt in Gr\u00f6\u00dfe M nur 789 Gramm und knackt damit die magische 800-Gramm-Marke. Das Komplettrad mit Top-of-the-Range-Komponenten wiegt nur 6,85 Kilogramm.<\/p>\n<h4>Viele Custom-Optionen<\/h4>\n<p>DAS SUPERFAST ist als Rahmenset und als Komplettrad erh\u00e4ltlich. Das ausgekl\u00fcgelte Baukastensystem erm\u00f6glicht es dir, das Bike an deine pers\u00f6nlichen Vorlieben anzupassen.<\/p>\n<p>&gt;&gt; Das Cockpit ist in allen Standardgr\u00f6\u00dfen erh\u00e4ltlich. Mit Drops f\u00fcr Rennen oder Gravel. DAS COCKPIT bietet auch eine exklusive Option. Es kann individuell angepasst werden. Du kannst alle Vorbaul\u00e4ngen, Lenkerbreiten und Drop-Varianten frei kombinieren. Dies garantiert eine perfekte Fahrposition. Unser Fertigungsprozess und innovative Produktionswerkzeuge machen dies m\u00f6glich.<\/p>\n<p>&gt;&gt; DAS SUPERFAST kann mit oder ohne Staufach bestellt werden. Das Staufach ist versiegelt und herausnehmbar. Der Verriegelungshebel befindet sich auf der Oberseite des Unterrohrs und kann ohne Werkzeug bedient werden. Das Staufach ist mit allen wichtigen Werkzeugen und einem Ersatzschlauch ausgestattet.<\/p>\n<p>&gt;&gt; Der Rahmen ist sowohl f\u00fcr Tretlager mit Gewinde (T47) als auch f\u00fcr Press-Fit-Lager erh\u00e4ltlich. Die hohe Fertigungsqualit\u00e4t und die perfekte Passform der Lager machen Press-Fit-Lager zur ersten Wahl. Laut einer Umfrage bevorzugen jedoch viele Gravelbiker ein Tretlager mit Gewinde. Deshalb sind beide Versionen erh\u00e4ltlich.<\/p>\n<p>&gt;&gt; Einfach-Kettenblatt oder Umwerfer? DAS SUPERFAST bietet mit einer voll einstellbaren Umwerferaufnahme beide Optionen. Jederzeit. Ohne technische oder optische Kompromisse.<br \/>\nJeder K\u00e4ufer von THE SUPERFAST erh\u00e4lt ein hochwertiges Buch, das die Geschichte des Bikes detailliert beschreibt. Das Buch hat 80 Seiten und enth\u00e4lt viele exklusive Fotos.<\/p>\n<\/div>\n<\/div>\n<\/div>\n<\/section>\n<div class=\"product__spacer bg--02\">\n<div class=\"wrapper\">\n<div class=\"constrain constrain--medium\">\n<div class=\"product__spacer__image\"><\/div>\n<\/div>\n<\/div>\n<\/div>\n<\/div>\n<\/div>\n<\/div>\n<\/div>\n<\/div>\n<\/div>\n<div class=\"wpb_column pos-top pos-center align_left column_parent col-lg-6 single-internal-gutter\">\n<div class=\"uncol style-light\">\n<div class=\"uncoltable\">\n<div class=\"uncell no-block-padding\">\n<div class=\"uncont\">\n<div class=\"uncode_text_column text-lead\"><\/div>\n<\/div>\n<\/div>\n<\/div>\n<\/div>\n<\/div>\n<p>&nbsp;<\/p>\n<\/div>\n<\/div>\n<\/div>\n<\/div>\n<\/div>\n<\/div>\n<div class=\"wpb_column pos-top pos-center align_left column_parent col-lg-6 single-internal-gutter\">\n<div class=\"uncol style-light\">\n<div class=\"uncoltable\">\n<div class=\"uncell no-block-padding\">\n<div class=\"uncont\">\n<div class=\"uncode_text_column text-lead\">\n<p data-is-only-node=\"\" data-is-last-node=\"\" data-end=\"1102\" data-start=\"962\">\n<\/div>\n<\/div>\n<\/div>\n<\/div>\n<\/div>\n<\/div>\n","protected":false},"featured_media":5736,"template":"","meta":{"_et_pb_use_builder":"on","_et_pb_old_content":"","_et_gb_content_width":"","om_disable_all_campaigns":false,"_monsterinsights_skip_tracking":false,"_monsterinsights_sitenote_active":false,"_monsterinsights_sitenote_note":"","_monsterinsights_sitenote_category":0},"pwb-brand":[],"product_brand":[],"product_cat":[631],"product_tag":[373],"class_list":{"0":"post-5792","1":"product","2":"type-product","3":"status-publish","4":"has-post-thumbnail","6":"product_cat-bike-ahead-composites","7":"product_tag-hamburg","8":"product_shipping_class-kleinteile","10":"first","11":"instock","12":"taxable","13":"shipping-taxable","14":"purchasable","15":"product-type-variable"},"aioseo_notices":[],"brands":[],"_links":{"self":[{"href":"https:\/\/gravel-bikes.cc\/de\/wp-json\/wp\/v2\/product\/5792","targetHints":{"allow":["GET"]}}],"collection":[{"href":"https:\/\/gravel-bikes.cc\/de\/wp-json\/wp\/v2\/product"}],"about":[{"href":"https:\/\/gravel-bikes.cc\/de\/wp-json\/wp\/v2\/types\/product"}],"wp:featuredmedia":[{"embeddable":true,"href":"https:\/\/gravel-bikes.cc\/de\/wp-json\/wp\/v2\/media\/5736"}],"wp:attachment":[{"href":"https:\/\/gravel-bikes.cc\/de\/wp-json\/wp\/v2\/media?parent=5792"}],"wp:term":[{"taxonomy":"pwb-brand","embeddable":true,"href":"https:\/\/gravel-bikes.cc\/de\/wp-json\/wp\/v2\/pwb-brand?post=5792"},{"taxonomy":"product_brand","embeddable":true,"href":"https:\/\/gravel-bikes.cc\/de\/wp-json\/wp\/v2\/product_brand?post=5792"},{"taxonomy":"product_cat","embeddable":true,"href":"https:\/\/gravel-bikes.cc\/de\/wp-json\/wp\/v2\/product_cat?post=5792"},{"taxonomy":"product_tag","embeddable":true,"href":"https:\/\/gravel-bikes.cc\/de\/wp-json\/wp\/v2\/product_tag?post=5792"}],"curies":[{"name":"wp","href":"https:\/\/api.w.org\/{rel}","templated":true}]}}