{"id":6751,"date":"2026-02-01T10:49:17","date_gmt":"2026-02-01T10:49:17","guid":{"rendered":"https:\/\/gravel-bikes.cc\/?post_type=product&#038;p=6751"},"modified":"2026-02-03T09:44:12","modified_gmt":"2026-02-03T09:44:12","slug":"shimano-ultegra-11-fach-verschleisset-copy","status":"publish","type":"product","link":"https:\/\/gravel-bikes.cc\/de\/produkt\/shimano-ultegra-11-fach-verschleisset-copy\/","title":{"rendered":"Shimano 105 11-fach Verschlei\u00dfteile"},"content":{"rendered":"<h2 class=\"product-detail-description__title\">Shimano 105 11-fach Verschlei\u00dfteil-Set &#8211; CS-R7000 Kassette + CN-HG601 Kette<\/h2>\n<div class=\"product-detail-description__content\">\n<div class=\"cms-content\">\n<h4>Frischen Sie Ihren Antriebsstrang auf!<\/h4>\n<p>Dieses Verschlei\u00dfteil-Set bietet Ihnen ein zuverl\u00e4ssiges Komplettpaket f\u00fcr den Austausch Ihrer Shimano 105 11-fach Kassette und Kette.<\/p>\n<h3>Shimano 105 CS-R7000 Kassette<\/h3>\n<p>Die <strong>Shimano CS-R7000<\/strong> Kassette bietet eine erweiterte Auswahl an leistungsorientierten Gangkombinationen. Diese haben kleine Gangstufen, um die Trittfrequenz und damit den Fahrrhythmus zu optimieren. <\/p>\n<p><span class=\"text-bold\">Hinweis: Die Kassette mit der 11-32 Abstufung ist nur mit Shimano Schaltwerken mit mittellangem oder langem K\u00e4fig kompatibel.<\/span><\/p>\n<h3><strong><span class=\"text-bold\">Shimano CN-HG601 11-fach Kette &#8211; mit Quick Link<\/span><\/strong><\/h3>\n<p>Shimano Kette f\u00fcr 11-fach Schaltsysteme. Mit SIL-TEC Beschichtung f\u00fcr minimale Reibungswerte und maximale Haltbarkeit unter allen Bedingungen. Inkl. SM-CN900 Quick Link Kettenschloss. 116 Glieder.    <\/p>\n<p>Lieferumfang: 1x Kassette, 1x Kette<\/p>\n<\/div>\n<\/div>\n","protected":false},"excerpt":{"rendered":"<p>Shimano 105 11-fach Verschlei\u00dfteil-Set &#8211; CS-R7000 Kassette + CN-HG601 Kette Frischen Sie Ihren Antriebsstrang auf! Dieses Verschlei\u00dfteil-Set bietet Ihnen ein zuverl\u00e4ssiges Komplettpaket f\u00fcr den Austausch Ihrer Shimano 105 11-fach Kassette und Kette. Shimano 105 CS-R7000 Kassette Die Shimano CS-R7000 Kassette bietet eine erweiterte Auswahl an leistungsorientierten Gangkombinationen. Diese haben kleine Gangstufen, um die Trittfrequenz und [&hellip;]<\/p>\n","protected":false},"featured_media":7059,"template":"","meta":{"_et_pb_use_builder":"","_et_pb_old_content":"","_et_gb_content_width":""},"pwb-brand":[],"product_brand":[],"product_cat":[573,384],"product_tag":[],"class_list":{"0":"post-6751","1":"product","2":"type-product","3":"status-publish","4":"has-post-thumbnail","6":"product_cat-ketten-kassetten","7":"product_cat-nicht-kategorisiert-2","9":"first","10":"instock","11":"taxable","12":"shipping-taxable","13":"product-type-variable"},"aioseo_notices":[],"brands":[],"_links":{"self":[{"href":"https:\/\/gravel-bikes.cc\/de\/wp-json\/wp\/v2\/product\/6751","targetHints":{"allow":["GET"]}}],"collection":[{"href":"https:\/\/gravel-bikes.cc\/de\/wp-json\/wp\/v2\/product"}],"about":[{"href":"https:\/\/gravel-bikes.cc\/de\/wp-json\/wp\/v2\/types\/product"}],"wp:featuredmedia":[{"embeddable":true,"href":"https:\/\/gravel-bikes.cc\/de\/wp-json\/wp\/v2\/media\/7059"}],"wp:attachment":[{"href":"https:\/\/gravel-bikes.cc\/de\/wp-json\/wp\/v2\/media?parent=6751"}],"wp:term":[{"taxonomy":"pwb-brand","embeddable":true,"href":"https:\/\/gravel-bikes.cc\/de\/wp-json\/wp\/v2\/pwb-brand?post=6751"},{"taxonomy":"product_brand","embeddable":true,"href":"https:\/\/gravel-bikes.cc\/de\/wp-json\/wp\/v2\/product_brand?post=6751"},{"taxonomy":"product_cat","embeddable":true,"href":"https:\/\/gravel-bikes.cc\/de\/wp-json\/wp\/v2\/product_cat?post=6751"},{"taxonomy":"product_tag","embeddable":true,"href":"https:\/\/gravel-bikes.cc\/de\/wp-json\/wp\/v2\/product_tag?post=6751"}],"curies":[{"name":"wp","href":"https:\/\/api.w.org\/{rel}","templated":true}]}}