{"id":6757,"date":"2026-02-01T10:49:42","date_gmt":"2026-02-01T10:49:42","guid":{"rendered":"https:\/\/gravel-bikes.cc\/?post_type=product&#038;p=6757"},"modified":"2026-02-03T09:40:00","modified_gmt":"2026-02-03T09:40:00","slug":"shimano-ultegra-11-fach-verschleisset-copy-copy","status":"publish","type":"product","link":"https:\/\/gravel-bikes.cc\/de\/produkt\/shimano-ultegra-11-fach-verschleisset-copy-copy\/","title":{"rendered":"Shimano Deore XT 11-fach Verschlei\u00df"},"content":{"rendered":"<h3>Shimano Deore XT CS-M8000 Kassette<\/h3>\n<p>Die neuen 2&#215;11- und 3&#215;11-fach-Antriebe der M8000-Serie erweitern die Bandbreite und sorgen f\u00fcr einen noch besseren Rhythmus in Kombination mit einer von XTR inspirierten 11-40Z-Kassette (CS-M8000) f\u00fcr eine optimierte Trittfrequenzkontrolle.<\/p>\n<p>Eine aufregende Erg\u00e4nzung f\u00fcr die DEORE XT M8000 ist eine 1&#215;11-fach-spezifische 11-42Z-Kassette (CS-M8000) mit HG-X11-spezifischem Zahnprofil, die die gr\u00f6\u00dfte Kassettenbandbreite bietet, die Shimano je produziert hat.<\/p>\n<p>&nbsp;<\/p>\n<h3>Shimano CN-HG701 Kette 11-fach &#8211; mit Quick Link<\/h3>\n<p>Shimano 11-fach Kette mit SIL-TEC Oberfl\u00e4che. Auch f\u00fcr E-Bikes geeignet. Inkl. SM-CN900 Quick Link. 126 Glieder.    <\/p>\n<p>Sil-Tec, eine fortschrittliche Oberfl\u00e4chenbeschichtungstechnologie zur Steigerung von Leistung und Haltbarkeit. Es f\u00fcgt eine reibungsarme Oberfl\u00e4chenbehandlung hinzu, die reibungsloser l\u00e4uft und l\u00e4nger h\u00e4lt. <\/p>\n","protected":false},"excerpt":{"rendered":"<p>Shimano Deore XT CS-M8000 Kassette Die neuen 2&#215;11- und 3&#215;11-fach-Antriebe der M8000-Serie erweitern die Bandbreite und sorgen f\u00fcr einen noch besseren Rhythmus in Kombination mit einer von XTR inspirierten 11-40Z-Kassette (CS-M8000) f\u00fcr eine optimierte Trittfrequenzkontrolle. Eine aufregende Erg\u00e4nzung f\u00fcr die DEORE XT M8000 ist eine 1&#215;11-fach-spezifische 11-42Z-Kassette (CS-M8000) mit HG-X11-spezifischem Zahnprofil, die die gr\u00f6\u00dfte Kassettenbandbreite [&hellip;]<\/p>\n","protected":false},"featured_media":7053,"template":"","meta":{"_et_pb_use_builder":"","_et_pb_old_content":"","_et_gb_content_width":""},"pwb-brand":[],"product_brand":[],"product_cat":[573,384],"product_tag":[],"class_list":{"0":"post-6757","1":"product","2":"type-product","3":"status-publish","4":"has-post-thumbnail","6":"product_cat-ketten-kassetten","7":"product_cat-nicht-kategorisiert-2","9":"first","10":"instock","11":"sale","12":"taxable","13":"shipping-taxable","14":"purchasable","15":"product-type-variable"},"aioseo_notices":[],"brands":[],"_links":{"self":[{"href":"https:\/\/gravel-bikes.cc\/de\/wp-json\/wp\/v2\/product\/6757","targetHints":{"allow":["GET"]}}],"collection":[{"href":"https:\/\/gravel-bikes.cc\/de\/wp-json\/wp\/v2\/product"}],"about":[{"href":"https:\/\/gravel-bikes.cc\/de\/wp-json\/wp\/v2\/types\/product"}],"wp:featuredmedia":[{"embeddable":true,"href":"https:\/\/gravel-bikes.cc\/de\/wp-json\/wp\/v2\/media\/7053"}],"wp:attachment":[{"href":"https:\/\/gravel-bikes.cc\/de\/wp-json\/wp\/v2\/media?parent=6757"}],"wp:term":[{"taxonomy":"pwb-brand","embeddable":true,"href":"https:\/\/gravel-bikes.cc\/de\/wp-json\/wp\/v2\/pwb-brand?post=6757"},{"taxonomy":"product_brand","embeddable":true,"href":"https:\/\/gravel-bikes.cc\/de\/wp-json\/wp\/v2\/product_brand?post=6757"},{"taxonomy":"product_cat","embeddable":true,"href":"https:\/\/gravel-bikes.cc\/de\/wp-json\/wp\/v2\/product_cat?post=6757"},{"taxonomy":"product_tag","embeddable":true,"href":"https:\/\/gravel-bikes.cc\/de\/wp-json\/wp\/v2\/product_tag?post=6757"}],"curies":[{"name":"wp","href":"https:\/\/api.w.org\/{rel}","templated":true}]}}