{"id":6885,"date":"2026-02-01T12:00:14","date_gmt":"2026-02-01T12:00:14","guid":{"rendered":"https:\/\/gravel-bikes.cc\/?post_type=product&#038;p=6885"},"modified":"2026-02-03T10:32:59","modified_gmt":"2026-02-03T10:32:59","slug":"fingerscrossed-armwarmer-schwarz-copy","status":"publish","type":"product","link":"https:\/\/gravel-bikes.cc\/de\/produkt\/fingerscrossed-armwarmer-schwarz-copy\/","title":{"rendered":"FINGERSCROSSED ARMSTULPEN BLAU"},"content":{"rendered":"<p>Die Armlinge aus dehnbarem Roubaix-Material sind die ideale Erg\u00e4nzung, um dein Sommer-Outfit l\u00e4nger zu nutzen oder dich auf wechselnde Wetterbedingungen vorzubereiten. Lasergeschnittene Abschl\u00fcsse, getapte N\u00e4hte und Silikon-Jersey-Gripper sorgen f\u00fcr eine ausgezeichnete und elegante Passform. <\/p>\n","protected":false},"excerpt":{"rendered":"<p>Die Armlinge aus dehnbarem Roubaix-Material sind die ideale Erg\u00e4nzung, um dein Sommer-Outfit l\u00e4nger zu nutzen oder dich auf wechselnde Wetterbedingungen vorzubereiten. Lasergeschnittene Abschl\u00fcsse, getapte N\u00e4hte und Silikon-Jersey-Gripper sorgen f\u00fcr eine ausgezeichnete und elegante Passform.<\/p>\n","protected":false},"featured_media":6892,"template":"","meta":{"_et_pb_use_builder":"","_et_pb_old_content":"","_et_gb_content_width":""},"pwb-brand":[],"product_brand":[],"product_cat":[289,505],"product_tag":[],"class_list":{"0":"post-6885","1":"product","2":"type-product","3":"status-publish","4":"has-post-thumbnail","6":"product_cat-bekleidung","7":"product_cat-fingerscrossed","9":"first","10":"instock","11":"sale","12":"taxable","13":"shipping-taxable","14":"purchasable","15":"product-type-variable"},"aioseo_notices":[],"brands":[],"_links":{"self":[{"href":"https:\/\/gravel-bikes.cc\/de\/wp-json\/wp\/v2\/product\/6885","targetHints":{"allow":["GET"]}}],"collection":[{"href":"https:\/\/gravel-bikes.cc\/de\/wp-json\/wp\/v2\/product"}],"about":[{"href":"https:\/\/gravel-bikes.cc\/de\/wp-json\/wp\/v2\/types\/product"}],"wp:featuredmedia":[{"embeddable":true,"href":"https:\/\/gravel-bikes.cc\/de\/wp-json\/wp\/v2\/media\/6892"}],"wp:attachment":[{"href":"https:\/\/gravel-bikes.cc\/de\/wp-json\/wp\/v2\/media?parent=6885"}],"wp:term":[{"taxonomy":"pwb-brand","embeddable":true,"href":"https:\/\/gravel-bikes.cc\/de\/wp-json\/wp\/v2\/pwb-brand?post=6885"},{"taxonomy":"product_brand","embeddable":true,"href":"https:\/\/gravel-bikes.cc\/de\/wp-json\/wp\/v2\/product_brand?post=6885"},{"taxonomy":"product_cat","embeddable":true,"href":"https:\/\/gravel-bikes.cc\/de\/wp-json\/wp\/v2\/product_cat?post=6885"},{"taxonomy":"product_tag","embeddable":true,"href":"https:\/\/gravel-bikes.cc\/de\/wp-json\/wp\/v2\/product_tag?post=6885"}],"curies":[{"name":"wp","href":"https:\/\/api.w.org\/{rel}","templated":true}]}}