{"id":6918,"date":"2026-02-01T12:08:33","date_gmt":"2026-02-01T12:08:33","guid":{"rendered":"https:\/\/gravel-bikes.cc\/?post_type=product&#038;p=6918"},"modified":"2026-02-03T10:25:50","modified_gmt":"2026-02-03T10:25:50","slug":"fingerscrossed-socks-classic-indigo-copy","status":"publish","type":"product","link":"https:\/\/gravel-bikes.cc\/de\/produkt\/fingerscrossed-socks-classic-indigo-copy\/","title":{"rendered":"FINGERSCROSSED SOCKS &#8211; Classic Celeste"},"content":{"rendered":"<p>Die Socke, mit der alles begann. Unser Stra\u00dfenmodell wurde \u00fcber Jahre erprobt und getestet und ist heute die Basis f\u00fcr die meisten unserer saisonalen Styles sowie f\u00fcr Klassiker wie die Classics Collection. PROLEN-Garn bietet die bestm\u00f6gliche Leistung in Kombination mit einer bequemen Passform, die auch nach stundenlangem Tragen an Ort und Stelle bleibt. Ferse und Zehen sind dreifach verst\u00e4rkt, um Komfort und lange Haltbarkeit zu gew\u00e4hrleisten. Der Fu\u00dfbereich ist aus einem leichten Mesh gefertigt, um Atmungsaktivit\u00e4t zu gew\u00e4hrleisten.    <\/p>\n","protected":false},"excerpt":{"rendered":"<p>Die Socke, mit der alles begann. Unser Stra\u00dfenmodell wurde \u00fcber Jahre erprobt und getestet und ist heute die Basis f\u00fcr die meisten unserer saisonalen Styles sowie f\u00fcr Klassiker wie die Classics Collection. PROLEN-Garn bietet die bestm\u00f6gliche Leistung in Kombination mit einer bequemen Passform, die auch nach stundenlangem Tragen an Ort und Stelle bleibt. Ferse und [&hellip;]<\/p>\n","protected":false},"featured_media":7099,"template":"","meta":{"_et_pb_use_builder":"","_et_pb_old_content":"","_et_gb_content_width":""},"pwb-brand":[],"product_brand":[],"product_cat":[289,505],"product_tag":[],"class_list":{"0":"post-6918","1":"product","2":"type-product","3":"status-publish","4":"has-post-thumbnail","6":"product_cat-bekleidung","7":"product_cat-fingerscrossed","9":"first","10":"instock","11":"taxable","12":"shipping-taxable","13":"purchasable","14":"product-type-variable"},"aioseo_notices":[],"brands":[],"_links":{"self":[{"href":"https:\/\/gravel-bikes.cc\/de\/wp-json\/wp\/v2\/product\/6918","targetHints":{"allow":["GET"]}}],"collection":[{"href":"https:\/\/gravel-bikes.cc\/de\/wp-json\/wp\/v2\/product"}],"about":[{"href":"https:\/\/gravel-bikes.cc\/de\/wp-json\/wp\/v2\/types\/product"}],"wp:featuredmedia":[{"embeddable":true,"href":"https:\/\/gravel-bikes.cc\/de\/wp-json\/wp\/v2\/media\/7099"}],"wp:attachment":[{"href":"https:\/\/gravel-bikes.cc\/de\/wp-json\/wp\/v2\/media?parent=6918"}],"wp:term":[{"taxonomy":"pwb-brand","embeddable":true,"href":"https:\/\/gravel-bikes.cc\/de\/wp-json\/wp\/v2\/pwb-brand?post=6918"},{"taxonomy":"product_brand","embeddable":true,"href":"https:\/\/gravel-bikes.cc\/de\/wp-json\/wp\/v2\/product_brand?post=6918"},{"taxonomy":"product_cat","embeddable":true,"href":"https:\/\/gravel-bikes.cc\/de\/wp-json\/wp\/v2\/product_cat?post=6918"},{"taxonomy":"product_tag","embeddable":true,"href":"https:\/\/gravel-bikes.cc\/de\/wp-json\/wp\/v2\/product_tag?post=6918"}],"curies":[{"name":"wp","href":"https:\/\/api.w.org\/{rel}","templated":true}]}}