{"id":7063,"date":"2026-02-03T09:47:30","date_gmt":"2026-02-03T09:47:30","guid":{"rendered":"https:\/\/gravel-bikes.cc\/?post_type=product&#038;p=7063"},"modified":"2026-02-03T09:52:35","modified_gmt":"2026-02-03T09:52:35","slug":"shimano-ultegra-11-fach-verschleisset-copy-2","status":"publish","type":"product","link":"https:\/\/gravel-bikes.cc\/de\/produkt\/shimano-ultegra-11-fach-verschleisset-copy-2\/","title":{"rendered":"SRAM RIVAL 12-fach Verschlei\u00df"},"content":{"rendered":"<h2 class=\"product-detail-description__title\">SRAM RIVAL Verschlei\u00dfset &#8211; XG-1250 Kassette + Kette | 12-fach | E1<\/h2>\n<div class=\"product-detail-description__content\">\n<div class=\"cms-content\">\n<p>Verschlei\u00dfset mit XG-1250 Kassette und Flattop-Kette.<\/p>\n<p>Die erstklassige SRAM X-Range-Abstufung, die enge Abstufungen zwischen den Kettenbl\u00e4ttern und eine breit gef\u00e4cherte 12-fach-Kassette mit 10 Z\u00e4hnen nutzt, ist jetzt auch f\u00fcr Rival verf\u00fcgbar. Dazu geh\u00f6ren neue Kassetten, die sanfte, pr\u00e4zise Schaltvorg\u00e4nge in Bereichen erm\u00f6glichen, die Stra\u00dfe, Schotter und alles dazwischen abdecken. <\/p>\n<p>Die <strong>FULL PIN\u2122<\/strong>-Technologie verwendet elf leichte, gestanzte Ritzel, die mit 123 hochfesten Edelstahlstiften zusammengehalten werden. Das Ergebnis: eine Kassette, die leicht, langlebig und mit der superweiten Gangbandbreite von SRAM ausgestattet ist, die perfekt f\u00fcr jede Fahrt geeignet ist. Das offene Design, \u00e4hnlich unserer X-DOME-Kassette, unterst\u00fctzt die Schlammabweisung und sorgt f\u00fcr eine sauberere Schaltleistung und eine l\u00e4ngere Lebensdauer der Komponenten.  <\/p>\n<p><strong>F\u00fcr XDR-Freilaufk\u00f6rper.<\/strong><\/p>\n<p><strong>\u00dcbersetzung:<\/strong><\/p>\n<p>10-30 Z &#8211; 10,11,12,13,14,15,17,19,21,24,27,30<\/p>\n<p>10-36 Z &#8211; 10,11,12,13,15,17,19,21,24,28,32,36<\/p>\n<p>SRAM hat seine st\u00e4rkste Rival-Kette genommen und sie leichter gemacht. Aussparungen an den \u00e4u\u00dferen Gliedern der Flattop-Kette reduzieren das Gewicht, w\u00e4hrend die Hartchrom-Oberfl\u00e4che die Haltbarkeit beim Schalten erh\u00f6ht. Diese Kette ist bereit, die Distanz zu \u00fcberwinden.  <\/p>\n<p>Die Flattop-Technologie erm\u00f6glicht eine schmalere Kette mit leiserem Betrieb und erh\u00f6hter Festigkeit und Haltbarkeit. Kompatibel mit 12-fach Rennrad- und 13-fach XPLR AXS Gravel-Gruppen. Inklusive Flattop PowerLock.  <\/p>\n<\/div>\n<\/div>\n","protected":false},"excerpt":{"rendered":"<p>SRAM RIVAL Verschlei\u00dfset &#8211; XG-1250 Kassette + Kette | 12-fach | E1 Verschlei\u00dfset mit XG-1250 Kassette und Flattop-Kette. Die erstklassige SRAM X-Range-Abstufung, die enge Abstufungen zwischen den Kettenbl\u00e4ttern und eine breit gef\u00e4cherte 12-fach-Kassette mit 10 Z\u00e4hnen nutzt, ist jetzt auch f\u00fcr Rival verf\u00fcgbar. Dazu geh\u00f6ren neue Kassetten, die sanfte, pr\u00e4zise Schaltvorg\u00e4nge in Bereichen erm\u00f6glichen, die [&hellip;]<\/p>\n","protected":false},"featured_media":7070,"template":"","meta":{"_et_pb_use_builder":"","_et_pb_old_content":"","_et_gb_content_width":"","om_disable_all_campaigns":false,"_monsterinsights_skip_tracking":false,"_monsterinsights_sitenote_active":false,"_monsterinsights_sitenote_note":"","_monsterinsights_sitenote_category":0},"pwb-brand":[],"product_brand":[],"product_cat":[573,384],"product_tag":[],"class_list":{"0":"post-7063","1":"product","2":"type-product","3":"status-publish","4":"has-post-thumbnail","6":"product_cat-ketten-kassetten","7":"product_cat-nicht-kategorisiert-2","9":"first","10":"instock","11":"sale","12":"taxable","13":"shipping-taxable","14":"purchasable","15":"product-type-variable"},"aioseo_notices":[],"brands":[],"_links":{"self":[{"href":"https:\/\/gravel-bikes.cc\/de\/wp-json\/wp\/v2\/product\/7063","targetHints":{"allow":["GET"]}}],"collection":[{"href":"https:\/\/gravel-bikes.cc\/de\/wp-json\/wp\/v2\/product"}],"about":[{"href":"https:\/\/gravel-bikes.cc\/de\/wp-json\/wp\/v2\/types\/product"}],"wp:featuredmedia":[{"embeddable":true,"href":"https:\/\/gravel-bikes.cc\/de\/wp-json\/wp\/v2\/media\/7070"}],"wp:attachment":[{"href":"https:\/\/gravel-bikes.cc\/de\/wp-json\/wp\/v2\/media?parent=7063"}],"wp:term":[{"taxonomy":"pwb-brand","embeddable":true,"href":"https:\/\/gravel-bikes.cc\/de\/wp-json\/wp\/v2\/pwb-brand?post=7063"},{"taxonomy":"product_brand","embeddable":true,"href":"https:\/\/gravel-bikes.cc\/de\/wp-json\/wp\/v2\/product_brand?post=7063"},{"taxonomy":"product_cat","embeddable":true,"href":"https:\/\/gravel-bikes.cc\/de\/wp-json\/wp\/v2\/product_cat?post=7063"},{"taxonomy":"product_tag","embeddable":true,"href":"https:\/\/gravel-bikes.cc\/de\/wp-json\/wp\/v2\/product_tag?post=7063"}],"curies":[{"name":"wp","href":"https:\/\/api.w.org\/{rel}","templated":true}]}}