{"id":7076,"date":"2026-02-03T09:54:28","date_gmt":"2026-02-03T09:54:28","guid":{"rendered":"https:\/\/gravel-bikes.cc\/?post_type=product&#038;p=7076"},"modified":"2026-02-03T10:02:15","modified_gmt":"2026-02-03T10:02:15","slug":"sram-rival-12-fach-verschleis-copy","status":"publish","type":"product","link":"https:\/\/gravel-bikes.cc\/de\/produkt\/sram-rival-12-fach-verschleis-copy\/","title":{"rendered":"SRAM Force 12-fach Verschlei\u00df"},"content":{"rendered":"<h2 class=\"product-detail-description__title\">SRAM FORCE Verschlei\u00dfset &#8211; XG-1270 Kassette + Kette | 12-fach | E1<\/h2>\n<div class=\"product-detail-description__content\">\n<div class=\"cms-content\">\n<p>Verschlei\u00dfset mit XG-1270 Kassette und Flattop-Kette.<\/p>\n<p>Egal welche Ambitionen oder Fahrstile du hast, SRAM Force deckt dich ab. Passe deinen Antrieb mit 12 G\u00e4ngen in einem Bereich von 10-28Z, 10-30Z, 10-33Z oder 10-36Z an deine Bed\u00fcrfnisse an. Kombiniere es mit einem beliebigen SRAM-Kettenblatt f\u00fcr deine ideale \u00dcbersetzungs-Konfiguration.  <\/p>\n<p><strong>X-Range<\/strong>-\u00dcbersetzung bietet dir mehr Bandbreite und eine sanftere Gangabstufung, sodass du immer im richtigen Gang bist.<\/p>\n<p>Matte Nickel-Chrom-Beschichtung f\u00fcr Laufruhe und Haltbarkeit.<\/p>\n<p>FULL PIN-Konstruktion f\u00fcr Haltbarkeit und geringes Gewicht.<\/p>\n<p>Entwickelt f\u00fcr die Verwendung mit einem XDR-Freilaufk\u00f6rper.<\/p>\n<p>Geeignet f\u00fcr 1&#215;12- oder 2&#215;12-fach-Antriebe und Road Flattop D1-, Road Flattop E1-Ketten.<\/p>\n<p><strong>Abstufung:<\/strong><br \/>\n10-28 Z\u00e4hne &#8211; 10, 11, 12, 13, 14, 15, 16, 17, 19, 21, 24, 28<\/p>\n<p>10-30 Z &#8211; 10,11,12,13,14,15,17,19,21,24,27,30<\/p>\n<p>10-33 Z\u00e4hne &#8211; 10, 11, 12, 13, 14, 15, 17, 19, 21, 24, 28, 33<\/p>\n<p>10-36 Z &#8211; 10,11,12,13,15,17,19,21,24,28,32,36<\/p>\n<\/div>\n<\/div>\n","protected":false},"excerpt":{"rendered":"<p>SRAM FORCE Verschlei\u00dfset &#8211; XG-1270 Kassette + Kette | 12-fach | E1 Verschlei\u00dfset mit XG-1270 Kassette und Flattop-Kette. Egal welche Ambitionen oder Fahrstile du hast, SRAM Force deckt dich ab. Passe deinen Antrieb mit 12 G\u00e4ngen in einem Bereich von 10-28Z, 10-30Z, 10-33Z oder 10-36Z an deine Bed\u00fcrfnisse an. Kombiniere es mit einem beliebigen SRAM-Kettenblatt [&hellip;]<\/p>\n","protected":false},"featured_media":7083,"template":"","meta":{"_et_pb_use_builder":"","_et_pb_old_content":"","_et_gb_content_width":""},"pwb-brand":[],"product_brand":[],"product_cat":[573,384],"product_tag":[],"class_list":{"0":"post-7076","1":"product","2":"type-product","3":"status-publish","4":"has-post-thumbnail","6":"product_cat-ketten-kassetten","7":"product_cat-nicht-kategorisiert-2","9":"first","10":"instock","11":"sale","12":"taxable","13":"shipping-taxable","14":"purchasable","15":"product-type-variable"},"aioseo_notices":[],"brands":[],"_links":{"self":[{"href":"https:\/\/gravel-bikes.cc\/de\/wp-json\/wp\/v2\/product\/7076","targetHints":{"allow":["GET"]}}],"collection":[{"href":"https:\/\/gravel-bikes.cc\/de\/wp-json\/wp\/v2\/product"}],"about":[{"href":"https:\/\/gravel-bikes.cc\/de\/wp-json\/wp\/v2\/types\/product"}],"wp:featuredmedia":[{"embeddable":true,"href":"https:\/\/gravel-bikes.cc\/de\/wp-json\/wp\/v2\/media\/7083"}],"wp:attachment":[{"href":"https:\/\/gravel-bikes.cc\/de\/wp-json\/wp\/v2\/media?parent=7076"}],"wp:term":[{"taxonomy":"pwb-brand","embeddable":true,"href":"https:\/\/gravel-bikes.cc\/de\/wp-json\/wp\/v2\/pwb-brand?post=7076"},{"taxonomy":"product_brand","embeddable":true,"href":"https:\/\/gravel-bikes.cc\/de\/wp-json\/wp\/v2\/product_brand?post=7076"},{"taxonomy":"product_cat","embeddable":true,"href":"https:\/\/gravel-bikes.cc\/de\/wp-json\/wp\/v2\/product_cat?post=7076"},{"taxonomy":"product_tag","embeddable":true,"href":"https:\/\/gravel-bikes.cc\/de\/wp-json\/wp\/v2\/product_tag?post=7076"}],"curies":[{"name":"wp","href":"https:\/\/api.w.org\/{rel}","templated":true}]}}