{"id":7087,"date":"2026-02-03T10:10:29","date_gmt":"2026-02-03T10:10:29","guid":{"rendered":"https:\/\/gravel-bikes.cc\/produkt\/quarq-axs-dzero-dub-powermeter-spider-nicht-hidden-bolt-110-bcd-kompakt\/"},"modified":"2026-02-03T10:11:21","modified_gmt":"2026-02-03T10:11:21","slug":"quarq-axs-dzero-dub-powermeter-spider-nicht-hidden-bolt-110-bcd-kompakt","status":"publish","type":"product","link":"https:\/\/gravel-bikes.cc\/de\/produkt\/quarq-axs-dzero-dub-powermeter-spider-nicht-hidden-bolt-110-bcd-kompakt\/","title":{"rendered":"QUARQ AXS DZero DUB Powermeter Spider \u2013 Nicht-Hidden Bolt \u2013 110 BCD \u2013 Kompakt"},"content":{"rendered":"<h2 class=\"product-detail-description__title\">QUARQ AXS DZero DUB Powermeter Spider \u2013 Nicht-Hidden Bolt \u2013 110 BCD \u2013 Kompakt<\/h2>\n<div class=\"product-detail-description__content\">\n<div class=\"cms-content\">\n<h3>Quarq DZero \u2013 10 Jahre Innovation<\/h3>\n<p>DZero ist die Plattform der n\u00e4chsten Generation f\u00fcr Powermeter \u2013 vollgepackt mit 10 Jahren technischer Innovationen sowie neuen Funktionen wie MagicZero\u2122-Kalibrierung und Dual-Bluetooth Low Energy, einer vereinfachten Produktlinie und \u00fcberarbeiteter Schaltung. DZero Powermeter behalten weiterhin die kompromisslosen Prinzipien von Quarq bei \u2013 Metriken, die wichtig sind, l\u00f6sen reale Probleme, sind einfach zu bedienen und verbessern deine Leistung. <\/p>\n<p>Als Quarq sich daran machte, das Quarq Powermeter der n\u00e4chsten Generation zu bauen, wollten sie das leistungsst\u00e4rkste Powermeter f\u00fcr jede Facette des Radfahrens und f\u00fcr Fahrer jeden Niveaus bauen. Wie seine Quarq-Br\u00fcder misst das neue DZero die Leistung im Herzen des Fahrrads \u2013 dem Kurbelgarnitur-Spider, der wissenschaftlich erwiesen der Ort f\u00fcr die genaueste Messung ist. <\/p>\n<h3>Funktionen und technische Details des Powermeters<\/h3>\n<ul>\n<li>10K Temperaturkompensation<\/li>\n<li>MagicZero\u2122 \u2013 automatische Kalibrierung<\/li>\n<li>AxCad-Beschleunigungsmesser zur Trittfrequenzmessung (kein Magnet erforderlich)<\/li>\n<li>OmniCal \u2013 Kettenbl\u00e4tter austauschen, ohne die Genauigkeit zu beeintr\u00e4chtigen<\/li>\n<li>Genauigkeit: innerhalb von 1,5 %, Messung auf beiden Seiten<\/li>\n<li>Bluetooth Low Energy-Technologie und ANT+ drahtlose Daten\u00fcbertragung<\/li>\n<li>Batterie: CR2032, 200 Stunden Batterielebensdauer, Wechsel ohne Werkzeug<\/li>\n<li>IPX7 Wasserdichtigkeit<\/li>\n<\/ul>\n<p>DZero Powermeter Spider sind mit den 5-Loch-Kettenbl\u00e4ttern der meisten Hersteller kompatibel.<br \/>\n<span class=\"text-bold\">Nicht-Hidden Bolt Version mit 110 mm Lochkreisdurchmesser.<\/span><\/p>\n<h3>Technologien des Quarq AXS DZero DUB Spider<\/h3>\n<h4>MagicZero\u2122<\/h4>\n<p>Automatische Kalibrierung w\u00e4hrend der Fahrt. Kein R\u00fcckw\u00e4rtstreten oder manuelles Kalibrieren \u00fcber deine Headunit erforderlich. <\/p>\n<h4>10K Temperaturkompensation<\/h4>\n<p>Eliminiert Variablen, die durch Hitze und K\u00e4lte verursacht werden, um eine unersch\u00fctterliche Aufzeichnung deiner Leistung unter allen Bedingungen zu gew\u00e4hrleisten.<\/p>\n<h4>Auf Langlebigkeit ausgelegt<\/h4>\n<p>Eine IPX7-Wasserdichtigkeit, eine leicht austauschbare CR2032-Batterie, eine 2-Jahres-Garantie, kostenlose Firmware-Updates und ein viel gelobter weltweiter Support.<\/p>\n<h4>Einfach zu bedienen (und wiederzuverwenden)<\/h4>\n<p>Manuelle und automatische Nullstellung machen Quarq Powermeter wirklich einstellbar und vergessen. Die Kettenbl\u00e4tter sind austauschbar, falls sich dein Fahrrad, deine Disziplin oder deine F\u00e4higkeiten \u00e4ndern sollten. <\/p>\n<\/div>\n<\/div>\n","protected":false},"excerpt":{"rendered":"<p>QUARQ AXS DZero DUB Powermeter Spider \u2013 Nicht-Hidden Bolt \u2013 110 BCD \u2013 Kompakt Quarq DZero \u2013 10 Jahre Innovation DZero ist die Plattform der n\u00e4chsten Generation f\u00fcr Powermeter \u2013 vollgepackt mit 10 Jahren technischer Innovationen sowie neuen Funktionen wie MagicZero\u2122-Kalibrierung und Dual-Bluetooth Low Energy, einer vereinfachten Produktlinie und \u00fcberarbeiteter Schaltung. DZero Powermeter behalten weiterhin [&hellip;]<\/p>\n","protected":false},"featured_media":7088,"template":"","meta":{"_et_pb_use_builder":"","_et_pb_old_content":"","_et_gb_content_width":""},"pwb-brand":[],"product_brand":[],"product_cat":[657],"product_tag":[],"class_list":{"0":"post-7087","1":"product","2":"type-product","3":"status-publish","4":"has-post-thumbnail","6":"product_cat-leistungsmesser","7":"product_shipping_class-kleinteile","9":"first","10":"instock","11":"sale","12":"taxable","13":"shipping-taxable","14":"purchasable","15":"product-type-simple"},"aioseo_notices":[],"brands":[],"_links":{"self":[{"href":"https:\/\/gravel-bikes.cc\/de\/wp-json\/wp\/v2\/product\/7087","targetHints":{"allow":["GET"]}}],"collection":[{"href":"https:\/\/gravel-bikes.cc\/de\/wp-json\/wp\/v2\/product"}],"about":[{"href":"https:\/\/gravel-bikes.cc\/de\/wp-json\/wp\/v2\/types\/product"}],"wp:featuredmedia":[{"embeddable":true,"href":"https:\/\/gravel-bikes.cc\/de\/wp-json\/wp\/v2\/media\/7088"}],"wp:attachment":[{"href":"https:\/\/gravel-bikes.cc\/de\/wp-json\/wp\/v2\/media?parent=7087"}],"wp:term":[{"taxonomy":"pwb-brand","embeddable":true,"href":"https:\/\/gravel-bikes.cc\/de\/wp-json\/wp\/v2\/pwb-brand?post=7087"},{"taxonomy":"product_brand","embeddable":true,"href":"https:\/\/gravel-bikes.cc\/de\/wp-json\/wp\/v2\/product_brand?post=7087"},{"taxonomy":"product_cat","embeddable":true,"href":"https:\/\/gravel-bikes.cc\/de\/wp-json\/wp\/v2\/product_cat?post=7087"},{"taxonomy":"product_tag","embeddable":true,"href":"https:\/\/gravel-bikes.cc\/de\/wp-json\/wp\/v2\/product_tag?post=7087"}],"curies":[{"name":"wp","href":"https:\/\/api.w.org\/{rel}","templated":true}]}}