{"id":7136,"date":"2026-02-03T11:18:11","date_gmt":"2026-02-03T11:18:11","guid":{"rendered":"https:\/\/gravel-bikes.cc\/produkt\/kmc-x-11-kette\/"},"modified":"2026-02-03T11:18:11","modified_gmt":"2026-02-03T11:18:11","slug":"kmc-x-11-kette","status":"publish","type":"product","link":"https:\/\/gravel-bikes.cc\/de\/produkt\/kmc-x-11-kette\/","title":{"rendered":"KMC X 11 Kette"},"content":{"rendered":"<ul>\n<li>Kompatibel mit allen 11-fach Schaltungen<\/li>\n<li>MissingLink inklusive<\/li>\n<li>Perfektes Schalten dank Double X-Bridge (abgeschr\u00e4gte Laschen)<\/li>\n<\/ul>\n<ul>\n<li><strong>Gr\u00f6\u00dfe:<\/strong> 1\/2&#8243; X 11\/128&#8243;<\/li>\n<li><strong>Farbe:<\/strong> Vernickelt Silber\/Schwarz<\/li>\n<li><strong>Bolzenl\u00e4nge:<\/strong> 5,65 mm<\/li>\n<li><strong>L\u00e4nge:<\/strong> 114 Glieder<\/li>\n<\/ul>\n","protected":false},"excerpt":{"rendered":"<p>Kompatibel mit allen 11-fach Schaltungen MissingLink inklusive Perfektes Schalten dank Double X-Bridge (abgeschr\u00e4gte Laschen) Gr\u00f6\u00dfe: 1\/2&#8243; X 11\/128&#8243; Farbe: Vernickelt Silber\/Schwarz Bolzenl\u00e4nge: 5,65 mm L\u00e4nge: 114 Glieder<\/p>\n","protected":false},"featured_media":7137,"template":"","meta":{"_et_pb_use_builder":"","_et_pb_old_content":"","_et_gb_content_width":"","om_disable_all_campaigns":false,"_monsterinsights_skip_tracking":false,"_monsterinsights_sitenote_active":false,"_monsterinsights_sitenote_note":"","_monsterinsights_sitenote_category":0},"pwb-brand":[],"product_brand":[],"product_cat":[384],"product_tag":[],"class_list":{"0":"post-7136","1":"product","2":"type-product","3":"status-publish","4":"has-post-thumbnail","6":"product_cat-nicht-kategorisiert-2","8":"first","9":"instock","10":"taxable","11":"shipping-taxable","12":"product-type-simple"},"aioseo_notices":[],"brands":[],"_links":{"self":[{"href":"https:\/\/gravel-bikes.cc\/de\/wp-json\/wp\/v2\/product\/7136","targetHints":{"allow":["GET"]}}],"collection":[{"href":"https:\/\/gravel-bikes.cc\/de\/wp-json\/wp\/v2\/product"}],"about":[{"href":"https:\/\/gravel-bikes.cc\/de\/wp-json\/wp\/v2\/types\/product"}],"wp:featuredmedia":[{"embeddable":true,"href":"https:\/\/gravel-bikes.cc\/de\/wp-json\/wp\/v2\/media\/7137"}],"wp:attachment":[{"href":"https:\/\/gravel-bikes.cc\/de\/wp-json\/wp\/v2\/media?parent=7136"}],"wp:term":[{"taxonomy":"pwb-brand","embeddable":true,"href":"https:\/\/gravel-bikes.cc\/de\/wp-json\/wp\/v2\/pwb-brand?post=7136"},{"taxonomy":"product_brand","embeddable":true,"href":"https:\/\/gravel-bikes.cc\/de\/wp-json\/wp\/v2\/product_brand?post=7136"},{"taxonomy":"product_cat","embeddable":true,"href":"https:\/\/gravel-bikes.cc\/de\/wp-json\/wp\/v2\/product_cat?post=7136"},{"taxonomy":"product_tag","embeddable":true,"href":"https:\/\/gravel-bikes.cc\/de\/wp-json\/wp\/v2\/product_tag?post=7136"}],"curies":[{"name":"wp","href":"https:\/\/api.w.org\/{rel}","templated":true}]}}