{"id":7157,"date":"2026-02-04T08:22:43","date_gmt":"2026-02-04T08:22:43","guid":{"rendered":"https:\/\/gravel-bikes.cc\/produkt\/sq-lab-sattel-ergowave-2-2\/"},"modified":"2026-02-04T08:22:43","modified_gmt":"2026-02-04T08:22:43","slug":"sq-lab-sattel-ergowave-2-2","status":"publish","type":"product","link":"https:\/\/gravel-bikes.cc\/de\/produkt\/sq-lab-sattel-ergowave-2-2\/","title":{"rendered":"SQ LAB Sattel ERGOWAVE 2.2"},"content":{"rendered":"","protected":false},"excerpt":{"rendered":"<h3>Bew\u00e4hrte ERGOWAVE\u00ae\u2011Form<\/h3>\n<p>Die abgestufte ERGOWAVE\u00ae\u2011Form f\u00fchrt die Sitzknochen in eine klar definierte Auflagefl\u00e4che und stabilisiert das Becken unter Belastung. So werden sensible Bereiche entlastet und eine stabile Basis f\u00fcr eine effiziente Kraft\u00fcbertragung geschaffen. <\/p>\n","protected":false},"featured_media":7146,"template":"","meta":{"_et_pb_use_builder":"","_et_pb_old_content":"","_et_gb_content_width":"","om_disable_all_campaigns":false,"_monsterinsights_skip_tracking":false,"_monsterinsights_sitenote_active":false,"_monsterinsights_sitenote_note":"","_monsterinsights_sitenote_category":0},"pwb-brand":[],"product_brand":[685],"product_cat":[384,536],"product_tag":[],"class_list":{"0":"post-7157","1":"product","2":"type-product","3":"status-publish","4":"has-post-thumbnail","6":"product_brand-sqlab","7":"product_cat-nicht-kategorisiert-2","8":"product_cat-sattel","10":"first","11":"instock","12":"taxable","13":"shipping-taxable","14":"purchasable","15":"product-type-variable"},"aioseo_notices":[],"brands":[],"_links":{"self":[{"href":"https:\/\/gravel-bikes.cc\/de\/wp-json\/wp\/v2\/product\/7157","targetHints":{"allow":["GET"]}}],"collection":[{"href":"https:\/\/gravel-bikes.cc\/de\/wp-json\/wp\/v2\/product"}],"about":[{"href":"https:\/\/gravel-bikes.cc\/de\/wp-json\/wp\/v2\/types\/product"}],"wp:featuredmedia":[{"embeddable":true,"href":"https:\/\/gravel-bikes.cc\/de\/wp-json\/wp\/v2\/media\/7146"}],"wp:attachment":[{"href":"https:\/\/gravel-bikes.cc\/de\/wp-json\/wp\/v2\/media?parent=7157"}],"wp:term":[{"taxonomy":"pwb-brand","embeddable":true,"href":"https:\/\/gravel-bikes.cc\/de\/wp-json\/wp\/v2\/pwb-brand?post=7157"},{"taxonomy":"product_brand","embeddable":true,"href":"https:\/\/gravel-bikes.cc\/de\/wp-json\/wp\/v2\/product_brand?post=7157"},{"taxonomy":"product_cat","embeddable":true,"href":"https:\/\/gravel-bikes.cc\/de\/wp-json\/wp\/v2\/product_cat?post=7157"},{"taxonomy":"product_tag","embeddable":true,"href":"https:\/\/gravel-bikes.cc\/de\/wp-json\/wp\/v2\/product_tag?post=7157"}],"curies":[{"name":"wp","href":"https:\/\/api.w.org\/{rel}","templated":true}]}}