{"id":7179,"date":"2026-02-04T08:27:09","date_gmt":"2026-02-04T08:27:09","guid":{"rendered":"https:\/\/gravel-bikes.cc\/produkt\/sq-lab-sattel-ergowave-2-2-carbon-2\/"},"modified":"2026-02-04T08:27:09","modified_gmt":"2026-02-04T08:27:09","slug":"sq-lab-sattel-ergowave-2-2-carbon-2","status":"publish","type":"product","link":"https:\/\/gravel-bikes.cc\/de\/produkt\/sq-lab-sattel-ergowave-2-2-carbon-2\/","title":{"rendered":"SQ LAB Sattel ERGOWAVE 2.2 Carbon"},"content":{"rendered":"","protected":false},"excerpt":{"rendered":"<div class=\"content-section__headline-container\">\n<h3 class=\"content-section__headline\">Leichtgewicht trifft Performance<\/h3>\n<\/div>\n<div class=\"content-section__inner--space content-section__inner\">\n<div class=\"richtext storyblok__outline\" data-blok-c=\"undefined\" data-blok-uid=\"undefined\">\n<div class=\"richtext__text-container\">\n<p>Der 612\u202fERGOWAVE\u00ae Carbon ist der ultimative Sattel f\u00fcr Rennrad- und MTB-Racer, die keine Kompromisse eingehen. Mit nur 147\u202fg vereint er konsequente Gewichtsoptimierung mit ergonomischer Pr\u00e4zision. Seine wellenf\u00f6rmige Sattelform und das hochgezogene Heck sorgen f\u00fcr eine perfekte Druckverteilung und sicheren Halt \u2013 f\u00fcr direkte Kraft\u00fcbertragung und maximale Performance, selbst \u00fcber lange Distanzen.  <\/p>\n<\/div>\n<\/div>\n<\/div>\n","protected":false},"featured_media":7154,"template":"","meta":{"_et_pb_use_builder":"","_et_pb_old_content":"","_et_gb_content_width":"","om_disable_all_campaigns":false,"_monsterinsights_skip_tracking":false,"_monsterinsights_sitenote_active":false,"_monsterinsights_sitenote_note":"","_monsterinsights_sitenote_category":0},"pwb-brand":[],"product_brand":[685],"product_cat":[384,536],"product_tag":[],"class_list":{"0":"post-7179","1":"product","2":"type-product","3":"status-publish","4":"has-post-thumbnail","6":"product_brand-sqlab","7":"product_cat-nicht-kategorisiert-2","8":"product_cat-sattel","10":"first","11":"instock","12":"taxable","13":"shipping-taxable","14":"purchasable","15":"product-type-variable"},"aioseo_notices":[],"brands":[],"_links":{"self":[{"href":"https:\/\/gravel-bikes.cc\/de\/wp-json\/wp\/v2\/product\/7179","targetHints":{"allow":["GET"]}}],"collection":[{"href":"https:\/\/gravel-bikes.cc\/de\/wp-json\/wp\/v2\/product"}],"about":[{"href":"https:\/\/gravel-bikes.cc\/de\/wp-json\/wp\/v2\/types\/product"}],"wp:featuredmedia":[{"embeddable":true,"href":"https:\/\/gravel-bikes.cc\/de\/wp-json\/wp\/v2\/media\/7154"}],"wp:attachment":[{"href":"https:\/\/gravel-bikes.cc\/de\/wp-json\/wp\/v2\/media?parent=7179"}],"wp:term":[{"taxonomy":"pwb-brand","embeddable":true,"href":"https:\/\/gravel-bikes.cc\/de\/wp-json\/wp\/v2\/pwb-brand?post=7179"},{"taxonomy":"product_brand","embeddable":true,"href":"https:\/\/gravel-bikes.cc\/de\/wp-json\/wp\/v2\/product_brand?post=7179"},{"taxonomy":"product_cat","embeddable":true,"href":"https:\/\/gravel-bikes.cc\/de\/wp-json\/wp\/v2\/product_cat?post=7179"},{"taxonomy":"product_tag","embeddable":true,"href":"https:\/\/gravel-bikes.cc\/de\/wp-json\/wp\/v2\/product_tag?post=7179"}],"curies":[{"name":"wp","href":"https:\/\/api.w.org\/{rel}","templated":true}]}}