{"id":7226,"date":"2026-02-04T09:20:51","date_gmt":"2026-02-04T09:20:51","guid":{"rendered":"https:\/\/gravel-bikes.cc\/produkt\/akku-ruecklicht-reco-80-link-radar\/"},"modified":"2026-02-04T09:39:50","modified_gmt":"2026-02-04T09:39:50","slug":"akku-ruecklicht-reco-80-link-radar","status":"publish","type":"product","link":"https:\/\/gravel-bikes.cc\/de\/produkt\/akku-ruecklicht-reco-80-link-radar\/","title":{"rendered":"Akku-R\u00fccklicht Reco 80 Link Radar"},"content":{"rendered":"<p>SIGMA Reco 80 Link Radar R\u00fccklicht! Das Sigma RECO 80 Link kombiniert intelligenten Radar und ein helles, StVZO-konformes R\u00fccklicht f\u00fcr maximale Sicherheit. Es erkennt Fahrzeuge bis zu 140 m Entfernung, warnt dich in Echtzeit und bietet Brems- und Notbremslicht. Ideal f\u00fcr GPS-Computer und vernetzte Beleuchtungssysteme.   <\/p>\n<p>Dein 140-Meter-Schutzschild: Das RECO 80 LINK Fahrradradar! Mit dem RECO 80 LINK erh\u00e4ltst du eine smarte 2-in-1-L\u00f6sung: ein StVZO-konformes R\u00fccklicht und ein zuverl\u00e4ssiges Fahrradradar. Das System erkennt bis zu acht sich n\u00e4hernde Fahrzeuge in einer Entfernung von bis zu 140 Metern und warnt dich \u00fcber deinen ANT+ kompatiblen Fahrradcomputer. Zus\u00e4tzlich erh\u00f6hen das integrierte LED-Bremslicht und das Notbremslicht deine Sicherheit im Stra\u00dfenverkehr sp\u00fcrbar. Mit einer Reichweite von 500 Metern und einer Akkulaufzeit von 15 Stunden im High-Modus ist das RECO 80 LINK der ideale Begleiter f\u00fcr lange Fahrten, Tag und Nacht.    <\/p>\n<ul>\n<li>Smarte Rundum-Sicherheit: Das Radar-R\u00fccklicht erkennt bis zu 8 sich n\u00e4hernde Fahrzeuge in einer Entfernung von bis zu 140 Metern und unterscheidet zwischen normaler und schneller Ann\u00e4herung.<\/li>\n<li>Hohe Sichtbarkeit: StVZO-konformes R\u00fccklicht mit einer Reichweite von 500 Metern, 220\u00b0 Betrachtungswinkel sowie Brems- und Notbremslicht f\u00fcr maximale Sicherheit bei Tag und Nacht.<\/li>\n<li>Kompatibel &amp; vernetzt: Verbindet sich via ANT+ mit allen Fahrradcomputern mit Radarprofilen und via BLE mit der SIGMA RIDE App f\u00fcr Updates und Statusanzeige.<\/li>\n<li>Warnsystem f\u00fcr Fahrer &amp; Verkehr: Helles Warnlicht alarmiert Autofahrer, w\u00e4hrend kompatible Fahrradcomputer visuelle und akustische Warnungen an den Radfahrer senden.<\/li>\n<li>Durchdachtes Design Erkennung: Ein 2 x 30\u00b0 Abstrahlwinkel sorgt f\u00fcr zuverl\u00e4ssige Erkennung in einem breiten Korridor hinter dem Fahrrad.<\/li>\n<li>Starke Akkulaufzeit: Bis zu 15 Stunden Laufzeit, vollst\u00e4ndig aufgeladen \u00fcber USB-C in ca. 3 Stunden.<\/li>\n<li>Flexible Kombinationsm\u00f6glichkeiten: Kompatibel mit dem SIGMA AURA 100 Link Frontlicht \u2013 beide Ger\u00e4te k\u00f6nnen mit einem einzigen Knopfdruck f\u00fcr ein intelligentes Beleuchtungssetup gesteuert werden.<\/li>\n<li>Wetterfeste &amp; vielseitige Montage: IP67 Schutz, robuste Twist-Lock-Halterung und kompatible Adapter f\u00fcr runde, Aero- und D-f\u00f6rmige Sattelst\u00fctzen.<\/li>\n<\/ul>\n","protected":false},"excerpt":{"rendered":"<p>SIGMA Reco 80 Link Radar R\u00fccklicht! Das Sigma RECO 80 Link kombiniert intelligenten Radar und ein helles, StVZO-konformes R\u00fccklicht f\u00fcr maximale Sicherheit. Es erkennt Fahrzeuge bis zu 140 m Entfernung, warnt dich in Echtzeit und bietet Brems- und Notbremslicht. Ideal f\u00fcr GPS-Computer und vernetzte Beleuchtungssysteme. Dein 140-Meter-Schutzschild: Das RECO 80 LINK Fahrradradar! Mit dem RECO [&hellip;]<\/p>\n","protected":false},"featured_media":7227,"template":"","meta":{"_et_pb_use_builder":"","_et_pb_old_content":"","_et_gb_content_width":""},"pwb-brand":[],"product_brand":[],"product_cat":[584,384],"product_tag":[],"class_list":{"0":"post-7226","1":"product","2":"type-product","3":"status-publish","4":"has-post-thumbnail","6":"product_cat-beleuchtung","7":"product_cat-nicht-kategorisiert-2","8":"product_shipping_class-kleinteile","10":"first","11":"instock","12":"taxable","13":"shipping-taxable","14":"purchasable","15":"product-type-simple"},"aioseo_notices":[],"brands":[],"_links":{"self":[{"href":"https:\/\/gravel-bikes.cc\/de\/wp-json\/wp\/v2\/product\/7226","targetHints":{"allow":["GET"]}}],"collection":[{"href":"https:\/\/gravel-bikes.cc\/de\/wp-json\/wp\/v2\/product"}],"about":[{"href":"https:\/\/gravel-bikes.cc\/de\/wp-json\/wp\/v2\/types\/product"}],"wp:featuredmedia":[{"embeddable":true,"href":"https:\/\/gravel-bikes.cc\/de\/wp-json\/wp\/v2\/media\/7227"}],"wp:attachment":[{"href":"https:\/\/gravel-bikes.cc\/de\/wp-json\/wp\/v2\/media?parent=7226"}],"wp:term":[{"taxonomy":"pwb-brand","embeddable":true,"href":"https:\/\/gravel-bikes.cc\/de\/wp-json\/wp\/v2\/pwb-brand?post=7226"},{"taxonomy":"product_brand","embeddable":true,"href":"https:\/\/gravel-bikes.cc\/de\/wp-json\/wp\/v2\/product_brand?post=7226"},{"taxonomy":"product_cat","embeddable":true,"href":"https:\/\/gravel-bikes.cc\/de\/wp-json\/wp\/v2\/product_cat?post=7226"},{"taxonomy":"product_tag","embeddable":true,"href":"https:\/\/gravel-bikes.cc\/de\/wp-json\/wp\/v2\/product_tag?post=7226"}],"curies":[{"name":"wp","href":"https:\/\/api.w.org\/{rel}","templated":true}]}}