{"id":7235,"date":"2026-02-04T09:23:28","date_gmt":"2026-02-04T09:23:28","guid":{"rendered":"https:\/\/gravel-bikes.cc\/produkt\/mwave-5l-satteltasche\/"},"modified":"2026-02-04T09:23:28","modified_gmt":"2026-02-04T09:23:28","slug":"mwave-5l-satteltasche","status":"publish","type":"product","link":"https:\/\/gravel-bikes.cc\/de\/produkt\/mwave-5l-satteltasche\/","title":{"rendered":"MWAVE 5L Satteltasche"},"content":{"rendered":"<ul>\n<li class=\"item\">Ripstop-Gewebe f\u00fcr hohe Rei\u00dffestigkeit<\/li>\n<li class=\"item\">wasserdichtes Innenfutter<\/li>\n<li class=\"item\">variabler Rollverschluss<\/li>\n<li class=\"item\">Transport gro\u00dfer Gep\u00e4ckmengen ohne Gep\u00e4cktr\u00e4ger<\/li>\n<li class=\"item\">100% wasserdicht<\/li>\n<li class=\"item\">Befestigung mit Klettverschluss<\/li>\n<li class=\"item\">Haltnetz f\u00fcr Helme, &#8230;<\/li>\n<li class=\"item\">R\u00fccklicht-Halteschlaufe<\/li>\n<\/ul>\n","protected":false},"excerpt":{"rendered":"<p>Ripstop-Gewebe f\u00fcr hohe Rei\u00dffestigkeit wasserdichtes Innenfutter variabler Rollverschluss Transport gro\u00dfer Gep\u00e4ckmengen ohne Gep\u00e4cktr\u00e4ger 100% wasserdicht Befestigung mit Klettverschluss Haltnetz f\u00fcr Helme, &#8230; R\u00fccklicht-Halteschlaufe<\/p>\n","protected":false},"featured_media":7231,"template":"","meta":{"_et_pb_use_builder":"","_et_pb_old_content":"","_et_gb_content_width":"","om_disable_all_campaigns":false,"_monsterinsights_skip_tracking":false,"_monsterinsights_sitenote_active":false,"_monsterinsights_sitenote_note":"","_monsterinsights_sitenote_category":0},"pwb-brand":[],"product_brand":[],"product_cat":[220,384],"product_tag":[],"class_list":{"0":"post-7235","1":"product","2":"type-product","3":"status-publish","4":"has-post-thumbnail","6":"product_cat-bike-packing-taschen","7":"product_cat-nicht-kategorisiert-2","9":"first","10":"instock","11":"taxable","12":"shipping-taxable","13":"product-type-simple"},"aioseo_notices":[],"brands":[],"_links":{"self":[{"href":"https:\/\/gravel-bikes.cc\/de\/wp-json\/wp\/v2\/product\/7235","targetHints":{"allow":["GET"]}}],"collection":[{"href":"https:\/\/gravel-bikes.cc\/de\/wp-json\/wp\/v2\/product"}],"about":[{"href":"https:\/\/gravel-bikes.cc\/de\/wp-json\/wp\/v2\/types\/product"}],"wp:featuredmedia":[{"embeddable":true,"href":"https:\/\/gravel-bikes.cc\/de\/wp-json\/wp\/v2\/media\/7231"}],"wp:attachment":[{"href":"https:\/\/gravel-bikes.cc\/de\/wp-json\/wp\/v2\/media?parent=7235"}],"wp:term":[{"taxonomy":"pwb-brand","embeddable":true,"href":"https:\/\/gravel-bikes.cc\/de\/wp-json\/wp\/v2\/pwb-brand?post=7235"},{"taxonomy":"product_brand","embeddable":true,"href":"https:\/\/gravel-bikes.cc\/de\/wp-json\/wp\/v2\/product_brand?post=7235"},{"taxonomy":"product_cat","embeddable":true,"href":"https:\/\/gravel-bikes.cc\/de\/wp-json\/wp\/v2\/product_cat?post=7235"},{"taxonomy":"product_tag","embeddable":true,"href":"https:\/\/gravel-bikes.cc\/de\/wp-json\/wp\/v2\/product_tag?post=7235"}],"curies":[{"name":"wp","href":"https:\/\/api.w.org\/{rel}","templated":true}]}}