{"id":7249,"date":"2026-02-04T09:34:10","date_gmt":"2026-02-04T09:34:10","guid":{"rendered":"https:\/\/gravel-bikes.cc\/produkt\/mwave-oberrohrtasche\/"},"modified":"2026-02-04T09:34:10","modified_gmt":"2026-02-04T09:34:10","slug":"mwave-oberrohrtasche","status":"publish","type":"product","link":"https:\/\/gravel-bikes.cc\/de\/produkt\/mwave-oberrohrtasche\/","title":{"rendered":"MWAVE Oberrohrtasche"},"content":{"rendered":"<ul>\n<li><strong>Farbe:<\/strong> Schwarz<\/li>\n<li><strong>Volumen:<\/strong> 0,75 Liter<\/li>\n<li><strong>H\u00f6he:<\/strong> 70 mm<\/li>\n<li><strong>Breite\/Tiefe:<\/strong> 85 mm<\/li>\n<li><strong>L\u00e4nge:<\/strong> 290 mm<\/li>\n<li><strong>Material:<\/strong> Ripstop-Gewebe f\u00fcr hohe Rei\u00dffestigkeit, wasserdichtes Innenfutter<\/li>\n<li><strong>Wasserdichtigkeit:<\/strong> spritzwassergesch\u00fctzt<\/li>\n<li><strong>Halterungstyp:<\/strong> Befestigung mit Klettverschluss<\/li>\n<li><strong>Reflex:<\/strong> Mit reflektierendem Aufdruck<\/li>\n<li><strong>Details:<\/strong> Verst\u00e4rkter Unterboden<\/li>\n<li><strong>F\u00e4cher und zus\u00e4tzliche Taschen:<\/strong> sto\u00dfd\u00e4mpfende Polstereinlage<\/li>\n<\/ul>\n","protected":false},"excerpt":{"rendered":"<p>Farbe: Schwarz Volumen: 0,75 Liter H\u00f6he: 70 mm Breite\/Tiefe: 85 mm L\u00e4nge: 290 mm Material: Ripstop-Gewebe f\u00fcr hohe Rei\u00dffestigkeit, wasserdichtes Innenfutter Wasserdichtigkeit: spritzwassergesch\u00fctzt Halterungstyp: Befestigung mit Klettverschluss Reflex: Mit reflektierendem Aufdruck Details: Verst\u00e4rkter Unterboden F\u00e4cher und zus\u00e4tzliche Taschen: sto\u00dfd\u00e4mpfende Polstereinlage<\/p>\n","protected":false},"featured_media":7250,"template":"","meta":{"_et_pb_use_builder":"","_et_pb_old_content":"","_et_gb_content_width":"","om_disable_all_campaigns":false,"_monsterinsights_skip_tracking":false,"_monsterinsights_sitenote_active":false,"_monsterinsights_sitenote_note":"","_monsterinsights_sitenote_category":0},"pwb-brand":[],"product_brand":[],"product_cat":[220,384],"product_tag":[],"class_list":{"0":"post-7249","1":"product","2":"type-product","3":"status-publish","4":"has-post-thumbnail","6":"product_cat-bike-packing-taschen","7":"product_cat-nicht-kategorisiert-2","9":"first","10":"instock","11":"taxable","12":"shipping-taxable","13":"purchasable","14":"product-type-simple"},"aioseo_notices":[],"brands":[],"_links":{"self":[{"href":"https:\/\/gravel-bikes.cc\/de\/wp-json\/wp\/v2\/product\/7249","targetHints":{"allow":["GET"]}}],"collection":[{"href":"https:\/\/gravel-bikes.cc\/de\/wp-json\/wp\/v2\/product"}],"about":[{"href":"https:\/\/gravel-bikes.cc\/de\/wp-json\/wp\/v2\/types\/product"}],"wp:featuredmedia":[{"embeddable":true,"href":"https:\/\/gravel-bikes.cc\/de\/wp-json\/wp\/v2\/media\/7250"}],"wp:attachment":[{"href":"https:\/\/gravel-bikes.cc\/de\/wp-json\/wp\/v2\/media?parent=7249"}],"wp:term":[{"taxonomy":"pwb-brand","embeddable":true,"href":"https:\/\/gravel-bikes.cc\/de\/wp-json\/wp\/v2\/pwb-brand?post=7249"},{"taxonomy":"product_brand","embeddable":true,"href":"https:\/\/gravel-bikes.cc\/de\/wp-json\/wp\/v2\/product_brand?post=7249"},{"taxonomy":"product_cat","embeddable":true,"href":"https:\/\/gravel-bikes.cc\/de\/wp-json\/wp\/v2\/product_cat?post=7249"},{"taxonomy":"product_tag","embeddable":true,"href":"https:\/\/gravel-bikes.cc\/de\/wp-json\/wp\/v2\/product_tag?post=7249"}],"curies":[{"name":"wp","href":"https:\/\/api.w.org\/{rel}","templated":true}]}}