{"id":7255,"date":"2026-02-04T09:37:49","date_gmt":"2026-02-04T09:37:49","guid":{"rendered":"https:\/\/gravel-bikes.cc\/produkt\/mwave-trinkrucksack\/"},"modified":"2026-02-04T09:37:49","modified_gmt":"2026-02-04T09:37:49","slug":"mwave-trinkrucksack","status":"publish","type":"product","link":"https:\/\/gravel-bikes.cc\/de\/produkt\/mwave-trinkrucksack\/","title":{"rendered":"MWAVE Trinkrucksack"},"content":{"rendered":"<ul>\n<li><strong>Farbe:<\/strong>Neongelb<\/li>\n<li><strong>Volumen:<\/strong> 15 Liter<\/li>\n<li><strong>H\u00f6he:<\/strong> 460 mm<\/li>\n<li><strong>Breite\/Tiefe:<\/strong> 280 mm<\/li>\n<li><strong>L\u00e4nge:<\/strong> 120 mm<\/li>\n<li><strong>Reflex:<\/strong> Mit reflektierendem Aufdruck<\/li>\n<li><strong>Details:<\/strong> universelle Regenh\u00fclle, Ausgang f\u00fcr Trinkblase<\/li>\n<li><strong>F\u00e4cher und zus\u00e4tzliche Taschen:<\/strong> Externe Netztasche, mehrere Innenf\u00e4cher und -taschen, Helmnetz, externes Fach, isoliertes Fach f\u00fcr eine Trinkblase<\/li>\n<li><strong>Tragekomfort:<\/strong> H\u00fcftgurt, verstellbarer gepolsterter Schultergurt, r\u00fcckenverst\u00e4rkt mit Streben<\/li>\n<\/ul>\n","protected":false},"excerpt":{"rendered":"<p>Farbe:Neongelb Volumen: 15 Liter H\u00f6he: 460 mm Breite\/Tiefe: 280 mm L\u00e4nge: 120 mm Reflex: Mit reflektierendem Aufdruck Details: universelle Regenh\u00fclle, Ausgang f\u00fcr Trinkblase F\u00e4cher und zus\u00e4tzliche Taschen: Externe Netztasche, mehrere Innenf\u00e4cher und -taschen, Helmnetz, externes Fach, isoliertes Fach f\u00fcr eine Trinkblase Tragekomfort: H\u00fcftgurt, verstellbarer gepolsterter Schultergurt, r\u00fcckenverst\u00e4rkt mit Streben<\/p>\n","protected":false},"featured_media":7252,"template":"","meta":{"_et_pb_use_builder":"","_et_pb_old_content":"","_et_gb_content_width":"","om_disable_all_campaigns":false,"_monsterinsights_skip_tracking":false,"_monsterinsights_sitenote_active":false,"_monsterinsights_sitenote_note":"","_monsterinsights_sitenote_category":0},"pwb-brand":[],"product_brand":[],"product_cat":[220],"product_tag":[],"class_list":{"0":"post-7255","1":"product","2":"type-product","3":"status-publish","4":"has-post-thumbnail","6":"product_cat-bike-packing-taschen","8":"first","9":"instock","10":"taxable","11":"shipping-taxable","12":"purchasable","13":"product-type-simple"},"aioseo_notices":[],"brands":[],"_links":{"self":[{"href":"https:\/\/gravel-bikes.cc\/de\/wp-json\/wp\/v2\/product\/7255","targetHints":{"allow":["GET"]}}],"collection":[{"href":"https:\/\/gravel-bikes.cc\/de\/wp-json\/wp\/v2\/product"}],"about":[{"href":"https:\/\/gravel-bikes.cc\/de\/wp-json\/wp\/v2\/types\/product"}],"wp:featuredmedia":[{"embeddable":true,"href":"https:\/\/gravel-bikes.cc\/de\/wp-json\/wp\/v2\/media\/7252"}],"wp:attachment":[{"href":"https:\/\/gravel-bikes.cc\/de\/wp-json\/wp\/v2\/media?parent=7255"}],"wp:term":[{"taxonomy":"pwb-brand","embeddable":true,"href":"https:\/\/gravel-bikes.cc\/de\/wp-json\/wp\/v2\/pwb-brand?post=7255"},{"taxonomy":"product_brand","embeddable":true,"href":"https:\/\/gravel-bikes.cc\/de\/wp-json\/wp\/v2\/product_brand?post=7255"},{"taxonomy":"product_cat","embeddable":true,"href":"https:\/\/gravel-bikes.cc\/de\/wp-json\/wp\/v2\/product_cat?post=7255"},{"taxonomy":"product_tag","embeddable":true,"href":"https:\/\/gravel-bikes.cc\/de\/wp-json\/wp\/v2\/product_tag?post=7255"}],"curies":[{"name":"wp","href":"https:\/\/api.w.org\/{rel}","templated":true}]}}