{"id":7257,"date":"2026-02-04T09:30:03","date_gmt":"2026-02-04T09:30:03","guid":{"rendered":"https:\/\/gravel-bikes.cc\/produkt\/mwave-11-l-bikepacking-tasche\/"},"modified":"2026-02-04T09:30:03","modified_gmt":"2026-02-04T09:30:03","slug":"mwave-11-l-bikepacking-tasche","status":"publish","type":"product","link":"https:\/\/gravel-bikes.cc\/de\/produkt\/mwave-11-l-bikepacking-tasche\/","title":{"rendered":"MWAVE 11 L Bikepacking-Tasche"},"content":{"rendered":"<ul>\n<li><strong>Farbe:<\/strong>Neongelb<\/li>\n<li><strong>Volumen:<\/strong> 11 Liter<\/li>\n<li><strong>H\u00f6he:<\/strong> 130 mm<\/li>\n<li><strong>Breite\/Tiefe:<\/strong> 150 mm<\/li>\n<li><strong>L\u00e4nge:<\/strong> 530 mm<\/li>\n<li><strong>Material:<\/strong> Ripstop-Gewebe f\u00fcr hohe Rei\u00dffestigkeit, wasserdichtes Innenfutter<\/li>\n<li><strong>Wasserdichtigkeit:<\/strong> 100% wasserdicht<\/li>\n<li><strong>Reflex:<\/strong> Mit reflektierendem Aufdruck<\/li>\n<li><strong>Halterungstyp:<\/strong> Befestigung mit Klettverschluss<\/li>\n<li><strong>Details:<\/strong> variabler Rollverschluss, Transport gro\u00dfer Gep\u00e4ckmengen ohne Gep\u00e4cktr\u00e4ger<\/li>\n<li><strong>F\u00e4cher und Zusatztaschen:<\/strong> Haltenetz f\u00fcr Helme, R\u00fccklichthalterung, zus\u00e4tzliche Befestigung von Schutzblechen, Luftpumpen etc. an der Unterseite mittels Riemen m\u00f6glich<\/li>\n<\/ul>\n","protected":false},"excerpt":{"rendered":"<p>Farbe:Neongelb Volumen: 11 Liter H\u00f6he: 130 mm Breite\/Tiefe: 150 mm L\u00e4nge: 530 mm Material: Ripstop-Gewebe f\u00fcr hohe Rei\u00dffestigkeit, wasserdichtes Innenfutter Wasserdichtigkeit: 100% wasserdicht Reflex: Mit reflektierendem Aufdruck Halterungstyp: Befestigung mit Klettverschluss Details: variabler Rollverschluss, Transport gro\u00dfer Gep\u00e4ckmengen ohne Gep\u00e4cktr\u00e4ger F\u00e4cher und Zusatztaschen: Haltenetz f\u00fcr Helme, R\u00fccklichthalterung, zus\u00e4tzliche Befestigung von Schutzblechen, Luftpumpen etc. an der Unterseite [&hellip;]<\/p>\n","protected":false},"featured_media":7243,"template":"","meta":{"_et_pb_use_builder":"","_et_pb_old_content":"","_et_gb_content_width":"","om_disable_all_campaigns":false,"_monsterinsights_skip_tracking":false,"_monsterinsights_sitenote_active":false,"_monsterinsights_sitenote_note":"","_monsterinsights_sitenote_category":0},"pwb-brand":[],"product_brand":[],"product_cat":[220,384],"product_tag":[],"class_list":{"0":"post-7257","1":"product","2":"type-product","3":"status-publish","4":"has-post-thumbnail","6":"product_cat-bike-packing-taschen","7":"product_cat-nicht-kategorisiert-2","8":"product_shipping_class-kleinteile","10":"first","11":"instock","12":"sale","13":"taxable","14":"shipping-taxable","15":"purchasable","16":"product-type-simple"},"aioseo_notices":[],"df_price":35,"df_sale_price":35,"df_regular_price":39,"df_image_link":"https:\/\/gravel-bikes.cc\/wp-content\/uploads\/2026\/02\/956671_0-300x300.jpg","brands":[],"_links":{"self":[{"href":"https:\/\/gravel-bikes.cc\/de\/wp-json\/wp\/v2\/product\/7257","targetHints":{"allow":["GET"]}}],"collection":[{"href":"https:\/\/gravel-bikes.cc\/de\/wp-json\/wp\/v2\/product"}],"about":[{"href":"https:\/\/gravel-bikes.cc\/de\/wp-json\/wp\/v2\/types\/product"}],"wp:featuredmedia":[{"embeddable":true,"href":"https:\/\/gravel-bikes.cc\/de\/wp-json\/wp\/v2\/media\/7243"}],"wp:attachment":[{"href":"https:\/\/gravel-bikes.cc\/de\/wp-json\/wp\/v2\/media?parent=7257"}],"wp:term":[{"taxonomy":"pwb-brand","embeddable":true,"href":"https:\/\/gravel-bikes.cc\/de\/wp-json\/wp\/v2\/pwb-brand?post=7257"},{"taxonomy":"product_brand","embeddable":true,"href":"https:\/\/gravel-bikes.cc\/de\/wp-json\/wp\/v2\/product_brand?post=7257"},{"taxonomy":"product_cat","embeddable":true,"href":"https:\/\/gravel-bikes.cc\/de\/wp-json\/wp\/v2\/product_cat?post=7257"},{"taxonomy":"product_tag","embeddable":true,"href":"https:\/\/gravel-bikes.cc\/de\/wp-json\/wp\/v2\/product_tag?post=7257"}],"curies":[{"name":"wp","href":"https:\/\/api.w.org\/{rel}","templated":true}]}}