{"id":7274,"date":"2026-02-04T09:49:58","date_gmt":"2026-02-04T09:49:58","guid":{"rendered":"https:\/\/gravel-bikes.cc\/produkt\/mwave-gabeltasche\/"},"modified":"2026-02-04T09:49:58","modified_gmt":"2026-02-04T09:49:58","slug":"mwave-gabeltasche","status":"publish","type":"product","link":"https:\/\/gravel-bikes.cc\/de\/produkt\/mwave-gabeltasche\/","title":{"rendered":"MWAVE Gabeltasche"},"content":{"rendered":"<ul>\n<li>Variabler Rollverschluss<\/li>\n<li>Besonders robust und hochwertig<\/li>\n<li>Leicht abnehmbar<\/li>\n<li>Gep\u00e4ckriemen und Schlaufen zum Anbringen von zus\u00e4tzlichem Gep\u00e4ck, Lichtern, Schutzblechen etc.<\/li>\n<li>Extrem strapazierf\u00e4higes Material mit verschwei\u00dften N\u00e4hten<\/li>\n<li>Spritzwassergesch\u00fctzt<\/li>\n<\/ul>\n","protected":false},"excerpt":{"rendered":"<p>Variabler Rollverschluss Besonders robust und hochwertig Leicht abnehmbar Gep\u00e4ckriemen und Schlaufen zum Anbringen von zus\u00e4tzlichem Gep\u00e4ck, Lichtern, Schutzblechen etc. Extrem strapazierf\u00e4higes Material mit verschwei\u00dften N\u00e4hten Spritzwassergesch\u00fctzt<\/p>\n","protected":false},"featured_media":7275,"template":"","meta":{"_et_pb_use_builder":"","_et_pb_old_content":"","_et_gb_content_width":"","om_disable_all_campaigns":false,"_monsterinsights_skip_tracking":false,"_monsterinsights_sitenote_active":false,"_monsterinsights_sitenote_note":"","_monsterinsights_sitenote_category":0},"pwb-brand":[],"product_brand":[],"product_cat":[220,384],"product_tag":[],"class_list":{"0":"post-7274","1":"product","2":"type-product","3":"status-publish","4":"has-post-thumbnail","6":"product_cat-bike-packing-taschen","7":"product_cat-nicht-kategorisiert-2","9":"first","10":"instock","11":"taxable","12":"shipping-taxable","13":"purchasable","14":"product-type-simple"},"aioseo_notices":[],"brands":[],"_links":{"self":[{"href":"https:\/\/gravel-bikes.cc\/de\/wp-json\/wp\/v2\/product\/7274","targetHints":{"allow":["GET"]}}],"collection":[{"href":"https:\/\/gravel-bikes.cc\/de\/wp-json\/wp\/v2\/product"}],"about":[{"href":"https:\/\/gravel-bikes.cc\/de\/wp-json\/wp\/v2\/types\/product"}],"wp:featuredmedia":[{"embeddable":true,"href":"https:\/\/gravel-bikes.cc\/de\/wp-json\/wp\/v2\/media\/7275"}],"wp:attachment":[{"href":"https:\/\/gravel-bikes.cc\/de\/wp-json\/wp\/v2\/media?parent=7274"}],"wp:term":[{"taxonomy":"pwb-brand","embeddable":true,"href":"https:\/\/gravel-bikes.cc\/de\/wp-json\/wp\/v2\/pwb-brand?post=7274"},{"taxonomy":"product_brand","embeddable":true,"href":"https:\/\/gravel-bikes.cc\/de\/wp-json\/wp\/v2\/product_brand?post=7274"},{"taxonomy":"product_cat","embeddable":true,"href":"https:\/\/gravel-bikes.cc\/de\/wp-json\/wp\/v2\/product_cat?post=7274"},{"taxonomy":"product_tag","embeddable":true,"href":"https:\/\/gravel-bikes.cc\/de\/wp-json\/wp\/v2\/product_tag?post=7274"}],"curies":[{"name":"wp","href":"https:\/\/api.w.org\/{rel}","templated":true}]}}