{"id":7387,"date":"2026-02-07T07:11:15","date_gmt":"2026-02-07T07:11:15","guid":{"rendered":"https:\/\/gravel-bikes.cc\/produkt\/shimano-grx-400-2x10-fach-umwerfer\/"},"modified":"2026-02-07T07:11:15","modified_gmt":"2026-02-07T07:11:15","slug":"shimano-grx-400-2x10-fach-umwerfer","status":"publish","type":"product","link":"https:\/\/gravel-bikes.cc\/de\/produkt\/shimano-grx-400-2x10-fach-umwerfer\/","title":{"rendered":"SHIMANO GRX 400 2&#215;10-fach Umwerfer"},"content":{"rendered":"<p>UMWERFER, FD-RX400,<\/p>\n<p>GRX, F\u00dcR HINTEN 10-FACH,<\/p>\n<p>DOWN-SWING, DOWN-PULL,<\/p>\n<p>ANL\u00d6T-TYP,<\/p>\n<p>KETTENSTREBENWINKEL:61-66,<\/p>\n<p>F\u00dcR GR\u00d6SSTES KETTENBLATT:46T,<\/p>\n<p>KETTENLINIE:46MM, EINZELHANDELSVERPACKUNG<\/p>\n","protected":false},"excerpt":{"rendered":"<p>UMWERFER, FD-RX400, GRX, F\u00dcR HINTEN 10-FACH, DOWN-SWING, DOWN-PULL, ANL\u00d6T-TYP, KETTENSTREBENWINKEL:61-66, F\u00dcR GR\u00d6SSTES KETTENBLATT:46T, KETTENLINIE:46MM, EINZELHANDELSVERPACKUNG<\/p>\n","protected":false},"featured_media":7384,"template":"","meta":{"_et_pb_use_builder":"","_et_pb_old_content":"","_et_gb_content_width":"","om_disable_all_campaigns":false,"_monsterinsights_skip_tracking":false,"_monsterinsights_sitenote_active":false,"_monsterinsights_sitenote_note":"","_monsterinsights_sitenote_category":0},"pwb-brand":[],"product_brand":[],"product_cat":[384],"product_tag":[],"class_list":{"0":"post-7387","1":"product","2":"type-product","3":"status-publish","4":"has-post-thumbnail","6":"product_cat-nicht-kategorisiert-2","7":"product_shipping_class-kleinteile","9":"first","10":"instock","11":"sale","12":"taxable","13":"shipping-taxable","14":"purchasable","15":"product-type-simple"},"aioseo_notices":[],"brands":[],"_links":{"self":[{"href":"https:\/\/gravel-bikes.cc\/de\/wp-json\/wp\/v2\/product\/7387","targetHints":{"allow":["GET"]}}],"collection":[{"href":"https:\/\/gravel-bikes.cc\/de\/wp-json\/wp\/v2\/product"}],"about":[{"href":"https:\/\/gravel-bikes.cc\/de\/wp-json\/wp\/v2\/types\/product"}],"wp:featuredmedia":[{"embeddable":true,"href":"https:\/\/gravel-bikes.cc\/de\/wp-json\/wp\/v2\/media\/7384"}],"wp:attachment":[{"href":"https:\/\/gravel-bikes.cc\/de\/wp-json\/wp\/v2\/media?parent=7387"}],"wp:term":[{"taxonomy":"pwb-brand","embeddable":true,"href":"https:\/\/gravel-bikes.cc\/de\/wp-json\/wp\/v2\/pwb-brand?post=7387"},{"taxonomy":"product_brand","embeddable":true,"href":"https:\/\/gravel-bikes.cc\/de\/wp-json\/wp\/v2\/product_brand?post=7387"},{"taxonomy":"product_cat","embeddable":true,"href":"https:\/\/gravel-bikes.cc\/de\/wp-json\/wp\/v2\/product_cat?post=7387"},{"taxonomy":"product_tag","embeddable":true,"href":"https:\/\/gravel-bikes.cc\/de\/wp-json\/wp\/v2\/product_tag?post=7387"}],"curies":[{"name":"wp","href":"https:\/\/api.w.org\/{rel}","templated":true}]}}