{"id":7399,"date":"2026-02-07T07:29:43","date_gmt":"2026-02-07T07:29:43","guid":{"rendered":"https:\/\/gravel-bikes.cc\/produkt\/shimano-grx-400-10-fach-scheibenbremse-sti-rechts-hinten\/"},"modified":"2026-02-07T07:34:43","modified_gmt":"2026-02-07T07:34:43","slug":"shimano-grx-400-10-fach-scheibenbremse-sti-rechts-hinten","status":"publish","type":"product","link":"https:\/\/gravel-bikes.cc\/de\/produkt\/shimano-grx-400-10-fach-scheibenbremse-sti-rechts-hinten\/","title":{"rendered":"SHIMANO GRX-400 10-fach Scheibenbremse STI rechts hinten"},"content":{"rendered":"<p>SCHEIBENBREMSEN-SATZ MONTIERT\/J-kit DIRECT<\/p>\n<p>ST-RX400(R)<\/p>\n<p>BR-RX400(R) F\u00dcR 25MM MNT<\/p>\n<p>HARZ (MIT K\u00dcHLK\u00d6RPER)<\/p>\n<p>SL INNEN 2200MM<\/p>\n<p>1700MM LEITUNG(SM-BH90 SCHWARZ)<\/p>\n<p>OT-SP41 600\/300MM<\/p>\n<p>EINZELVERPACKUNG<\/p>\n","protected":false},"excerpt":{"rendered":"<p>SCHEIBENBREMSEN-SATZ MONTIERT\/J-kit DIRECT ST-RX400(R) BR-RX400(R) F\u00dcR 25MM MNT HARZ (MIT K\u00dcHLK\u00d6RPER) SL INNEN 2200MM 1700MM LEITUNG(SM-BH90 SCHWARZ) OT-SP41 600\/300MM EINZELVERPACKUNG<\/p>\n","protected":false},"featured_media":7400,"template":"","meta":{"_et_pb_use_builder":"","_et_pb_old_content":"","_et_gb_content_width":"","om_disable_all_campaigns":false,"_monsterinsights_skip_tracking":false,"_monsterinsights_sitenote_active":false,"_monsterinsights_sitenote_note":"","_monsterinsights_sitenote_category":0},"pwb-brand":[],"product_brand":[],"product_cat":[384,418],"product_tag":[],"class_list":{"0":"post-7399","1":"product","2":"type-product","3":"status-publish","4":"has-post-thumbnail","6":"product_cat-nicht-kategorisiert-2","7":"product_cat-sti-hebel","8":"product_shipping_class-kleinteile","10":"first","11":"instock","12":"sale","13":"taxable","14":"shipping-taxable","15":"purchasable","16":"product-type-simple"},"aioseo_notices":[],"df_price":189,"df_sale_price":189,"df_regular_price":244,"df_image_link":"https:\/\/gravel-bikes.cc\/wp-content\/uploads\/2026\/02\/392242_0-300x300.jpg","brands":[],"_links":{"self":[{"href":"https:\/\/gravel-bikes.cc\/de\/wp-json\/wp\/v2\/product\/7399","targetHints":{"allow":["GET"]}}],"collection":[{"href":"https:\/\/gravel-bikes.cc\/de\/wp-json\/wp\/v2\/product"}],"about":[{"href":"https:\/\/gravel-bikes.cc\/de\/wp-json\/wp\/v2\/types\/product"}],"wp:featuredmedia":[{"embeddable":true,"href":"https:\/\/gravel-bikes.cc\/de\/wp-json\/wp\/v2\/media\/7400"}],"wp:attachment":[{"href":"https:\/\/gravel-bikes.cc\/de\/wp-json\/wp\/v2\/media?parent=7399"}],"wp:term":[{"taxonomy":"pwb-brand","embeddable":true,"href":"https:\/\/gravel-bikes.cc\/de\/wp-json\/wp\/v2\/pwb-brand?post=7399"},{"taxonomy":"product_brand","embeddable":true,"href":"https:\/\/gravel-bikes.cc\/de\/wp-json\/wp\/v2\/product_brand?post=7399"},{"taxonomy":"product_cat","embeddable":true,"href":"https:\/\/gravel-bikes.cc\/de\/wp-json\/wp\/v2\/product_cat?post=7399"},{"taxonomy":"product_tag","embeddable":true,"href":"https:\/\/gravel-bikes.cc\/de\/wp-json\/wp\/v2\/product_tag?post=7399"}],"curies":[{"name":"wp","href":"https:\/\/api.w.org\/{rel}","templated":true}]}}