{"id":7408,"date":"2026-02-07T07:50:35","date_gmt":"2026-02-07T07:50:35","guid":{"rendered":"https:\/\/gravel-bikes.cc\/produkt\/shimano-grx-812-umwerfer\/"},"modified":"2026-02-07T07:50:35","modified_gmt":"2026-02-07T07:50:35","slug":"shimano-grx-812-umwerfer","status":"publish","type":"product","link":"https:\/\/gravel-bikes.cc\/de\/produkt\/shimano-grx-812-umwerfer\/","title":{"rendered":"SHIMANO GRX 812 Umwerfer"},"content":{"rendered":"<p>UMWERFER, FD-RX810,<\/p>\n<p>GRX, F\u00dcR 11-FACH SCHALTUNG HINTEN,<\/p>\n<p>DOWN-SWING, DOWN-PULL,<\/p>\n<p>ANGEL\u00d6T-TYP,<\/p>\n<p>CS-WINKEL:61-66,<\/p>\n<p>F\u00dcR GROSSES KETTENBLATT:46-50Z,<\/p>\n<p>CL:46MM, EINZELVERPACKUNG<\/p>\n","protected":false},"excerpt":{"rendered":"<p>UMWERFER, FD-RX810, GRX, F\u00dcR 11-FACH SCHALTUNG HINTEN, DOWN-SWING, DOWN-PULL, ANGEL\u00d6T-TYP, CS-WINKEL:61-66, F\u00dcR GROSSES KETTENBLATT:46-50Z, CL:46MM, EINZELVERPACKUNG<\/p>\n","protected":false},"featured_media":0,"template":"","meta":{"_et_pb_use_builder":"","_et_pb_old_content":"","_et_gb_content_width":"","om_disable_all_campaigns":false,"_monsterinsights_skip_tracking":false,"_monsterinsights_sitenote_active":false,"_monsterinsights_sitenote_note":"","_monsterinsights_sitenote_category":0},"pwb-brand":[],"product_brand":[],"product_cat":[258],"product_tag":[],"class_list":{"0":"post-7408","1":"product","2":"type-product","3":"status-publish","5":"product_cat-shimano-umwerfer","7":"first","8":"instock","9":"taxable","10":"shipping-taxable","11":"product-type-simple"},"aioseo_notices":[],"df_price":"","df_sale_price":"","df_regular_price":"","df_image_link":"https:\/\/gravel-bikes.cc\/wp-content\/uploads\/woocommerce-placeholder-300x300.webp","brands":[],"_links":{"self":[{"href":"https:\/\/gravel-bikes.cc\/de\/wp-json\/wp\/v2\/product\/7408","targetHints":{"allow":["GET"]}}],"collection":[{"href":"https:\/\/gravel-bikes.cc\/de\/wp-json\/wp\/v2\/product"}],"about":[{"href":"https:\/\/gravel-bikes.cc\/de\/wp-json\/wp\/v2\/types\/product"}],"wp:attachment":[{"href":"https:\/\/gravel-bikes.cc\/de\/wp-json\/wp\/v2\/media?parent=7408"}],"wp:term":[{"taxonomy":"pwb-brand","embeddable":true,"href":"https:\/\/gravel-bikes.cc\/de\/wp-json\/wp\/v2\/pwb-brand?post=7408"},{"taxonomy":"product_brand","embeddable":true,"href":"https:\/\/gravel-bikes.cc\/de\/wp-json\/wp\/v2\/product_brand?post=7408"},{"taxonomy":"product_cat","embeddable":true,"href":"https:\/\/gravel-bikes.cc\/de\/wp-json\/wp\/v2\/product_cat?post=7408"},{"taxonomy":"product_tag","embeddable":true,"href":"https:\/\/gravel-bikes.cc\/de\/wp-json\/wp\/v2\/product_tag?post=7408"}],"curies":[{"name":"wp","href":"https:\/\/api.w.org\/{rel}","templated":true}]}}