{"id":7640,"date":"2026-02-16T20:17:59","date_gmt":"2026-02-16T20:17:59","guid":{"rendered":"https:\/\/gravel-bikes.cc\/produkt\/kickr-core\/"},"modified":"2026-02-16T20:21:07","modified_gmt":"2026-02-16T20:21:07","slug":"kickr-core","status":"publish","type":"product","link":"https:\/\/gravel-bikes.cc\/de\/produkt\/kickr-core\/","title":{"rendered":"WAHOO KICKR CORE"},"content":{"rendered":"<p><span dir=\"auto\">KICKR im Kern:<\/span><\/p>\n<p><span dir=\"auto\">Dank bew\u00e4hrter Schwungradtechnologie und fortschrittlicher Algorithmen bietet der KICKR CORE das realistische, pr\u00e4zise und smarte Indoor-Trainingserlebnis, das du von Wahoo erwartest. Gefertigt aus robustem Stahl, der jahrelanger intensiver Nutzung standh\u00e4lt, liefert der KICKR CORE Leistung, Geschwindigkeit und Distanz bei deiner Indoor-Fahrt. Fahre mit dem KICKR CORE auf virtuellen Strecken und synchronisierten Videos, um die perfekte Route zu erstellen und das realistischste Fahrgef\u00fchl zu erleben. Lade Zwift, Fulgaz, Rouvy oder Kinomap auf dein Tablet oder Smartphone f\u00fcr ein optimales Fahrraderlebnis! Der KICKR CORE bietet die Pr\u00e4zision und Reaktionsschnelligkeit, die du f\u00fcr selbst die h\u00e4rtesten Krafteinheiten ben\u00f6tigst. Apps wie Trainerroad oder The Sufferfest helfen dir dabei! Der ELEMNT GPS-Radcomputer steuert den KICKR CORE direkt in verschiedenen Modi, einschlie\u00dflich dem Nachfahren von Outdoor-Strecken, dem Importieren geplanter Workouts oder dem Festlegen deiner Wattziele! Installiere f\u00fcr beste Ergebnisse die Wahoo und ELEMNT Companion-Apps. Dieser KICKR CORE ist der unverzichtbare Indoor-Smart-Trainer von Wahoo!        <\/span><\/p>\n<p><span dir=\"auto\">Max. Leistung: 1800 Watt<\/span><br \/>\n<span dir=\"auto\">Genauigkeit: +\/- 2 %<\/span><br \/>\n<span dir=\"auto\">Max. Steigung: 16 %<\/span><br \/>\n<span dir=\"auto\">Kassette nicht im Lieferumfang enthalten<\/span><br \/>\n<span dir=\"auto\">Kompatibel mit 8-, 9-, 10- &amp; 11-fach SRAM\/Shimano-Kassetten<\/span><br \/>\n<span dir=\"auto\">Adapter und Distanzst\u00fccke enthalten<\/span><br \/>\n<span dir=\"auto\">Zubeh\u00f6r: KICKR CLIMB, KICKR DESK, KICKR HEADWIND, KICKR MAT und TICKR Herzfrequenzmonitor (alle Zubeh\u00f6rteile separat erh\u00e4ltlich)<\/span><br \/>\n<span dir=\"auto\">Hinterradgr\u00f6\u00dfe: Rennrad: 24&#8221;, 650c, 700c. MTB: 24&#8221;, 26&#8221;, 650b, 29&#8221;. <\/span><br \/>\n<span dir=\"auto\">Verbindung: \u00fcber Bluetooth, ANT+ und FE-C<\/span><br \/>\n<span dir=\"auto\">Kompatibilit\u00e4t: Apple, Android und Windows.<\/span><\/p>\n","protected":false},"excerpt":{"rendered":"<p>KICKR im Kern: Dank bew\u00e4hrter Schwungradtechnologie und fortschrittlicher Algorithmen bietet der KICKR CORE das realistische, pr\u00e4zise und smarte Indoor-Trainingserlebnis, das du von Wahoo erwartest. Gefertigt aus robustem Stahl, der jahrelanger intensiver Nutzung standh\u00e4lt, liefert der KICKR CORE Leistung, Geschwindigkeit und Distanz bei deiner Indoor-Fahrt. Fahre mit dem KICKR CORE auf virtuellen Strecken und synchronisierten Videos, [&hellip;]<\/p>\n","protected":false},"featured_media":7641,"template":"","meta":{"_et_pb_use_builder":"","_et_pb_old_content":"","_et_gb_content_width":"","om_disable_all_campaigns":false,"_monsterinsights_skip_tracking":false,"_monsterinsights_sitenote_active":false,"_monsterinsights_sitenote_note":"","_monsterinsights_sitenote_category":0},"pwb-brand":[],"product_brand":[93],"product_cat":[669],"product_tag":[],"class_list":{"0":"post-7640","1":"product","2":"type-product","3":"status-publish","4":"has-post-thumbnail","6":"product_brand-wahoo","7":"product_cat-wahoo","9":"first","10":"instock","11":"sale","12":"taxable","13":"shipping-taxable","14":"purchasable","15":"product-type-simple"},"aioseo_notices":[],"brands":[],"_links":{"self":[{"href":"https:\/\/gravel-bikes.cc\/de\/wp-json\/wp\/v2\/product\/7640","targetHints":{"allow":["GET"]}}],"collection":[{"href":"https:\/\/gravel-bikes.cc\/de\/wp-json\/wp\/v2\/product"}],"about":[{"href":"https:\/\/gravel-bikes.cc\/de\/wp-json\/wp\/v2\/types\/product"}],"wp:featuredmedia":[{"embeddable":true,"href":"https:\/\/gravel-bikes.cc\/de\/wp-json\/wp\/v2\/media\/7641"}],"wp:attachment":[{"href":"https:\/\/gravel-bikes.cc\/de\/wp-json\/wp\/v2\/media?parent=7640"}],"wp:term":[{"taxonomy":"pwb-brand","embeddable":true,"href":"https:\/\/gravel-bikes.cc\/de\/wp-json\/wp\/v2\/pwb-brand?post=7640"},{"taxonomy":"product_brand","embeddable":true,"href":"https:\/\/gravel-bikes.cc\/de\/wp-json\/wp\/v2\/product_brand?post=7640"},{"taxonomy":"product_cat","embeddable":true,"href":"https:\/\/gravel-bikes.cc\/de\/wp-json\/wp\/v2\/product_cat?post=7640"},{"taxonomy":"product_tag","embeddable":true,"href":"https:\/\/gravel-bikes.cc\/de\/wp-json\/wp\/v2\/product_tag?post=7640"}],"curies":[{"name":"wp","href":"https:\/\/api.w.org\/{rel}","templated":true}]}}