{"id":7646,"date":"2026-02-16T20:24:00","date_gmt":"2026-02-16T20:24:00","guid":{"rendered":"https:\/\/gravel-bikes.cc\/produkt\/wahoo-kickr-core-2\/"},"modified":"2026-02-16T20:24:00","modified_gmt":"2026-02-16T20:24:00","slug":"wahoo-kickr-core-2","status":"publish","type":"product","link":"https:\/\/gravel-bikes.cc\/de\/produkt\/wahoo-kickr-core-2\/","title":{"rendered":"WAHOO KICKR CORE 2"},"content":{"rendered":"<p><span dir=\"auto\">Der KICKR CORE 2 erh\u00e4lt sein erstes gro\u00dfes Update seit sieben Jahren und hebt den beliebten Smart-Trainer auf die n\u00e4chste Stufe. Mit Wi-Fi-Konnektivit\u00e4t, einem \u00fcberarbeiteten Design und integrierten Sensoren ist der CORE 2 nicht nur einfacher zu bedienen, sondern auch eine zentrale Schaltstelle f\u00fcr alle Trainingsdaten. Dieser Trainer kombiniert h\u00f6chste Qualit\u00e4t mit einem \u00e4u\u00dferst attraktiven Preis und ist somit f\u00fcr jeden Radfahrer geeignet.  <\/span><\/p>\n<p><span dir=\"auto\">Neu: Noch mehr Konnektivit\u00e4t und Einfachheit<\/span><br \/>\n<span dir=\"auto\">Der CORE 2 ist jetzt mit Wi-Fi ausgestattet, was die Kopplung mit Apps und Ger\u00e4ten schneller und stabiler denn je macht. Dank des integrierten Sensor Hubs k\u00f6nnen Herzfrequenzmesser und Controller sofort verbunden werden, w\u00e4hrend automatische Firmware-Updates den Trainer immer auf dem neuesten Stand halten. <\/span><\/p>\n<p><span dir=\"auto\">Benutzerfreundlichkeit ist entscheidend<\/span><br \/>\n<span dir=\"auto\">Der CORE 2 verf\u00fcgt \u00fcber ein neues, stabiles Design mit einfacher Installation und aktualisierten farbigen LED-Leuchten, die sofort anzeigen, wann der Trainer einsatzbereit ist. Mit diesen intelligenten und intuitiven Funktionen kannst du dich voll auf dein Training konzentrieren, ohne jeglichen Aufwand. <\/span><\/p>\n<p><span dir=\"auto\">Die wichtigsten Funktionen auf einen Blick: <\/span><br \/>\n<span dir=\"auto\">&#8211; 1800 Watt maximaler Widerstand f\u00fcr eine herausfordernde und realistische Fahrt<\/span><br \/>\n<span dir=\"auto\">&#8211; Konnektivit\u00e4t via WiFi, Bluetooth &amp; ANT+ f\u00fcr perfekte Kopplung mit Apps und Ger\u00e4ten<\/span><br \/>\n<span dir=\"auto\">&#8211; Sensor Hub: integriere Herzfrequenzmesser und Controller direkt mit dem Trainer<\/span><br \/>\n<span dir=\"auto\">&#8211; Aktualisierte farbige LED-Leuchten f\u00fcr einen klaren \u00dcberblick \u00fcber Status und Konnektivit\u00e4t. <\/span><br \/>\n<span dir=\"auto\">&#8211; Automatische Firmware-Updates: immer die neuesten Funktionen ohne Aufwand<\/span><br \/>\n<span dir=\"auto\">&#8211; Race Mode: direkte Reaktion auf jede Anstrengung<\/span><br \/>\n<span dir=\"auto\">&#8211; Automatische Kalibrierung f\u00fcr genaue Messungen und optimales Training<\/span><br \/>\n<span dir=\"auto\">&#8211; 11-fach Kassette oder Zwift Cog: perfekt abgestimmt auf deine Lieblingsplattform<\/span><br \/>\n<span dir=\"auto\">&#8211; Virtuelles Schalten: nahtlose, realistische Gangwechsel w\u00e4hrend der Fahrt<\/span><\/p>\n","protected":false},"excerpt":{"rendered":"<p>Der KICKR CORE 2 erh\u00e4lt sein erstes gro\u00dfes Update seit sieben Jahren und hebt den beliebten Smart-Trainer auf die n\u00e4chste Stufe. Mit Wi-Fi-Konnektivit\u00e4t, einem \u00fcberarbeiteten Design und integrierten Sensoren ist der CORE 2 nicht nur einfacher zu bedienen, sondern auch eine zentrale Schaltstelle f\u00fcr alle Trainingsdaten. Dieser Trainer kombiniert h\u00f6chste Qualit\u00e4t mit einem \u00e4u\u00dferst attraktiven [&hellip;]<\/p>\n","protected":false},"featured_media":7647,"template":"","meta":{"_et_pb_use_builder":"","_et_pb_old_content":"","_et_gb_content_width":"","om_disable_all_campaigns":false,"_monsterinsights_skip_tracking":false,"_monsterinsights_sitenote_active":false,"_monsterinsights_sitenote_note":"","_monsterinsights_sitenote_category":0},"pwb-brand":[],"product_brand":[],"product_cat":[669],"product_tag":[],"class_list":{"0":"post-7646","1":"product","2":"type-product","3":"status-publish","4":"has-post-thumbnail","6":"product_cat-wahoo","8":"first","9":"instock","10":"sale","11":"taxable","12":"shipping-taxable","13":"purchasable","14":"product-type-simple"},"aioseo_notices":[],"brands":[],"_links":{"self":[{"href":"https:\/\/gravel-bikes.cc\/de\/wp-json\/wp\/v2\/product\/7646","targetHints":{"allow":["GET"]}}],"collection":[{"href":"https:\/\/gravel-bikes.cc\/de\/wp-json\/wp\/v2\/product"}],"about":[{"href":"https:\/\/gravel-bikes.cc\/de\/wp-json\/wp\/v2\/types\/product"}],"wp:featuredmedia":[{"embeddable":true,"href":"https:\/\/gravel-bikes.cc\/de\/wp-json\/wp\/v2\/media\/7647"}],"wp:attachment":[{"href":"https:\/\/gravel-bikes.cc\/de\/wp-json\/wp\/v2\/media?parent=7646"}],"wp:term":[{"taxonomy":"pwb-brand","embeddable":true,"href":"https:\/\/gravel-bikes.cc\/de\/wp-json\/wp\/v2\/pwb-brand?post=7646"},{"taxonomy":"product_brand","embeddable":true,"href":"https:\/\/gravel-bikes.cc\/de\/wp-json\/wp\/v2\/product_brand?post=7646"},{"taxonomy":"product_cat","embeddable":true,"href":"https:\/\/gravel-bikes.cc\/de\/wp-json\/wp\/v2\/product_cat?post=7646"},{"taxonomy":"product_tag","embeddable":true,"href":"https:\/\/gravel-bikes.cc\/de\/wp-json\/wp\/v2\/product_tag?post=7646"}],"curies":[{"name":"wp","href":"https:\/\/api.w.org\/{rel}","templated":true}]}}