{"id":7666,"date":"2026-02-20T16:07:20","date_gmt":"2026-02-20T16:07:20","guid":{"rendered":"https:\/\/gravel-bikes.cc\/produkt\/apidura-expedition-satteltasche\/"},"modified":"2026-02-20T16:11:31","modified_gmt":"2026-02-20T16:11:31","slug":"apidura-expedition-satteltasche","status":"publish","type":"product","link":"https:\/\/gravel-bikes.cc\/de\/produkt\/apidura-expedition-satteltasche\/","title":{"rendered":"APIDURA EXPEDITION SATTELTASCHE"},"content":{"rendered":"","protected":false},"excerpt":{"rendered":"<p>Unsere robusteste und ger\u00e4umigste Satteltasche, entwickelt f\u00fcr Kleidung und Ausr\u00fcstung auf Langstrecken-Bikepacking-Touren.<\/p>\n<p>Unser Anti-Wackel-System h\u00e4lt dein Equipment sicher unter dem Sattel, ganz ohne Gep\u00e4cktr\u00e4ger. Dank Rollverschluss und Entl\u00fcftungsventil passt du das Volumen flexibel an \u2013 egal ob du Tage, Wochen oder Monate unterwegs bist. <\/p>\n<p>\u2013 Robuste Konstruktion<br \/>\n\u2013 Kompressions-Entl\u00fcftungsventil<br \/>\n\u2013 Wackelfreie Befestigung<br \/>\n\u2013 Flexibles Volumen<br \/>\n\u2013 Nahtgeschwei\u00dfte Wasserdichtigkeit<\/p>\n","protected":false},"featured_media":7667,"template":"","meta":{"_et_pb_use_builder":"","_et_pb_old_content":"","_et_gb_content_width":"","om_disable_all_campaigns":false,"_monsterinsights_skip_tracking":false,"_monsterinsights_sitenote_active":false,"_monsterinsights_sitenote_note":"","_monsterinsights_sitenote_category":0},"pwb-brand":[],"product_brand":[],"product_cat":[220],"product_tag":[],"class_list":{"0":"post-7666","1":"product","2":"type-product","3":"status-publish","4":"has-post-thumbnail","6":"product_cat-bike-packing-taschen","8":"first","9":"instock","10":"taxable","11":"shipping-taxable","12":"purchasable","13":"product-type-variable"},"aioseo_notices":[],"brands":[],"_links":{"self":[{"href":"https:\/\/gravel-bikes.cc\/de\/wp-json\/wp\/v2\/product\/7666","targetHints":{"allow":["GET"]}}],"collection":[{"href":"https:\/\/gravel-bikes.cc\/de\/wp-json\/wp\/v2\/product"}],"about":[{"href":"https:\/\/gravel-bikes.cc\/de\/wp-json\/wp\/v2\/types\/product"}],"wp:featuredmedia":[{"embeddable":true,"href":"https:\/\/gravel-bikes.cc\/de\/wp-json\/wp\/v2\/media\/7667"}],"wp:attachment":[{"href":"https:\/\/gravel-bikes.cc\/de\/wp-json\/wp\/v2\/media?parent=7666"}],"wp:term":[{"taxonomy":"pwb-brand","embeddable":true,"href":"https:\/\/gravel-bikes.cc\/de\/wp-json\/wp\/v2\/pwb-brand?post=7666"},{"taxonomy":"product_brand","embeddable":true,"href":"https:\/\/gravel-bikes.cc\/de\/wp-json\/wp\/v2\/product_brand?post=7666"},{"taxonomy":"product_cat","embeddable":true,"href":"https:\/\/gravel-bikes.cc\/de\/wp-json\/wp\/v2\/product_cat?post=7666"},{"taxonomy":"product_tag","embeddable":true,"href":"https:\/\/gravel-bikes.cc\/de\/wp-json\/wp\/v2\/product_tag?post=7666"}],"curies":[{"name":"wp","href":"https:\/\/api.w.org\/{rel}","templated":true}]}}