{"id":7677,"date":"2026-02-20T16:19:55","date_gmt":"2026-02-20T16:19:55","guid":{"rendered":"https:\/\/gravel-bikes.cc\/produkt\/apidura-racing-satteltasche\/"},"modified":"2026-02-20T16:22:46","modified_gmt":"2026-02-20T16:22:46","slug":"apidura-racing-satteltasche","status":"publish","type":"product","link":"https:\/\/gravel-bikes.cc\/de\/produkt\/apidura-racing-satteltasche\/","title":{"rendered":"APIDURA Racing Satteltasche"},"content":{"rendered":"<p>Eine kompakte, leichte Satteltasche, optimiert f\u00fcr Ultra-Distanz-Wettk\u00e4mpfe und schnelle, k\u00fcrzere Touren.<\/p>\n<p>Perfekt zum Verstauen von leichtem Equipment: Das Dreipunkt-Befestigungssystem h\u00e4lt sie sicher und reduziert den Luftwiderstand, w\u00e4hrend reflektierende Details die Sichtbarkeit erh\u00f6hen. W\u00e4hle 3L f\u00fcr schnelle, leichte Touren, Eintagesrennen oder Audax. F\u00fcr Mehrtagesrennen empfehlen wir 5L oder 7L.  <\/p>\n<div class=\"ewa-rteLine\">\u2013 Leichte Konstruktion<\/div>\n<div class=\"ewa-rteLine\">\u2013 Kompressions-Luftablassventil<\/div>\n<div class=\"ewa-rteLine\">\u2013 Anti-Schaukel-Befestigung<\/div>\n<div class=\"ewa-rteLine\">\u2013 Flexibles Volumen<\/div>\n<div class=\"ewa-rteLine\">\u2013 Nahtverschwei\u00dfte Wasserdichtigkeit<\/div>\n","protected":false},"excerpt":{"rendered":"<p>Eine kompakte, leichte Satteltasche, optimiert f\u00fcr Ultra-Distanz-Wettk\u00e4mpfe und schnelle, k\u00fcrzere Touren. Perfekt zum Verstauen von leichtem Equipment: Das Dreipunkt-Befestigungssystem h\u00e4lt sie sicher und reduziert den Luftwiderstand, w\u00e4hrend reflektierende Details die Sichtbarkeit erh\u00f6hen. W\u00e4hle 3L f\u00fcr schnelle, leichte Touren, Eintagesrennen oder Audax. F\u00fcr Mehrtagesrennen empfehlen wir 5L oder 7L. \u2013 Leichte Konstruktion \u2013 Kompressions-Luftablassventil \u2013 Anti-Schaukel-Befestigung [&hellip;]<\/p>\n","protected":false},"featured_media":7678,"template":"","meta":{"_et_pb_use_builder":"","_et_pb_old_content":"","_et_gb_content_width":"","om_disable_all_campaigns":false,"_monsterinsights_skip_tracking":false,"_monsterinsights_sitenote_active":false,"_monsterinsights_sitenote_note":"","_monsterinsights_sitenote_category":0},"pwb-brand":[],"product_brand":[],"product_cat":[220,384],"product_tag":[698],"class_list":{"0":"post-7677","1":"product","2":"type-product","3":"status-publish","4":"has-post-thumbnail","6":"product_cat-bike-packing-taschen","7":"product_cat-nicht-kategorisiert-2","8":"product_tag-bikepacking-hamburg","10":"first","11":"outofstock","12":"taxable","13":"shipping-taxable","14":"product-type-variable"},"aioseo_notices":[],"brands":[],"_links":{"self":[{"href":"https:\/\/gravel-bikes.cc\/de\/wp-json\/wp\/v2\/product\/7677","targetHints":{"allow":["GET"]}}],"collection":[{"href":"https:\/\/gravel-bikes.cc\/de\/wp-json\/wp\/v2\/product"}],"about":[{"href":"https:\/\/gravel-bikes.cc\/de\/wp-json\/wp\/v2\/types\/product"}],"wp:featuredmedia":[{"embeddable":true,"href":"https:\/\/gravel-bikes.cc\/de\/wp-json\/wp\/v2\/media\/7678"}],"wp:attachment":[{"href":"https:\/\/gravel-bikes.cc\/de\/wp-json\/wp\/v2\/media?parent=7677"}],"wp:term":[{"taxonomy":"pwb-brand","embeddable":true,"href":"https:\/\/gravel-bikes.cc\/de\/wp-json\/wp\/v2\/pwb-brand?post=7677"},{"taxonomy":"product_brand","embeddable":true,"href":"https:\/\/gravel-bikes.cc\/de\/wp-json\/wp\/v2\/product_brand?post=7677"},{"taxonomy":"product_cat","embeddable":true,"href":"https:\/\/gravel-bikes.cc\/de\/wp-json\/wp\/v2\/product_cat?post=7677"},{"taxonomy":"product_tag","embeddable":true,"href":"https:\/\/gravel-bikes.cc\/de\/wp-json\/wp\/v2\/product_tag?post=7677"}],"curies":[{"name":"wp","href":"https:\/\/api.w.org\/{rel}","templated":true}]}}