{"id":7689,"date":"2026-02-20T17:06:11","date_gmt":"2026-02-20T17:06:11","guid":{"rendered":"https:\/\/gravel-bikes.cc\/produkt\/apidura-satteltasche\/"},"modified":"2026-02-20T17:11:40","modified_gmt":"2026-02-20T17:11:40","slug":"apidura-satteltasche","status":"publish","type":"product","link":"https:\/\/gravel-bikes.cc\/de\/produkt\/apidura-satteltasche\/","title":{"rendered":"APIDURA SATTELTASCHE"},"content":{"rendered":"<p>Eine extrem strapazierf\u00e4hige und leichte Satteltasche, optimiert f\u00fcr Fahrr\u00e4der mit geringem Abstand zum Hinterrad bei Offroad-Fahrten.<\/p>\n<p>Diese Mountainbike-Satteltaschen sind ideal f\u00fcr leichte, komprimierbare Ausr\u00fcstung und bieten ein ger\u00e4umiges Fach unter dem Sattel. Die Befestigung erfolgt \u00fcber ein einfaches Dreipunkt-System und ist f\u00fcr die Verwendung mit Dropper-Posts ausgelegt. Der optionale <a href=\"https:\/\/www.apidura.com\/shop\/backcountry-dropper-post-adapter\/\">Dropper Post Adapter<\/a> bietet zus\u00e4tzlichen Halt und hilft, den Abstand zwischen Tasche und Rad zu wahren.  <\/p>\n<p>\u2013 Dropper-Post-kompatibel<br \/>\n\u2013 Abriebfeste Eins\u00e4tze<br \/>\n\u2013 Kompressions-Entl\u00fcftungsventil<br \/>\n\u2013 Anti-Wackel-Befestigung<br \/>\n\u2013 Nahtverschwei\u00dfte Impr\u00e4gnierung<\/p>\n","protected":false},"excerpt":{"rendered":"<p>Eine extrem strapazierf\u00e4hige und leichte Satteltasche, optimiert f\u00fcr Fahrr\u00e4der mit geringem Abstand zum Hinterrad bei Offroad-Fahrten. Diese Mountainbike-Satteltaschen sind ideal f\u00fcr leichte, komprimierbare Ausr\u00fcstung und bieten ein ger\u00e4umiges Fach unter dem Sattel. Die Befestigung erfolgt \u00fcber ein einfaches Dreipunkt-System und ist f\u00fcr die Verwendung mit Dropper-Posts ausgelegt. Der optionale Dropper Post Adapter bietet zus\u00e4tzlichen Halt [&hellip;]<\/p>\n","protected":false},"featured_media":7690,"template":"","meta":{"_et_pb_use_builder":"","_et_pb_old_content":"","_et_gb_content_width":""},"pwb-brand":[701],"product_brand":[699],"product_cat":[220],"product_tag":[395],"class_list":{"0":"post-7689","1":"product","2":"type-product","3":"status-publish","4":"has-post-thumbnail","6":"pwb-brand-apidura","7":"product_brand-apidura","8":"product_cat-bike-packing-taschen","9":"product_tag-bike-packing","11":"first","12":"instock","13":"taxable","14":"shipping-taxable","15":"purchasable","16":"product-type-variable"},"aioseo_notices":[],"brands":[{"id":701,"name":"APIDURA","slug":"apidura"}],"_links":{"self":[{"href":"https:\/\/gravel-bikes.cc\/de\/wp-json\/wp\/v2\/product\/7689","targetHints":{"allow":["GET"]}}],"collection":[{"href":"https:\/\/gravel-bikes.cc\/de\/wp-json\/wp\/v2\/product"}],"about":[{"href":"https:\/\/gravel-bikes.cc\/de\/wp-json\/wp\/v2\/types\/product"}],"wp:featuredmedia":[{"embeddable":true,"href":"https:\/\/gravel-bikes.cc\/de\/wp-json\/wp\/v2\/media\/7690"}],"wp:attachment":[{"href":"https:\/\/gravel-bikes.cc\/de\/wp-json\/wp\/v2\/media?parent=7689"}],"wp:term":[{"taxonomy":"pwb-brand","embeddable":true,"href":"https:\/\/gravel-bikes.cc\/de\/wp-json\/wp\/v2\/pwb-brand?post=7689"},{"taxonomy":"product_brand","embeddable":true,"href":"https:\/\/gravel-bikes.cc\/de\/wp-json\/wp\/v2\/product_brand?post=7689"},{"taxonomy":"product_cat","embeddable":true,"href":"https:\/\/gravel-bikes.cc\/de\/wp-json\/wp\/v2\/product_cat?post=7689"},{"taxonomy":"product_tag","embeddable":true,"href":"https:\/\/gravel-bikes.cc\/de\/wp-json\/wp\/v2\/product_tag?post=7689"}],"curies":[{"name":"wp","href":"https:\/\/api.w.org\/{rel}","templated":true}]}}