{"id":7723,"date":"2026-02-20T17:31:37","date_gmt":"2026-02-20T17:31:37","guid":{"rendered":"https:\/\/gravel-bikes.cc\/produkt\/maap-x-apidura-satteltasche-7l\/"},"modified":"2026-02-20T17:31:37","modified_gmt":"2026-02-20T17:31:37","slug":"maap-x-apidura-satteltasche-7l","status":"publish","type":"product","link":"https:\/\/gravel-bikes.cc\/de\/produkt\/maap-x-apidura-satteltasche-7l\/","title":{"rendered":"MAAP x Apidura Satteltasche 7L"},"content":{"rendered":"<p>Eine kompakte und leichte Satteltasche, optimiert f\u00fcr Ultra-Distanzen in jedem Gel\u00e4nde, ganz im Sinne des Alt Road-Ethos von MAAP.<\/p>\n<p>Ideal zum Verstauen leichter, komprimierbarer Ausr\u00fcstung auf langen Strecken. Der Rollverschluss erm\u00f6glicht ein anpassbares Volumen, w\u00e4hrend ein Gummizug zus\u00e4tzliche Kleidung oder Regenjacken griffbereit h\u00e4lt. Das Drei-Punkt-Befestigungssystem sorgt f\u00fcr sicheren Halt und reduziert den Luftwiderstand, w\u00e4hrend reflektierende Details die Sichtbarkeit erh\u00f6hen. <\/p>\n<p>Diese limitierten Kollaborations-Taschen vereinen die funktionale \u00c4sthetik von Apidura mit dem markanten \u201eLoam Green\u201c und dem kontrastreichen grafischen Flair von MAAP als Teil ihrer Alt Road-Kollektion.<\/p>\n<p>\u2013 Exklusive MAAP Alt Road-Farbvariante<br \/>\n\u2013 Leichtbauweise<br \/>\n\u2013 Kompressions-Entl\u00fcftungsventil<br \/>\n\u2013 Anti-Wackel-Befestigung<br \/>\n\u2013 Flexibles Volumen<br \/>\n\u2013 Nahtverschwei\u00dfte Impr\u00e4gnierung<\/p>\n","protected":false},"excerpt":{"rendered":"<p>Eine kompakte und leichte Satteltasche, optimiert f\u00fcr Ultra-Distanzen in jedem Gel\u00e4nde, ganz im Sinne des Alt Road-Ethos von MAAP. Ideal zum Verstauen leichter, komprimierbarer Ausr\u00fcstung auf langen Strecken. Der Rollverschluss erm\u00f6glicht ein anpassbares Volumen, w\u00e4hrend ein Gummizug zus\u00e4tzliche Kleidung oder Regenjacken griffbereit h\u00e4lt. Das Drei-Punkt-Befestigungssystem sorgt f\u00fcr sicheren Halt und reduziert den Luftwiderstand, w\u00e4hrend reflektierende [&hellip;]<\/p>\n","protected":false},"featured_media":7724,"template":"","meta":{"_et_pb_use_builder":"","_et_pb_old_content":"","_et_gb_content_width":"","om_disable_all_campaigns":false,"_monsterinsights_skip_tracking":false,"_monsterinsights_sitenote_active":false,"_monsterinsights_sitenote_note":"","_monsterinsights_sitenote_category":0},"pwb-brand":[701],"product_brand":[],"product_cat":[220,384],"product_tag":[],"class_list":{"0":"post-7723","1":"product","2":"type-product","3":"status-publish","4":"has-post-thumbnail","6":"pwb-brand-apidura","7":"product_cat-bike-packing-taschen","8":"product_cat-nicht-kategorisiert-2","9":"product_shipping_class-kleinteile","11":"first","12":"instock","13":"taxable","14":"shipping-taxable","15":"product-type-simple"},"aioseo_notices":[],"brands":[{"id":701,"name":"APIDURA","slug":"apidura"}],"_links":{"self":[{"href":"https:\/\/gravel-bikes.cc\/de\/wp-json\/wp\/v2\/product\/7723","targetHints":{"allow":["GET"]}}],"collection":[{"href":"https:\/\/gravel-bikes.cc\/de\/wp-json\/wp\/v2\/product"}],"about":[{"href":"https:\/\/gravel-bikes.cc\/de\/wp-json\/wp\/v2\/types\/product"}],"wp:featuredmedia":[{"embeddable":true,"href":"https:\/\/gravel-bikes.cc\/de\/wp-json\/wp\/v2\/media\/7724"}],"wp:attachment":[{"href":"https:\/\/gravel-bikes.cc\/de\/wp-json\/wp\/v2\/media?parent=7723"}],"wp:term":[{"taxonomy":"pwb-brand","embeddable":true,"href":"https:\/\/gravel-bikes.cc\/de\/wp-json\/wp\/v2\/pwb-brand?post=7723"},{"taxonomy":"product_brand","embeddable":true,"href":"https:\/\/gravel-bikes.cc\/de\/wp-json\/wp\/v2\/product_brand?post=7723"},{"taxonomy":"product_cat","embeddable":true,"href":"https:\/\/gravel-bikes.cc\/de\/wp-json\/wp\/v2\/product_cat?post=7723"},{"taxonomy":"product_tag","embeddable":true,"href":"https:\/\/gravel-bikes.cc\/de\/wp-json\/wp\/v2\/product_tag?post=7723"}],"curies":[{"name":"wp","href":"https:\/\/api.w.org\/{rel}","templated":true}]}}