{"id":7729,"date":"2026-02-20T17:38:37","date_gmt":"2026-02-20T17:38:37","guid":{"rendered":"https:\/\/gravel-bikes.cc\/produkt\/apidura-werkzeugtasche\/"},"modified":"2026-02-20T17:41:55","modified_gmt":"2026-02-20T17:41:55","slug":"apidura-werkzeugtasche","status":"publish","type":"product","link":"https:\/\/gravel-bikes.cc\/de\/produkt\/apidura-werkzeugtasche\/","title":{"rendered":"APIDURA Werkzeugtasche"},"content":{"rendered":"<p>&nbsp;<\/p>\n<p>\u2013 Robuste Verarbeitung<br \/>\n\u2013 Sichere Befestigung<br \/>\n\u2013 Flaches Design<br \/>\n\u2013 Flexibles Fassungsverm\u00f6gen<br \/>\n\u2013 Wasserdicht durch verschwei\u00dfte N\u00e4hte<\/p>\n","protected":false},"excerpt":{"rendered":"<p>Eine ultrakompakte und wasserdichte Werkzeugtasche zur Aufbewahrung des wichtigsten Reparaturzubeh\u00f6rs f\u00fcr die t\u00e4gliche Ausfahrt.<\/p>\n<p>Mit ihrem konisch zulaufenden, flachen Design l\u00e4sst sich die Expedition Tool Pack mittels Klettverschluss sicher unter dem Sattel befestigen. Es ist Platz f\u00fcr zwei Ersatzschl\u00e4uche, Reifenheber, ein kleines Multitool und eine CO2-Kartusche. Ein robustes, wasserdichtes Material sch\u00fctzt den Inhalt vor Spritzwasser und Schmutz.  <\/p>\n<p>&nbsp;<\/p>\n","protected":false},"featured_media":7730,"template":"","meta":{"_et_pb_use_builder":"","_et_pb_old_content":"","_et_gb_content_width":"","om_disable_all_campaigns":false,"_monsterinsights_skip_tracking":false,"_monsterinsights_sitenote_active":false,"_monsterinsights_sitenote_note":"","_monsterinsights_sitenote_category":0},"pwb-brand":[],"product_brand":[],"product_cat":[220,384],"product_tag":[],"class_list":{"0":"post-7729","1":"product","2":"type-product","3":"status-publish","4":"has-post-thumbnail","6":"product_cat-bike-packing-taschen","7":"product_cat-nicht-kategorisiert-2","9":"first","10":"instock","11":"taxable","12":"shipping-taxable","13":"purchasable","14":"product-type-simple"},"aioseo_notices":[],"brands":[],"_links":{"self":[{"href":"https:\/\/gravel-bikes.cc\/de\/wp-json\/wp\/v2\/product\/7729","targetHints":{"allow":["GET"]}}],"collection":[{"href":"https:\/\/gravel-bikes.cc\/de\/wp-json\/wp\/v2\/product"}],"about":[{"href":"https:\/\/gravel-bikes.cc\/de\/wp-json\/wp\/v2\/types\/product"}],"wp:featuredmedia":[{"embeddable":true,"href":"https:\/\/gravel-bikes.cc\/de\/wp-json\/wp\/v2\/media\/7730"}],"wp:attachment":[{"href":"https:\/\/gravel-bikes.cc\/de\/wp-json\/wp\/v2\/media?parent=7729"}],"wp:term":[{"taxonomy":"pwb-brand","embeddable":true,"href":"https:\/\/gravel-bikes.cc\/de\/wp-json\/wp\/v2\/pwb-brand?post=7729"},{"taxonomy":"product_brand","embeddable":true,"href":"https:\/\/gravel-bikes.cc\/de\/wp-json\/wp\/v2\/product_brand?post=7729"},{"taxonomy":"product_cat","embeddable":true,"href":"https:\/\/gravel-bikes.cc\/de\/wp-json\/wp\/v2\/product_cat?post=7729"},{"taxonomy":"product_tag","embeddable":true,"href":"https:\/\/gravel-bikes.cc\/de\/wp-json\/wp\/v2\/product_tag?post=7729"}],"curies":[{"name":"wp","href":"https:\/\/api.w.org\/{rel}","templated":true}]}}