{"id":7741,"date":"2026-02-20T17:47:43","date_gmt":"2026-02-20T17:47:43","guid":{"rendered":"https:\/\/gravel-bikes.cc\/produkt\/apidura-rahmentasche\/"},"modified":"2026-02-20T17:47:43","modified_gmt":"2026-02-20T17:47:43","slug":"apidura-rahmentasche","status":"publish","type":"product","link":"https:\/\/gravel-bikes.cc\/de\/produkt\/apidura-rahmentasche\/","title":{"rendered":"APIDURA RAHMENTASCHE"},"content":{"rendered":"<p>Eine wasserfeste und langlebige Rahmentasche, gebaut f\u00fcr Zuverl\u00e4ssigkeit und Vielseitigkeit, entwickelt f\u00fcr t\u00e4gliche Fahrten und mehrt\u00e4gige Abenteuer.<\/p>\n<p>Das Expedition Frame Pack wird sicher an der Innenseite des Rahmens befestigt und hilft dabei, das Gewicht zu zentralisieren, was ein nat\u00fcrlicheres Fahrverhalten erm\u00f6glicht. Die wasserfeste, langlebige und leichte Konstruktion macht es zu einer Schl\u00fcsselkomponente gr\u00f6\u00dferer Bikepacking-Setups, w\u00e4hrend das dezente Design es ideal als Einzeltasche f\u00fcr t\u00e4gliche Fahrten macht.  <\/p>\n<p>In verschiedenen Optionen erh\u00e4ltlich, um unterschiedlichen Rahmengr\u00f6\u00dfen und -formen gerecht zu werden. Compact-Taschen eignen sich generell f\u00fcr moderne Carbon- oder Alu-Rahmengeometrien. Tall-Taschen sind f\u00fcr Stahl- oder Titanrahmen mit l\u00e4ngeren Steuerrohren konzipiert. Nutze unser <a href=\"https:\/\/www.apidura.com\/frame-pack-sizing\/\">interaktives Sizing-Tool<\/a>, um die perfekte Passform f\u00fcr dein Rad zu finden.   <\/p>\n<p>\u2013 Robuste Konstruktion<br \/>\n\u2013 Kompatibel mit Oberrohrtaschen<br \/>\n\u2013 Kabeldurchlass zum Laden von Ger\u00e4ten<br \/>\n\u2013 Wasserdicht verschwei\u00dfte N\u00e4hte<\/p>\n<p>&nbsp;<\/p>\n","protected":false},"excerpt":{"rendered":"<p>Eine wasserfeste und langlebige Rahmentasche, gebaut f\u00fcr Zuverl\u00e4ssigkeit und Vielseitigkeit, entwickelt f\u00fcr t\u00e4gliche Fahrten und mehrt\u00e4gige Abenteuer. Das Expedition Frame Pack wird sicher an der Innenseite des Rahmens befestigt und hilft dabei, das Gewicht zu zentralisieren, was ein nat\u00fcrlicheres Fahrverhalten erm\u00f6glicht. Die wasserfeste, langlebige und leichte Konstruktion macht es zu einer Schl\u00fcsselkomponente gr\u00f6\u00dferer Bikepacking-Setups, w\u00e4hrend [&hellip;]<\/p>\n","protected":false},"featured_media":7742,"template":"","meta":{"_et_pb_use_builder":"","_et_pb_old_content":"","_et_gb_content_width":"","om_disable_all_campaigns":false,"_monsterinsights_skip_tracking":false,"_monsterinsights_sitenote_active":false,"_monsterinsights_sitenote_note":"","_monsterinsights_sitenote_category":0},"pwb-brand":[],"product_brand":[],"product_cat":[220,384],"product_tag":[],"class_list":{"0":"post-7741","1":"product","2":"type-product","3":"status-publish","4":"has-post-thumbnail","6":"product_cat-bike-packing-taschen","7":"product_cat-nicht-kategorisiert-2","9":"first","10":"instock","11":"taxable","12":"shipping-taxable","13":"product-type-simple"},"aioseo_notices":[],"brands":[],"_links":{"self":[{"href":"https:\/\/gravel-bikes.cc\/de\/wp-json\/wp\/v2\/product\/7741","targetHints":{"allow":["GET"]}}],"collection":[{"href":"https:\/\/gravel-bikes.cc\/de\/wp-json\/wp\/v2\/product"}],"about":[{"href":"https:\/\/gravel-bikes.cc\/de\/wp-json\/wp\/v2\/types\/product"}],"wp:featuredmedia":[{"embeddable":true,"href":"https:\/\/gravel-bikes.cc\/de\/wp-json\/wp\/v2\/media\/7742"}],"wp:attachment":[{"href":"https:\/\/gravel-bikes.cc\/de\/wp-json\/wp\/v2\/media?parent=7741"}],"wp:term":[{"taxonomy":"pwb-brand","embeddable":true,"href":"https:\/\/gravel-bikes.cc\/de\/wp-json\/wp\/v2\/pwb-brand?post=7741"},{"taxonomy":"product_brand","embeddable":true,"href":"https:\/\/gravel-bikes.cc\/de\/wp-json\/wp\/v2\/product_brand?post=7741"},{"taxonomy":"product_cat","embeddable":true,"href":"https:\/\/gravel-bikes.cc\/de\/wp-json\/wp\/v2\/product_cat?post=7741"},{"taxonomy":"product_tag","embeddable":true,"href":"https:\/\/gravel-bikes.cc\/de\/wp-json\/wp\/v2\/product_tag?post=7741"}],"curies":[{"name":"wp","href":"https:\/\/api.w.org\/{rel}","templated":true}]}}