{"id":7752,"date":"2026-02-20T17:58:42","date_gmt":"2026-02-20T17:58:42","guid":{"rendered":"https:\/\/gravel-bikes.cc\/produkt\/apidura-expidition-full-frame-pack\/"},"modified":"2026-02-20T17:58:42","modified_gmt":"2026-02-20T17:58:42","slug":"apidura-expidition-full-frame-pack","status":"publish","type":"product","link":"https:\/\/gravel-bikes.cc\/de\/produkt\/apidura-expidition-full-frame-pack\/","title":{"rendered":"APIDURA Expidition Full Frame Pack"},"content":{"rendered":"<p>Eine wasserdichte und langlebige Rahmentasche, die den Stauraum im Rahmen f\u00fcr mehrt\u00e4gige Touren maximiert.<\/p>\n<p>Die Expedition Full Frame Pack f\u00fcllt das Hauptdreieck des Rahmens und schafft viel Platz f\u00fcr schwerere Ausr\u00fcstung auf l\u00e4ngeren Touren. Der dadurch niedrige Schwerpunkt sorgt f\u00fcr nat\u00fcrliches Fahrverhalten bei gleichzeitig hohem Stauvolumen. Eine ideale Erg\u00e4nzung f\u00fcr jedes Langstrecken-Bikepacking-Setup.  <\/p>\n<p>Diese Tasche ist kompatibel mit der <a href=\"https:\/\/www.apidura.com\/shop\/frame-pack-hydration-bladder\/\">Frame Pack Hydration Bladder<\/a>, die es erm\u00f6glicht, leicht zug\u00e4ngliches Wasser ohne Flaschenhalter mitzuf\u00fchren.<\/p>\n<p>\u2013 Langlebige Konstruktion<br \/>\n\u2013 Maximierte Kapazit\u00e4t<br \/>\n\u2013 Oberrohr-Tasche kompatibel<br \/>\n\u2013 Trinksystem kompatibel<br \/>\n\u2013 Nahtversiegelte Wasserdichtigkeit<\/p>\n","protected":false},"excerpt":{"rendered":"<p>Eine wasserdichte und langlebige Rahmentasche, die den Stauraum im Rahmen f\u00fcr mehrt\u00e4gige Touren maximiert. Die Expedition Full Frame Pack f\u00fcllt das Hauptdreieck des Rahmens und schafft viel Platz f\u00fcr schwerere Ausr\u00fcstung auf l\u00e4ngeren Touren. Der dadurch niedrige Schwerpunkt sorgt f\u00fcr nat\u00fcrliches Fahrverhalten bei gleichzeitig hohem Stauvolumen. Eine ideale Erg\u00e4nzung f\u00fcr jedes Langstrecken-Bikepacking-Setup. Diese Tasche ist [&hellip;]<\/p>\n","protected":false},"featured_media":7753,"template":"","meta":{"_et_pb_use_builder":"","_et_pb_old_content":"","_et_gb_content_width":"","om_disable_all_campaigns":false,"_monsterinsights_skip_tracking":false,"_monsterinsights_sitenote_active":false,"_monsterinsights_sitenote_note":"","_monsterinsights_sitenote_category":0},"pwb-brand":[],"product_brand":[699],"product_cat":[220],"product_tag":[],"class_list":{"0":"post-7752","1":"product","2":"type-product","3":"status-publish","4":"has-post-thumbnail","6":"product_brand-apidura","7":"product_cat-bike-packing-taschen","8":"product_shipping_class-kleinteile","10":"first","11":"instock","12":"taxable","13":"shipping-taxable","14":"purchasable","15":"product-type-simple"},"aioseo_notices":[],"brands":[],"_links":{"self":[{"href":"https:\/\/gravel-bikes.cc\/de\/wp-json\/wp\/v2\/product\/7752","targetHints":{"allow":["GET"]}}],"collection":[{"href":"https:\/\/gravel-bikes.cc\/de\/wp-json\/wp\/v2\/product"}],"about":[{"href":"https:\/\/gravel-bikes.cc\/de\/wp-json\/wp\/v2\/types\/product"}],"wp:featuredmedia":[{"embeddable":true,"href":"https:\/\/gravel-bikes.cc\/de\/wp-json\/wp\/v2\/media\/7753"}],"wp:attachment":[{"href":"https:\/\/gravel-bikes.cc\/de\/wp-json\/wp\/v2\/media?parent=7752"}],"wp:term":[{"taxonomy":"pwb-brand","embeddable":true,"href":"https:\/\/gravel-bikes.cc\/de\/wp-json\/wp\/v2\/pwb-brand?post=7752"},{"taxonomy":"product_brand","embeddable":true,"href":"https:\/\/gravel-bikes.cc\/de\/wp-json\/wp\/v2\/product_brand?post=7752"},{"taxonomy":"product_cat","embeddable":true,"href":"https:\/\/gravel-bikes.cc\/de\/wp-json\/wp\/v2\/product_cat?post=7752"},{"taxonomy":"product_tag","embeddable":true,"href":"https:\/\/gravel-bikes.cc\/de\/wp-json\/wp\/v2\/product_tag?post=7752"}],"curies":[{"name":"wp","href":"https:\/\/api.w.org\/{rel}","templated":true}]}}