{"id":7758,"date":"2026-02-20T18:05:15","date_gmt":"2026-02-20T18:05:15","guid":{"rendered":"https:\/\/gravel-bikes.cc\/produkt\/maap-x-apidura-rahmentasche-4l\/"},"modified":"2026-02-20T18:07:31","modified_gmt":"2026-02-20T18:07:31","slug":"maap-x-apidura-rahmentasche-4l","status":"publish","type":"product","link":"https:\/\/gravel-bikes.cc\/de\/produkt\/maap-x-apidura-rahmentasche-4l\/","title":{"rendered":"MAAP x APIDURA Rahmentasche 4L"},"content":{"rendered":"<p>Eine leichte und wasserdichte Rahmentasche \u2013 der ideale Begleiter f\u00fcr Ultra-Distance-Abenteuer und Touren, die MAAPs Alt-Road-Ethos leben.<\/p>\n<p>Die MAAP x Apidura Rahmentasche sorgt f\u00fcr ein gutes Handling, indem sie das Gewicht im Rahmen zentriert. Eine integrierte St\u00fctzstruktur erh\u00f6ht die Steifigkeit und macht die Rahmentasche besonders minimalistisch und leicht \u2013 ideal f\u00fcr schnelle, lange Fahrten. <\/p>\n<p>Die \u00e4u\u00dfere Mesh-Tasche ist der perfekte Platz f\u00fcr Verpackungen, Kleingeld und andere Kleinteile, die Gravelbiker auf langen, abgelegenen Touren so sammeln. Unterwegs laden geht dank eines gesch\u00fctzten Kabelports an der Vorderseite der Tasche. <\/p>\n<p>Diese limitierten Kollaborations-Taschen vereinen die funktionale \u00c4sthetik von Apidura mit dem markanten \u201eLoam Green\u201c und dem kontrastreichen grafischen Flair von MAAP als Teil ihrer Alt Road-Kollektion.<\/p>\n<p>\u2013 Exklusive MAAP Alt Road Farbvariante<br \/>\n\u2013 Leichte Konstruktion<br \/>\n\u2013 Kabelport zum Laden von Ger\u00e4ten<br \/>\n\u2013 Nahtverschwei\u00dfte Wasserdichtigkeit<\/p>\n","protected":false},"excerpt":{"rendered":"<p>Eine leichte und wasserdichte Rahmentasche \u2013 der ideale Begleiter f\u00fcr Ultra-Distance-Abenteuer und Touren, die MAAPs Alt-Road-Ethos leben. Die MAAP x Apidura Rahmentasche sorgt f\u00fcr ein gutes Handling, indem sie das Gewicht im Rahmen zentriert. Eine integrierte St\u00fctzstruktur erh\u00f6ht die Steifigkeit und macht die Rahmentasche besonders minimalistisch und leicht \u2013 ideal f\u00fcr schnelle, lange Fahrten. Die [&hellip;]<\/p>\n","protected":false},"featured_media":7759,"template":"","meta":{"_et_pb_use_builder":"","_et_pb_old_content":"","_et_gb_content_width":"","om_disable_all_campaigns":false,"_monsterinsights_skip_tracking":false,"_monsterinsights_sitenote_active":false,"_monsterinsights_sitenote_note":"","_monsterinsights_sitenote_category":0},"pwb-brand":[],"product_brand":[],"product_cat":[220],"product_tag":[],"class_list":{"0":"post-7758","1":"product","2":"type-product","3":"status-publish","4":"has-post-thumbnail","6":"product_cat-bike-packing-taschen","7":"product_shipping_class-kleinteile","9":"first","10":"instock","11":"taxable","12":"shipping-taxable","13":"purchasable","14":"product-type-simple"},"aioseo_notices":[],"brands":[],"_links":{"self":[{"href":"https:\/\/gravel-bikes.cc\/de\/wp-json\/wp\/v2\/product\/7758","targetHints":{"allow":["GET"]}}],"collection":[{"href":"https:\/\/gravel-bikes.cc\/de\/wp-json\/wp\/v2\/product"}],"about":[{"href":"https:\/\/gravel-bikes.cc\/de\/wp-json\/wp\/v2\/types\/product"}],"wp:featuredmedia":[{"embeddable":true,"href":"https:\/\/gravel-bikes.cc\/de\/wp-json\/wp\/v2\/media\/7759"}],"wp:attachment":[{"href":"https:\/\/gravel-bikes.cc\/de\/wp-json\/wp\/v2\/media?parent=7758"}],"wp:term":[{"taxonomy":"pwb-brand","embeddable":true,"href":"https:\/\/gravel-bikes.cc\/de\/wp-json\/wp\/v2\/pwb-brand?post=7758"},{"taxonomy":"product_brand","embeddable":true,"href":"https:\/\/gravel-bikes.cc\/de\/wp-json\/wp\/v2\/product_brand?post=7758"},{"taxonomy":"product_cat","embeddable":true,"href":"https:\/\/gravel-bikes.cc\/de\/wp-json\/wp\/v2\/product_cat?post=7758"},{"taxonomy":"product_tag","embeddable":true,"href":"https:\/\/gravel-bikes.cc\/de\/wp-json\/wp\/v2\/product_tag?post=7758"}],"curies":[{"name":"wp","href":"https:\/\/api.w.org\/{rel}","templated":true}]}}