{"id":7768,"date":"2026-02-20T18:12:05","date_gmt":"2026-02-20T18:12:05","guid":{"rendered":"https:\/\/gravel-bikes.cc\/produkt\/apidura-frame-pack-1l\/"},"modified":"2026-02-20T19:05:28","modified_gmt":"2026-02-20T19:05:28","slug":"apidura-frame-pack-1l","status":"publish","type":"product","link":"https:\/\/gravel-bikes.cc\/de\/produkt\/apidura-frame-pack-1l\/","title":{"rendered":"APIDURA Frame Pack 1L"},"content":{"rendered":"<p>Unsere kleinste rennsportorientierte Rahmentasche, entwickelt f\u00fcr kompakte und ultraleichte Aufbewahrung bei Gravel-Rennen und Audax.<\/p>\n<p>Der Racing Frame Pack (1L) passt dank reversiblem Design und mehreren Riemenpositionen zu einer Vielzahl von Rahmengeometrien und -gr\u00f6\u00dfen. Eine Breite von 5 cm verhindert Kniereiben bei Fahrr\u00e4dern mit kleineren Rohrprofilen, w\u00e4hrend das Laden unterwegs durch je einen Kabelausgang an beiden Enden der Tasche erm\u00f6glicht wird. <\/p>\n<p>Kombiniere mit dem <a href=\"https:\/\/www.apidura.com\/shop\/racing-top-tube-pack\/\">Racing Top Tube Pack<\/a> f\u00fcr ein ultraminimales Setup.<\/p>\n<p>Nutze unser <a href=\"https:\/\/www.apidura.com\/frame-pack-sizing\/\">Interaktives Gr\u00f6\u00dfen-Tool<\/a>, um die perfekte Taschengr\u00f6\u00dfe f\u00fcr dein Fahrrad zu finden<\/p>\n<p>\u2013 Leichte Konstruktion<br \/>\n\u2013 Reversible Passform<br \/>\n\u2013 Kompatibel mit Oberrohrtasche<br \/>\n\u2013 Kabelausg\u00e4nge zum Laden von Ger\u00e4ten<br \/>\n\u2013 Nahtgeschwei\u00dfte Wasserdichtigkeit<\/p>\n<p>&nbsp;<\/p>\n","protected":false},"excerpt":{"rendered":"<p>Unsere kleinste rennsportorientierte Rahmentasche, entwickelt f\u00fcr kompakte und ultraleichte Aufbewahrung bei Gravel-Rennen und Audax. Der Racing Frame Pack (1L) passt dank reversiblem Design und mehreren Riemenpositionen zu einer Vielzahl von Rahmengeometrien und -gr\u00f6\u00dfen. Eine Breite von 5 cm verhindert Kniereiben bei Fahrr\u00e4dern mit kleineren Rohrprofilen, w\u00e4hrend das Laden unterwegs durch je einen Kabelausgang an beiden [&hellip;]<\/p>\n","protected":false},"featured_media":7769,"template":"","meta":{"_et_pb_use_builder":"","_et_pb_old_content":"","_et_gb_content_width":"","om_disable_all_campaigns":false,"_monsterinsights_skip_tracking":false,"_monsterinsights_sitenote_active":false,"_monsterinsights_sitenote_note":"","_monsterinsights_sitenote_category":0},"pwb-brand":[],"product_brand":[699],"product_cat":[220,384],"product_tag":[],"class_list":{"0":"post-7768","1":"product","2":"type-product","3":"status-publish","4":"has-post-thumbnail","6":"product_brand-apidura","7":"product_cat-bike-packing-taschen","8":"product_cat-nicht-kategorisiert-2","9":"product_shipping_class-kleinteile","11":"first","12":"instock","13":"taxable","14":"shipping-taxable","15":"purchasable","16":"product-type-simple"},"aioseo_notices":[],"brands":[],"_links":{"self":[{"href":"https:\/\/gravel-bikes.cc\/de\/wp-json\/wp\/v2\/product\/7768","targetHints":{"allow":["GET"]}}],"collection":[{"href":"https:\/\/gravel-bikes.cc\/de\/wp-json\/wp\/v2\/product"}],"about":[{"href":"https:\/\/gravel-bikes.cc\/de\/wp-json\/wp\/v2\/types\/product"}],"wp:featuredmedia":[{"embeddable":true,"href":"https:\/\/gravel-bikes.cc\/de\/wp-json\/wp\/v2\/media\/7769"}],"wp:attachment":[{"href":"https:\/\/gravel-bikes.cc\/de\/wp-json\/wp\/v2\/media?parent=7768"}],"wp:term":[{"taxonomy":"pwb-brand","embeddable":true,"href":"https:\/\/gravel-bikes.cc\/de\/wp-json\/wp\/v2\/pwb-brand?post=7768"},{"taxonomy":"product_brand","embeddable":true,"href":"https:\/\/gravel-bikes.cc\/de\/wp-json\/wp\/v2\/product_brand?post=7768"},{"taxonomy":"product_cat","embeddable":true,"href":"https:\/\/gravel-bikes.cc\/de\/wp-json\/wp\/v2\/product_cat?post=7768"},{"taxonomy":"product_tag","embeddable":true,"href":"https:\/\/gravel-bikes.cc\/de\/wp-json\/wp\/v2\/product_tag?post=7768"}],"curies":[{"name":"wp","href":"https:\/\/api.w.org\/{rel}","templated":true}]}}