{"id":7803,"date":"2026-02-20T18:55:58","date_gmt":"2026-02-20T18:55:58","guid":{"rendered":"https:\/\/gravel-bikes.cc\/produkt\/enve-fray-sram-force-foundation\/"},"modified":"2026-02-20T19:02:04","modified_gmt":"2026-02-20T19:02:04","slug":"enve-fray-sram-force-foundation","status":"publish","type":"product","link":"https:\/\/gravel-bikes.cc\/de\/produkt\/enve-fray-sram-force-foundation\/","title":{"rendered":"ENVE FRAY \u2013 Sram Force Foundation"},"content":{"rendered":"<p>[et_pb_section fb_built=&#8221;1&#8243; _builder_version=&#8221;4.27.5&#8243; _module_preset=&#8221;default&#8221; global_colors_info=&#8221;{}&#8221;][et_pb_row _builder_version=&#8221;4.27.5&#8243; _module_preset=&#8221;default&#8221; global_colors_info=&#8221;{}&#8221;][et_pb_column type=&#8221;4_4&#8243; _builder_version=&#8221;4.27.5&#8243; _module_preset=&#8221;default&#8221; global_colors_info=&#8221;{}&#8221;][et_pb_image src=&#8221;https:\/\/gravel-bikes.cc\/wp-content\/uploads\/2025\/12\/ENVE-Fray-Girona-328_7ece174f-b6f1-4f8d-8d8d-b34284398e99.webp&#8221; title_text=&#8221;ENVE-Fray-Girona-328_7ece174f-b6f1-4f8d-8d8d-b34284398e99&#8243; _builder_version=&#8221;4.27.5&#8243; _module_preset=&#8221;default&#8221; global_colors_info=&#8221;{}&#8221;][\/et_pb_image][\/et_pb_column][\/et_pb_row][\/et_pb_section][et_pb_section fb_built=&#8221;1&#8243; _builder_version=&#8221;4.16&#8243; custom_padding=&#8221;0px||||false|false&#8221; global_colors_info=&#8221;{}&#8221;][et_pb_row _builder_version=&#8221;4.16&#8243; background_size=&#8221;initial&#8221; background_position=&#8221;top_left&#8221; background_repeat=&#8221;repeat&#8221; width=&#8221;100%&#8221; custom_padding=&#8221;0px||0px||false|false&#8221; global_colors_info=&#8221;{}&#8221;][et_pb_column type=&#8221;4_4&#8243; _builder_version=&#8221;4.16&#8243; custom_padding=&#8221;|||&#8221; global_colors_info=&#8221;{}&#8221; custom_padding__hover=&#8221;|||&#8221;][et_pb_wc_breadcrumb _builder_version=&#8221;4.16&#8243; global_colors_info=&#8221;{}&#8221;][\/et_pb_wc_breadcrumb][et_pb_wc_cart_notice _builder_version=&#8221;4.16&#8243; global_colors_info=&#8221;{}&#8221;][\/et_pb_wc_cart_notice][\/et_pb_column][\/et_pb_row][et_pb_row column_structure=&#8221;1_2,1_2&#8243; _builder_version=&#8221;4.16&#8243; background_size=&#8221;initial&#8221; background_position=&#8221;top_left&#8221; background_repeat=&#8221;repeat&#8221; width=&#8221;100%&#8221; custom_padding=&#8221;0px||||false|false&#8221; global_colors_info=&#8221;{}&#8221;][et_pb_column type=&#8221;1_2&#8243; _builder_version=&#8221;4.16&#8243; custom_padding=&#8221;|||&#8221; global_colors_info=&#8221;{}&#8221; custom_padding__hover=&#8221;|||&#8221;][et_pb_wc_images _builder_version=&#8221;4.16&#8243; global_colors_info=&#8221;{}&#8221;][\/et_pb_wc_images][et_pb_image src=&#8221;https:\/\/gravel-bikes.cc\/wp-content\/uploads\/2026\/02\/ENVE_MY26_Color_CB_FRAY_PURPLE_BQRT_dea914ad-d841-4d8a-a87e-81aff26e0ee9.webp&#8221; title_text=&#8221;ENVE_MY26_Color_CB_FRAY_PURPLE_BQRT_dea914ad-d841-4d8a-a87e-81aff26e0ee9&#8243; _builder_version=&#8221;4.27.5&#8243; _module_preset=&#8221;default&#8221; global_colors_info=&#8221;{}&#8221;][\/et_pb_image][\/et_pb_column][et_pb_column type=&#8221;1_2&#8243; _builder_version=&#8221;4.16&#8243; custom_padding=&#8221;|||&#8221; global_colors_info=&#8221;{}&#8221; custom_padding__hover=&#8221;|||&#8221;][et_pb_wc_title _builder_version=&#8221;4.16&#8243; global_colors_info=&#8221;{}&#8221;][\/et_pb_wc_title][et_pb_wc_rating _builder_version=&#8221;4.16&#8243; global_colors_info=&#8221;{}&#8221;][\/et_pb_wc_rating][et_pb_wc_price _builder_version=&#8221;4.16&#8243; global_colors_info=&#8221;{}&#8221;][\/et_pb_wc_price][et_pb_wc_description _builder_version=&#8221;4.16&#8243; global_colors_info=&#8221;{}&#8221;][\/et_pb_wc_description][et_pb_wc_add_to_cart _builder_version=&#8221;4.16&#8243; global_colors_info=&#8221;{}&#8221;][\/et_pb_wc_add_to_cart][et_pb_wc_meta _builder_version=&#8221;4.16&#8243; global_colors_info=&#8221;{}&#8221;][\/et_pb_wc_meta][\/et_pb_column][\/et_pb_row][et_pb_row column_structure=&#8221;1_3,1_3,1_3&#8243; _builder_version=&#8221;4.27.5&#8243; _module_preset=&#8221;default&#8221; global_colors_info=&#8221;{}&#8221;][et_pb_column type=&#8221;1_3&#8243; _builder_version=&#8221;4.27.5&#8243; _module_preset=&#8221;default&#8221; global_colors_info=&#8221;{}&#8221;][et_pb_button button_text=&#8221;BIKE LEASING&#8221; _builder_version=&#8221;4.27.5&#8243; _module_preset=&#8221;default&#8221; global_colors_info=&#8221;{}&#8221;][\/et_pb_button][\/et_pb_column][et_pb_column type=&#8221;1_3&#8243; _builder_version=&#8221;4.27.5&#8243; _module_preset=&#8221;default&#8221; global_colors_info=&#8221;{}&#8221;][et_pb_button button_text=&#8221;FINANZIERUNG&#8221; _builder_version=&#8221;4.27.5&#8243; _module_preset=&#8221;default&#8221; global_colors_info=&#8221;{}&#8221;][\/et_pb_button][\/et_pb_column][et_pb_column type=&#8221;1_3&#8243; _builder_version=&#8221;4.27.5&#8243; _module_preset=&#8221;default&#8221; global_colors_info=&#8221;{}&#8221;][et_pb_button button_text=&#8221;VERSICHERUNG&#8221; _builder_version=&#8221;4.27.5&#8243; _module_preset=&#8221;default&#8221; global_colors_info=&#8221;{}&#8221;][\/et_pb_button][\/et_pb_column][\/et_pb_row][et_pb_row column_structure=&#8221;1_3,1_3,1_3&#8243; _builder_version=&#8221;4.27.5&#8243; _module_preset=&#8221;default&#8221; global_colors_info=&#8221;{}&#8221;][et_pb_column type=&#8221;1_3&#8243; _builder_version=&#8221;4.27.5&#8243; _module_preset=&#8221;default&#8221; global_colors_info=&#8221;{}&#8221;][et_pb_image src=&#8221;https:\/\/gravel-bikes.cc\/wp-content\/uploads\/2025\/12\/ENVE-MY24-Fray_Ash_03_b12b3081-d19e-4c81-9534-60f1b586e86f-1.webp&#8221; title_text=&#8221;ENVE-MY24-Fray_Ash_03_b12b3081-d19e-4c81-9534-60f1b586e86f&#8221; _builder_version=&#8221;4.27.5&#8243; _module_preset=&#8221;default&#8221; global_colors_info=&#8221;{}&#8221;][\/et_pb_image][\/et_pb_column][et_pb_column type=&#8221;1_3&#8243; _builder_version=&#8221;4.27.5&#8243; _module_preset=&#8221;default&#8221; global_colors_info=&#8221;{}&#8221;][et_pb_image src=&#8221;https:\/\/gravel-bikes.cc\/wp-content\/uploads\/2025\/12\/ENVE-Fray-Girona-435-1.webp&#8221; title_text=&#8221;ENVE-Fray-Girona-435&#8243; _builder_version=&#8221;4.27.5&#8243; _module_preset=&#8221;default&#8221; global_colors_info=&#8221;{}&#8221;][\/et_pb_image][\/et_pb_column][et_pb_column type=&#8221;1_3&#8243; _builder_version=&#8221;4.27.5&#8243; _module_preset=&#8221;default&#8221; global_colors_info=&#8221;{}&#8221;][et_pb_image src=&#8221;https:\/\/gravel-bikes.cc\/wp-content\/uploads\/2025\/12\/ENVE-Fray-Girona-328_7ece174f-b6f1-4f8d-8d8d-b34284398e99.webp&#8221; title_text=&#8221;ENVE-Fray-Girona-328_7ece174f-b6f1-4f8d-8d8d-b34284398e99&#8243; _builder_version=&#8221;4.27.5&#8243; _module_preset=&#8221;default&#8221; global_colors_info=&#8221;{}&#8221;][\/et_pb_image][\/et_pb_column][\/et_pb_row][et_pb_row _builder_version=&#8221;4.16&#8243; background_size=&#8221;initial&#8221; background_position=&#8221;top_left&#8221; background_repeat=&#8221;repeat&#8221; width=&#8221;100%&#8221; global_colors_info=&#8221;{}&#8221;][et_pb_column type=&#8221;4_4&#8243; _builder_version=&#8221;4.16&#8243; custom_padding=&#8221;|||&#8221; global_colors_info=&#8221;{}&#8221; custom_padding__hover=&#8221;|||&#8221;][et_pb_wc_tabs _builder_version=&#8221;4.16&#8243; global_colors_info=&#8221;{}&#8221;] [\/et_pb_wc_tabs][et_pb_wc_upsells _builder_version=&#8221;4.16&#8243; global_colors_info=&#8221;{}&#8221;][\/et_pb_wc_upsells][et_pb_wc_related_products _builder_version=&#8221;4.16&#8243; global_colors_info=&#8221;{}&#8221;][\/et_pb_wc_related_products][\/et_pb_column][\/et_pb_row][\/et_pb_section]<\/p>\n","protected":false},"excerpt":{"rendered":"<div class=\"product-block product-block--header\">\n<h1 class=\"h2 product-single__title\">Fray<\/h1>\n<\/div>\n<div data-product-blocks=\"\"><\/div>\n<div class=\"product-block product-block--header\">Das Fray verk\u00f6rpert alles, was ein modernes All-Road-Bike ausmachen sollte: schnell auf Asphalt, souver\u00e4n auf Schotter und gebaut f\u00fcr Fahrer, die jede Route als offene Einladung sehen. Seine Vielseitigkeit beginnt mit gro\u00dfz\u00fcgiger Reifenfreiheit f\u00fcr bis zu 700c x 40 mm Reifen, die dir sicheres Handling bieten \u2013 egal ob du auf glattem Asphalt unterwegs bist, vergessene Feldwege verbindest oder eine lange Ausfahrt in ein Abenteuer verwandelst. Kombiniert mit integriertem Rahmenstauraum, der ungenutzten Platz am Unterrohr in praktische, klapperfreie Kapazit\u00e4t f\u00fcr Werkzeug und Essentials verwandelt, erh\u00e4ltst du ein Bike, das sauber, leise und bereit f\u00fcr das Unerwartete bleibt, ohne seine raffinierte Stra\u00dfen\u00e4sthetik zu beeintr\u00e4chtigen.  <\/div>\n<div data-product-blocks=\"\">\n<div class=\"product-block\">\n<div class=\"rte\">\n<div class=\"x_x_elementToProof\"><\/div>\n<\/div>\n<\/div>\n<\/div>\n","protected":false},"featured_media":7793,"template":"","meta":{"_et_pb_use_builder":"on","_et_pb_old_content":"<table width=\"723\">\n<tbody>\n<tr>\n<td width=\"263\"><strong>Rahmenmaterial<\/strong><\/td>\n<td width=\"460\">ENVE M.O.D Carbon, 12x142 mm Steckachse, Flat Mount Disc, Tretlager mit Gewinde &47, interne Kabelf\u00fchrung, Schutzblech-kompatibel<\/td>\n<\/tr>\n<tr>\n<td width=\"263\"><strong>Gabelmaterial<\/strong><\/td>\n<td width=\"460\">ENVE M.O.D Carbon, 12x100 mm Steckachse, Flat Mount Disc, interne Kabelf\u00fchrung, Schutzblech-kompatibel<\/td>\n<\/tr>\n<tr>\n<td width=\"263\"><strong>Zielanwendung<\/strong><\/td>\n<td width=\"460\">All Road \/ Endurance \/ Gemischter Untergrund \/ Sportif \/ Fondo<\/td>\n<\/tr>\n<tr>\n<td width=\"263\"><strong>Gr\u00f6\u00dfen (cm)<\/strong><\/td>\n<td width=\"460\">47, 50, 52, 54, 56, 58, 60<\/td>\n<\/tr>\n<tr>\n<td width=\"263\"><strong>Gabelvorbiegung<\/strong><\/td>\n<td width=\"460\">55, 51, 47, 43<\/td>\n<\/tr>\n<tr>\n<td rowspan=\"2\" width=\"263\"><strong>Rahmengr\u00f6\u00dfe\/Gabelvorbiegung<\/strong><\/td>\n<td width=\"460\">47cm\/55, 50cm\/55, 52cm\/51, 54cm\/51,<\/td>\n<\/tr>\n<tr>\n<td width=\"460\">56 cm\/47, 58 cm\/47, 60 cm\/43<\/td>\n<\/tr>\n<tr>\n<td width=\"263\"><strong>Rahmengewicht<\/strong><\/td>\n<td width=\"460\">900 g +\/- 2 % (Gr\u00f6\u00dfe 56, lackiert, ohne Anbauteile)<\/td>\n<\/tr>\n<tr>\n<td width=\"263\"><strong>Steuersatz<\/strong><\/td>\n<td width=\"460\">ENVE Integrated IS52\/IS52 Internal Drop-In<\/td>\n<\/tr>\n<tr>\n<td width=\"263\"><strong>Steuersatz<\/strong> <strong>Lager<\/strong><\/td>\n<td width=\"460\">1.5\u2033 IS52 Oben und Unten<\/td>\n<\/tr>\n<tr>\n<td width=\"263\"><strong>Sattelst\u00fctzendurchmesser<\/strong><\/td>\n<td width=\"460\">ENVE Aero<\/td>\n<\/tr>\n<tr>\n<td width=\"263\"><strong>Tretlagertyp<\/strong><\/td>\n<td width=\"460\">T47 Inboard Bearing<\/td>\n<\/tr>\n<tr>\n<td width=\"263\"><strong>Bremsaufnahme<\/strong><\/td>\n<td width=\"460\">Flat Mount<\/td>\n<\/tr>\n<tr>\n<td width=\"263\"><strong>Vorderachse<\/strong><\/td>\n<td width=\"460\">12\u00d7100 (Gesamtl\u00e4nge: 122, TP:1.5, TL:15)<\/td>\n<\/tr>\n<tr>\n<td width=\"263\"><strong>Hinterachse<\/strong><\/td>\n<td width=\"460\">12\u00d7142 (Gesamtl\u00e4nge: 168, TP:1.0, TL:14)<\/td>\n<\/tr>\n<tr>\n<td width=\"263\"><strong>Minimale Reifengr\u00f6\u00dfe<\/strong><\/td>\n<td width=\"460\">27 mm<\/td>\n<\/tr>\n<tr>\n<td width=\"263\"><strong>Optimale Reifengr\u00f6\u00dfe<\/strong><\/td>\n<td width=\"460\">31 mm - 35 mm<\/td>\n<\/tr>\n<tr>\n<td width=\"263\"><strong>Maximale angegebene Reifenfreiheit 1x<\/strong><\/td>\n<td width=\"460\">40 mm<\/td>\n<\/tr>\n<tr>\n<td width=\"263\"><strong>Maximale angegebene Reifenfreiheit 2x<\/strong><\/td>\n<td width=\"460\">38 mm<\/td>\n<\/tr>\n<tr>\n<td width=\"263\"><strong>Stauraum im Rahmen<\/strong><\/td>\n<td width=\"460\">Ja (2 Aufbewahrungsbeutel enthalten \u2013 je 18,22 Kubikzentimeter)<\/td>\n<\/tr>\n<tr>\n<td width=\"263\"><strong>Rahmen<\/strong> <strong>Kabelf\u00fchrung<\/strong><\/td>\n<td width=\"460\">Intern<\/td>\n<\/tr>\n<tr>\n<td width=\"263\"><strong>Flaschenhalterkapazit\u00e4t<\/strong><\/td>\n<td width=\"460\">3<\/td>\n<\/tr>\n<tr>\n<td width=\"263\"><strong>Befestigungspunkte Oberrohr<\/strong><\/td>\n<td width=\"460\">Ja<\/td>\n<\/tr>\n<tr>\n<td width=\"263\"><strong>Schutzblech-kompatibel<\/strong><\/td>\n<td width=\"460\">Ja<\/td>\n<\/tr>\n<tr>\n<td width=\"263\"><strong>Radgr\u00f6\u00dfe<\/strong><\/td>\n<td width=\"460\">700c<\/td>\n<\/tr>\n<\/tbody>\n<\/table>","_et_gb_content_width":"","om_disable_all_campaigns":false,"_monsterinsights_skip_tracking":false,"_monsterinsights_sitenote_active":false,"_monsterinsights_sitenote_note":"","_monsterinsights_sitenote_category":0},"pwb-brand":[],"product_brand":[76],"product_cat":[371],"product_tag":[372,373],"class_list":{"0":"post-7803","1":"product","2":"type-product","3":"status-publish","4":"has-post-thumbnail","6":"product_brand-enve","7":"product_cat-enve-fray","8":"product_tag-enve-fray","9":"product_tag-hamburg","10":"product_shipping_class-fahrrad","12":"first","13":"instock","14":"sale","15":"taxable","16":"shipping-taxable","17":"purchasable","18":"product-type-variable"},"aioseo_notices":[],"brands":[],"_links":{"self":[{"href":"https:\/\/gravel-bikes.cc\/de\/wp-json\/wp\/v2\/product\/7803","targetHints":{"allow":["GET"]}}],"collection":[{"href":"https:\/\/gravel-bikes.cc\/de\/wp-json\/wp\/v2\/product"}],"about":[{"href":"https:\/\/gravel-bikes.cc\/de\/wp-json\/wp\/v2\/types\/product"}],"wp:featuredmedia":[{"embeddable":true,"href":"https:\/\/gravel-bikes.cc\/de\/wp-json\/wp\/v2\/media\/7793"}],"wp:attachment":[{"href":"https:\/\/gravel-bikes.cc\/de\/wp-json\/wp\/v2\/media?parent=7803"}],"wp:term":[{"taxonomy":"pwb-brand","embeddable":true,"href":"https:\/\/gravel-bikes.cc\/de\/wp-json\/wp\/v2\/pwb-brand?post=7803"},{"taxonomy":"product_brand","embeddable":true,"href":"https:\/\/gravel-bikes.cc\/de\/wp-json\/wp\/v2\/product_brand?post=7803"},{"taxonomy":"product_cat","embeddable":true,"href":"https:\/\/gravel-bikes.cc\/de\/wp-json\/wp\/v2\/product_cat?post=7803"},{"taxonomy":"product_tag","embeddable":true,"href":"https:\/\/gravel-bikes.cc\/de\/wp-json\/wp\/v2\/product_tag?post=7803"}],"curies":[{"name":"wp","href":"https:\/\/api.w.org\/{rel}","templated":true}]}}