{"id":8199,"date":"2026-03-01T11:52:57","date_gmt":"2026-03-01T11:52:57","guid":{"rendered":"https:\/\/gravel-bikes.cc\/?post_type=product&#038;p=8199"},"modified":"2026-03-01T12:01:04","modified_gmt":"2026-03-01T12:01:04","slug":"conti-terra-tubeless-kit-40mm-tan-walled-copy-copy","status":"publish","type":"product","link":"https:\/\/gravel-bikes.cc\/de\/produkt\/conti-terra-tubeless-kit-40mm-tan-walled-copy-copy\/","title":{"rendered":"SCHWALBE RS TUBELESS-KIT 40 mm TAN WALL"},"content":{"rendered":"<p><strong>2 x Schwalbe RS 40 mm<\/strong><\/p>\n<ul>\n<li>Geringster Rollwiderstand in der X-One-Serie<\/li>\n<li>Semi-Slick-Design mit Kletter- und Bremsstollen<\/li>\n<li>Geschmeidige Souplesse-Konstruktion: Geringer Rollwiderstand + hoher Grip dank Super Race Karkasse, hoher Pannenschutz dank V-Guard<\/li>\n<\/ul>\n<p><strong>Pirelli Tubeless-Ventile<\/strong><\/p>\n<p>Pirellis neue Tubeless-Ventile bieten universelle Kompatibilit\u00e4t und maximale Zuverl\u00e4ssigkeit f\u00fcr alle Radtypen. Jede Packung enth\u00e4lt zwei Presta-Ventile mit herausnehmbaren Ventileins\u00e4tzen (RVC), ein Montagewerkzeug und Kunststoffkappen. <\/p>\n<p>Erh\u00e4ltlich in drei L\u00e4ngen (40 mm, 60 mm, 80 mm), sind sie leicht, robust und gew\u00e4hrleisten optimale Luftdichtheit. Hergestellt in Italien, sind sie die ideale Wahl f\u00fcr alle, die Qualit\u00e4t, Effizienz und eine einfache Tubeless-Installation suchen. <\/p>\n<p><strong>Pirelli Tubeless-Dichtmittel f\u00fcr zwei Reifen<\/strong><\/p>\n<ul>\n<li><strong>Ammoniakfrei \u2013 sch\u00fctzt die Felge, reduziert Korrosion und Verschlei\u00df<\/strong><\/li>\n<li><strong>Latex- und proteinfrei, um das Risiko allergischer Hautreaktionen zu reduzieren<\/strong><\/li>\n<li><strong>Hinterl\u00e4sst keine klebrigen R\u00fcckst\u00e4nde im Reifen<\/strong><\/li>\n<li><strong>Kompatibel mit einem breiten Temperaturbereich (-20 \u00b0C bis 70 \u00b0C)<\/strong><\/li>\n<li><strong>Kompatibel mit einem breiten Luftdruckspektrum (1 bis 7 bar)<\/strong><\/li>\n<li><strong>Kompatibel mit CO2-Notfallreparaturen. (CO2 beschleunigt die Gerinnung, daher muss das Dichtmittel danach ersetzt werden) <\/strong><\/li>\n<\/ul>\n<p><strong>Schwalbe Tubeless-Felgenband<\/strong><\/p>\n","protected":false},"excerpt":{"rendered":"<p>2 x Schwalbe RS 40 mm Geringster Rollwiderstand in der X-One-Serie Semi-Slick-Design mit Kletter- und Bremsstollen Geschmeidige Souplesse-Konstruktion: Geringer Rollwiderstand + hoher Grip dank Super Race Karkasse, hoher Pannenschutz dank V-Guard Pirelli Tubeless-Ventile Pirellis neue Tubeless-Ventile bieten universelle Kompatibilit\u00e4t und maximale Zuverl\u00e4ssigkeit f\u00fcr alle Radtypen. Jede Packung enth\u00e4lt zwei Presta-Ventile mit herausnehmbaren Ventileins\u00e4tzen (RVC), ein [&hellip;]<\/p>\n","protected":false},"featured_media":8208,"template":"","meta":{"_et_pb_use_builder":"","_et_pb_old_content":"","_et_gb_content_width":"","om_disable_all_campaigns":false,"_monsterinsights_skip_tracking":false,"_monsterinsights_sitenote_active":false,"_monsterinsights_sitenote_note":"","_monsterinsights_sitenote_category":0},"pwb-brand":[],"product_brand":[],"product_cat":[696],"product_tag":[710,711],"class_list":{"0":"post-8199","1":"product","2":"type-product","3":"status-publish","4":"has-post-thumbnail","6":"product_cat-reifen-tubeless-kits","7":"product_tag-continental-terra","8":"product_tag-gravel-reifen","9":"product_shipping_class-kleinteile","11":"first","12":"instock","13":"sale","14":"taxable","15":"shipping-taxable","16":"purchasable","17":"product-type-variable"},"aioseo_notices":[],"brands":[],"_links":{"self":[{"href":"https:\/\/gravel-bikes.cc\/de\/wp-json\/wp\/v2\/product\/8199","targetHints":{"allow":["GET"]}}],"collection":[{"href":"https:\/\/gravel-bikes.cc\/de\/wp-json\/wp\/v2\/product"}],"about":[{"href":"https:\/\/gravel-bikes.cc\/de\/wp-json\/wp\/v2\/types\/product"}],"wp:featuredmedia":[{"embeddable":true,"href":"https:\/\/gravel-bikes.cc\/de\/wp-json\/wp\/v2\/media\/8208"}],"wp:attachment":[{"href":"https:\/\/gravel-bikes.cc\/de\/wp-json\/wp\/v2\/media?parent=8199"}],"wp:term":[{"taxonomy":"pwb-brand","embeddable":true,"href":"https:\/\/gravel-bikes.cc\/de\/wp-json\/wp\/v2\/pwb-brand?post=8199"},{"taxonomy":"product_brand","embeddable":true,"href":"https:\/\/gravel-bikes.cc\/de\/wp-json\/wp\/v2\/product_brand?post=8199"},{"taxonomy":"product_cat","embeddable":true,"href":"https:\/\/gravel-bikes.cc\/de\/wp-json\/wp\/v2\/product_cat?post=8199"},{"taxonomy":"product_tag","embeddable":true,"href":"https:\/\/gravel-bikes.cc\/de\/wp-json\/wp\/v2\/product_tag?post=8199"}],"curies":[{"name":"wp","href":"https:\/\/api.w.org\/{rel}","templated":true}]}}