{"id":8214,"date":"2026-03-01T12:02:08","date_gmt":"2026-03-01T12:02:08","guid":{"rendered":"https:\/\/gravel-bikes.cc\/?post_type=product&#038;p=8214"},"modified":"2026-03-01T12:11:30","modified_gmt":"2026-03-01T12:11:30","slug":"schwalbe-rs-tubeless-kit-40-mm-tan-wall-copy","status":"publish","type":"product","link":"https:\/\/gravel-bikes.cc\/de\/produkt\/schwalbe-rs-tubeless-kit-40-mm-tan-wall-copy\/","title":{"rendered":"VITTORIA Terreno TUBELESS-KIT 45mm TAN WALL"},"content":{"rendered":"<p><strong>2 x VITTORIA Terreno 45 mm<\/strong><\/p>\n<p>Der Terreno T60 Mixed Gravel Endurance Reifen ist f\u00fcr anspruchsvolles, unvorhersehbares und abwechslungsreiches Gel\u00e4nde konzipiert. Mit einem T-Score von 60 ist der Terreno T60 die richtige Wahl f\u00fcr Fahrer, die herausforderndes, gemischtes Terrain bew\u00e4ltigen und einen Reifen suchen, der mithalten kann. <\/p>\n<p>Das bew\u00e4hrte V-Profil und das durchg\u00e4ngige Profilmuster des T60 sorgen f\u00fcr sicheres Kurvenverhalten und konstantes Handling auf komplexen Untergr\u00fcnden \u2013 von verdichtetem Schmutz und grobem Schotter bis hin zu losem und festem Untergrund. Strategisch platzierte Lamellen und ausgewogene Profilabst\u00e4nde gew\u00e4hrleisten zuverl\u00e4ssigen Grip bei schnell wechselnden Bedingungen und geben dir die Kontrolle, die du brauchst, wenn es darauf ankommt. <\/p>\n<p>Der T60 verf\u00fcgt \u00fcber Vittorias Endurance-Karkasse, die hohe Anpassungsf\u00e4higkeit mit verst\u00e4rkter St\u00e4rke f\u00fcr ganzt\u00e4gigen Komfort und Schutz kombiniert. Nylon-Seitenwandschutz und ein Pannenschutzg\u00fcrtel bieten entscheidenden Widerstand gegen scharfe Steine, Spurrillen und die unerwarteten St\u00f6\u00dfe echter Gravel-Abenteuer. <\/p>\n<p>Der Grip kommt von unserer Endurance-Formulierung mit Graphen-Technologie, die wetterbest\u00e4ndige Leistung, langanhaltende Haltbarkeit und das Vertrauen bietet, tief in ungez\u00e4hmtes Terrain vorzudringen \u2013 bei Regen oder Sonnenschein.<\/p>\n<p>Entwickelt f\u00fcr das unvorhersehbare Terrain zwischen trockenen und losen Bedingungen, ist der T60 ideal f\u00fcr abenteuerlustige Gravel-Fahrer, Rennfahrer und Ausdauersportler, die auf jeder Meile Vertrauen und Leistung ben\u00f6tigen.<\/p>\n<p><strong>Pirelli Tubeless-Ventile<\/strong><\/p>\n<p>Pirellis neue Tubeless-Ventile bieten universelle Kompatibilit\u00e4t und maximale Zuverl\u00e4ssigkeit f\u00fcr alle Radtypen. Jede Packung enth\u00e4lt zwei Presta-Ventile mit herausnehmbaren Ventileins\u00e4tzen (RVC), ein Montagewerkzeug und Kunststoffkappen. <\/p>\n<p>Erh\u00e4ltlich in drei L\u00e4ngen (40 mm, 60 mm, 80 mm), sind sie leicht, robust und gew\u00e4hrleisten optimale Luftdichtheit. Hergestellt in Italien, sind sie die ideale Wahl f\u00fcr alle, die Qualit\u00e4t, Effizienz und eine einfache Tubeless-Installation suchen. <\/p>\n<p><strong>Pirelli Tubeless-Dichtmittel f\u00fcr zwei Reifen<\/strong><\/p>\n<ul>\n<li><strong>Ammoniakfrei \u2013 sch\u00fctzt die Felge, reduziert Korrosion und Verschlei\u00df<\/strong><\/li>\n<li><strong>Latex- und proteinfrei, um das Risiko allergischer Hautreaktionen zu reduzieren<\/strong><\/li>\n<li><strong>Hinterl\u00e4sst keine klebrigen R\u00fcckst\u00e4nde im Reifen<\/strong><\/li>\n<li><strong>Kompatibel mit einem breiten Temperaturbereich (-20 \u00b0C bis 70 \u00b0C)<\/strong><\/li>\n<li><strong>Kompatibel mit einem breiten Luftdruckspektrum (1 bis 7 bar)<\/strong><\/li>\n<li><strong>Kompatibel mit CO2-Notfallreparaturen. (CO2 beschleunigt die Gerinnung, daher muss das Dichtmittel danach ersetzt werden) <\/strong><\/li>\n<\/ul>\n<p><strong>Schwalbe Tubeless-Felgenband<\/strong><\/p>\n","protected":false},"excerpt":{"rendered":"<p>2 x VITTORIA Terreno 45 mm Der Terreno T60 Mixed Gravel Endurance Reifen ist f\u00fcr anspruchsvolles, unvorhersehbares und abwechslungsreiches Gel\u00e4nde konzipiert. Mit einem T-Score von 60 ist der Terreno T60 die richtige Wahl f\u00fcr Fahrer, die herausforderndes, gemischtes Terrain bew\u00e4ltigen und einen Reifen suchen, der mithalten kann. Das bew\u00e4hrte V-Profil und das durchg\u00e4ngige Profilmuster des [&hellip;]<\/p>\n","protected":false},"featured_media":8224,"template":"","meta":{"_et_pb_use_builder":"","_et_pb_old_content":"","_et_gb_content_width":"","om_disable_all_campaigns":false,"_monsterinsights_skip_tracking":false,"_monsterinsights_sitenote_active":false,"_monsterinsights_sitenote_note":"","_monsterinsights_sitenote_category":0},"pwb-brand":[],"product_brand":[],"product_cat":[696],"product_tag":[711,716],"class_list":{"0":"post-8214","1":"product","2":"type-product","3":"status-publish","4":"has-post-thumbnail","6":"product_cat-reifen-tubeless-kits","7":"product_tag-gravel-reifen","8":"product_tag-vittoria-gravel-reifen","9":"product_shipping_class-kleinteile","11":"first","12":"instock","13":"sale","14":"taxable","15":"shipping-taxable","16":"purchasable","17":"product-type-variable"},"aioseo_notices":[],"brands":[],"_links":{"self":[{"href":"https:\/\/gravel-bikes.cc\/de\/wp-json\/wp\/v2\/product\/8214","targetHints":{"allow":["GET"]}}],"collection":[{"href":"https:\/\/gravel-bikes.cc\/de\/wp-json\/wp\/v2\/product"}],"about":[{"href":"https:\/\/gravel-bikes.cc\/de\/wp-json\/wp\/v2\/types\/product"}],"wp:featuredmedia":[{"embeddable":true,"href":"https:\/\/gravel-bikes.cc\/de\/wp-json\/wp\/v2\/media\/8224"}],"wp:attachment":[{"href":"https:\/\/gravel-bikes.cc\/de\/wp-json\/wp\/v2\/media?parent=8214"}],"wp:term":[{"taxonomy":"pwb-brand","embeddable":true,"href":"https:\/\/gravel-bikes.cc\/de\/wp-json\/wp\/v2\/pwb-brand?post=8214"},{"taxonomy":"product_brand","embeddable":true,"href":"https:\/\/gravel-bikes.cc\/de\/wp-json\/wp\/v2\/product_brand?post=8214"},{"taxonomy":"product_cat","embeddable":true,"href":"https:\/\/gravel-bikes.cc\/de\/wp-json\/wp\/v2\/product_cat?post=8214"},{"taxonomy":"product_tag","embeddable":true,"href":"https:\/\/gravel-bikes.cc\/de\/wp-json\/wp\/v2\/product_tag?post=8214"}],"curies":[{"name":"wp","href":"https:\/\/api.w.org\/{rel}","templated":true}]}}