{"id":8320,"date":"2026-03-01T13:15:07","date_gmt":"2026-03-01T13:15:07","guid":{"rendered":"https:\/\/gravel-bikes.cc\/produkt\/nova-ride-ccd-evo-12s-shimano-105\/"},"modified":"2026-03-22T12:15:35","modified_gmt":"2026-03-22T12:15:35","slug":"nova-ride-ccd-evo-12s-shimano-105","status":"publish","type":"product","link":"https:\/\/gravel-bikes.cc\/de\/produkt\/nova-ride-ccd-evo-12s-shimano-105\/","title":{"rendered":"Nova Ride CCD EVO 12s Shimano 105"},"content":{"rendered":"<p class=\"h2\">EIN BESSERES ERLEBNIS.<\/p>\n<p>Der von unserem Ingenieurteam entwickelte Nova Ride Oversized-Carbon-Schaltk\u00e4fig optimiert deinen Antrieb, l\u00e4sst sich einfach montieren und verleiht deinem Bike einen farblichen Akzent.<\/p>\n<p>Gefertigt aus hochwertigsten Materialien f\u00fcr langlebige Performance ohne Wartungsaufwand: Ultraleichte Carbonfaser, Schaltr\u00e4dchen aus 7075er Aluminium und vollkeramische, gedichtete Lager.<\/p>\n","protected":false},"excerpt":{"rendered":"<p>EIN BESSERES ERLEBNIS. Der von unserem Ingenieurteam entwickelte Nova Ride Oversized-Carbon-Schaltk\u00e4fig optimiert deinen Antrieb, l\u00e4sst sich einfach montieren und verleiht deinem Bike einen farblichen Akzent. Gefertigt aus hochwertigsten Materialien f\u00fcr langlebige Performance ohne Wartungsaufwand: Ultraleichte Carbonfaser, Schaltr\u00e4dchen aus 7075er Aluminium und vollkeramische, gedichtete Lager.<\/p>\n","protected":false},"featured_media":8321,"template":"","meta":{"_et_pb_use_builder":"","_et_pb_old_content":"","_et_gb_content_width":""},"pwb-brand":[],"product_brand":[],"product_cat":[725],"product_tag":[],"class_list":{"0":"post-8320","1":"product","2":"type-product","3":"status-publish","4":"has-post-thumbnail","6":"product_cat-nova-ride","8":"first","9":"instock","10":"sale","11":"taxable","12":"shipping-taxable","13":"purchasable","14":"product-type-simple"},"aioseo_notices":[],"brands":[],"_links":{"self":[{"href":"https:\/\/gravel-bikes.cc\/de\/wp-json\/wp\/v2\/product\/8320","targetHints":{"allow":["GET"]}}],"collection":[{"href":"https:\/\/gravel-bikes.cc\/de\/wp-json\/wp\/v2\/product"}],"about":[{"href":"https:\/\/gravel-bikes.cc\/de\/wp-json\/wp\/v2\/types\/product"}],"wp:featuredmedia":[{"embeddable":true,"href":"https:\/\/gravel-bikes.cc\/de\/wp-json\/wp\/v2\/media\/8321"}],"wp:attachment":[{"href":"https:\/\/gravel-bikes.cc\/de\/wp-json\/wp\/v2\/media?parent=8320"}],"wp:term":[{"taxonomy":"pwb-brand","embeddable":true,"href":"https:\/\/gravel-bikes.cc\/de\/wp-json\/wp\/v2\/pwb-brand?post=8320"},{"taxonomy":"product_brand","embeddable":true,"href":"https:\/\/gravel-bikes.cc\/de\/wp-json\/wp\/v2\/product_brand?post=8320"},{"taxonomy":"product_cat","embeddable":true,"href":"https:\/\/gravel-bikes.cc\/de\/wp-json\/wp\/v2\/product_cat?post=8320"},{"taxonomy":"product_tag","embeddable":true,"href":"https:\/\/gravel-bikes.cc\/de\/wp-json\/wp\/v2\/product_tag?post=8320"}],"curies":[{"name":"wp","href":"https:\/\/api.w.org\/{rel}","templated":true}]}}