{"id":8328,"date":"2026-03-01T13:20:18","date_gmt":"2026-03-01T13:20:18","guid":{"rendered":"https:\/\/gravel-bikes.cc\/?post_type=product&#038;p=8328"},"modified":"2026-03-01T13:25:35","modified_gmt":"2026-03-01T13:25:35","slug":"nova-ride-ccd-evo-12s-sram-axs-copy","status":"publish","type":"product","link":"https:\/\/gravel-bikes.cc\/de\/produkt\/nova-ride-ccd-evo-12s-sram-axs-copy\/","title":{"rendered":"Nova Ride CCD EVO 12s Sram AXS"},"content":{"rendered":"<p class=\"h2 hyphenate\">Carbon Ceramic Derailleur Evo<\/p>\n<div>\n<p>Die ultimative Komponente. Pr\u00e4zisionsgefertigt aus hochwertigen Materialien, verf\u00fcgt das CCD EVO \u00fcber vollkeramische Lager f\u00fcr maximale Antriebseffizienz. Die vollst\u00e4ndig aus Carbon gefertigte, hochpr\u00e4zise gefr\u00e4ste Struktur bietet kompromisslose Leichtigkeit und optimale Steifigkeit. Es gew\u00e4hrleistet ultra-geschmeidiges, langlebiges Leistungsverm\u00f6gen bei minimalem Wartungsaufwand.   <\/p>\n<\/div>\n","protected":false},"excerpt":{"rendered":"<p>Carbon Ceramic Derailleur Evo Die ultimative Komponente. Pr\u00e4zisionsgefertigt aus hochwertigen Materialien, verf\u00fcgt das CCD EVO \u00fcber vollkeramische Lager f\u00fcr maximale Antriebseffizienz. Die vollst\u00e4ndig aus Carbon gefertigte, hochpr\u00e4zise gefr\u00e4ste Struktur bietet kompromisslose Leichtigkeit und optimale Steifigkeit. Es gew\u00e4hrleistet ultra-geschmeidiges, langlebiges Leistungsverm\u00f6gen bei minimalem Wartungsaufwand.<\/p>\n","protected":false},"featured_media":8315,"template":"","meta":{"_et_pb_use_builder":"","_et_pb_old_content":"","_et_gb_content_width":""},"pwb-brand":[],"product_brand":[719],"product_cat":[725],"product_tag":[722],"class_list":{"0":"post-8328","1":"product","2":"type-product","3":"status-publish","4":"has-post-thumbnail","6":"product_brand-nova-ride","7":"product_cat-nova-ride","8":"product_tag-nova-ride","9":"product_shipping_class-kleinteile","11":"first","12":"instock","13":"sale","14":"taxable","15":"shipping-taxable","16":"purchasable","17":"product-type-simple"},"aioseo_notices":[],"brands":[],"_links":{"self":[{"href":"https:\/\/gravel-bikes.cc\/de\/wp-json\/wp\/v2\/product\/8328","targetHints":{"allow":["GET"]}}],"collection":[{"href":"https:\/\/gravel-bikes.cc\/de\/wp-json\/wp\/v2\/product"}],"about":[{"href":"https:\/\/gravel-bikes.cc\/de\/wp-json\/wp\/v2\/types\/product"}],"wp:featuredmedia":[{"embeddable":true,"href":"https:\/\/gravel-bikes.cc\/de\/wp-json\/wp\/v2\/media\/8315"}],"wp:attachment":[{"href":"https:\/\/gravel-bikes.cc\/de\/wp-json\/wp\/v2\/media?parent=8328"}],"wp:term":[{"taxonomy":"pwb-brand","embeddable":true,"href":"https:\/\/gravel-bikes.cc\/de\/wp-json\/wp\/v2\/pwb-brand?post=8328"},{"taxonomy":"product_brand","embeddable":true,"href":"https:\/\/gravel-bikes.cc\/de\/wp-json\/wp\/v2\/product_brand?post=8328"},{"taxonomy":"product_cat","embeddable":true,"href":"https:\/\/gravel-bikes.cc\/de\/wp-json\/wp\/v2\/product_cat?post=8328"},{"taxonomy":"product_tag","embeddable":true,"href":"https:\/\/gravel-bikes.cc\/de\/wp-json\/wp\/v2\/product_tag?post=8328"}],"curies":[{"name":"wp","href":"https:\/\/api.w.org\/{rel}","templated":true}]}}