{"id":8349,"date":"2026-03-05T11:38:36","date_gmt":"2026-03-05T11:38:36","guid":{"rendered":"https:\/\/gravel-bikes.cc\/?post_type=product&#038;p=8349"},"modified":"2026-03-22T12:16:56","modified_gmt":"2026-03-22T12:16:56","slug":"nova-ride-ccd-evo-12s-shimano-105-copy-2","status":"publish","type":"product","link":"https:\/\/gravel-bikes.cc\/de\/produkt\/nova-ride-ccd-evo-12s-shimano-105-copy-2\/","title":{"rendered":"Nova Ride CCD EVO 11s Shimano Ultegra Dura Ace"},"content":{"rendered":"<h2 class=\"h2\">Produktdetails<\/h2>\n<p>Mit seinem eleganten Design passt der \u00fcbergro\u00dfe K\u00e4fig perfekt zur \u00c4sthetik deines Bikes und verleiht ihm einen Farbtupfer.<\/p>\n<p>Handgefertigt aus hochwertigen Materialien vereint er leichte Bauweise mit Langlebigkeit. Ob du Profi-Radfahrer oder leidenschaftlicher Amateur bist, der \u00fcbergro\u00dfe K\u00e4fig von Nova Ride verbessert dein Fahrerlebnis durch optimierte Performance und pr\u00e4zisere Schaltvorg\u00e4nge. <\/p>\n","protected":false},"excerpt":{"rendered":"<p>Produktdetails Mit seinem eleganten Design passt der \u00fcbergro\u00dfe K\u00e4fig perfekt zur \u00c4sthetik deines Bikes und verleiht ihm einen Farbtupfer. Handgefertigt aus hochwertigen Materialien vereint er leichte Bauweise mit Langlebigkeit. Ob du Profi-Radfahrer oder leidenschaftlicher Amateur bist, der \u00fcbergro\u00dfe K\u00e4fig von Nova Ride verbessert dein Fahrerlebnis durch optimierte Performance und pr\u00e4zisere Schaltvorg\u00e4nge.<\/p>\n","protected":false},"featured_media":8352,"template":"","meta":{"_et_pb_use_builder":"","_et_pb_old_content":"","_et_gb_content_width":"","om_disable_all_campaigns":false,"_monsterinsights_skip_tracking":false,"_monsterinsights_sitenote_active":false,"_monsterinsights_sitenote_note":"","_monsterinsights_sitenote_category":0},"pwb-brand":[],"product_brand":[],"product_cat":[725],"product_tag":[],"class_list":{"0":"post-8349","1":"product","2":"type-product","3":"status-publish","4":"has-post-thumbnail","6":"product_cat-nova-ride","8":"first","9":"instock","10":"sale","11":"taxable","12":"shipping-taxable","13":"purchasable","14":"product-type-simple"},"aioseo_notices":[],"brands":[],"_links":{"self":[{"href":"https:\/\/gravel-bikes.cc\/de\/wp-json\/wp\/v2\/product\/8349","targetHints":{"allow":["GET"]}}],"collection":[{"href":"https:\/\/gravel-bikes.cc\/de\/wp-json\/wp\/v2\/product"}],"about":[{"href":"https:\/\/gravel-bikes.cc\/de\/wp-json\/wp\/v2\/types\/product"}],"wp:featuredmedia":[{"embeddable":true,"href":"https:\/\/gravel-bikes.cc\/de\/wp-json\/wp\/v2\/media\/8352"}],"wp:attachment":[{"href":"https:\/\/gravel-bikes.cc\/de\/wp-json\/wp\/v2\/media?parent=8349"}],"wp:term":[{"taxonomy":"pwb-brand","embeddable":true,"href":"https:\/\/gravel-bikes.cc\/de\/wp-json\/wp\/v2\/pwb-brand?post=8349"},{"taxonomy":"product_brand","embeddable":true,"href":"https:\/\/gravel-bikes.cc\/de\/wp-json\/wp\/v2\/product_brand?post=8349"},{"taxonomy":"product_cat","embeddable":true,"href":"https:\/\/gravel-bikes.cc\/de\/wp-json\/wp\/v2\/product_cat?post=8349"},{"taxonomy":"product_tag","embeddable":true,"href":"https:\/\/gravel-bikes.cc\/de\/wp-json\/wp\/v2\/product_tag?post=8349"}],"curies":[{"name":"wp","href":"https:\/\/api.w.org\/{rel}","templated":true}]}}