{"id":8355,"date":"2026-03-05T11:40:36","date_gmt":"2026-03-05T11:40:36","guid":{"rendered":"https:\/\/gravel-bikes.cc\/?post_type=product&#038;p=8355"},"modified":"2026-03-22T12:17:07","modified_gmt":"2026-03-22T12:17:07","slug":"nova-ride-ccd-evo-12s-shimano-105-copy-copy-2","status":"publish","type":"product","link":"https:\/\/gravel-bikes.cc\/de\/produkt\/nova-ride-ccd-evo-12s-shimano-105-copy-copy-2\/","title":{"rendered":"CCD Shimano SLX \/ XT \/ XTR \/ GRX 822 1x12S"},"content":{"rendered":"<h2 class=\"h2\">Produktdetails<\/h2>\n<p>Mit seinem schlanken Design passt der Oversize-K\u00e4fig perfekt zur Optik deines Bikes und verleiht ihm einen Hauch Farbe.<\/p>\n<p>Handgefertigt aus hochwertigen Materialien vereint er eine leichte Konstruktion mit hoher Langlebigkeit. Ob Profi oder leidenschaftlicher Amateur: Der Oversize-K\u00e4fig von Nova Ride verbessert dein Fahrerlebnis durch mehr Performance und pr\u00e4zisere Schaltvorg\u00e4nge. <\/p>\n","protected":false},"excerpt":{"rendered":"<p>Produktdetails Mit seinem schlanken Design passt der Oversize-K\u00e4fig perfekt zur Optik deines Bikes und verleiht ihm einen Hauch Farbe. Handgefertigt aus hochwertigen Materialien vereint er eine leichte Konstruktion mit hoher Langlebigkeit. Ob Profi oder leidenschaftlicher Amateur: Der Oversize-K\u00e4fig von Nova Ride verbessert dein Fahrerlebnis durch mehr Performance und pr\u00e4zisere Schaltvorg\u00e4nge.<\/p>\n","protected":false},"featured_media":8358,"template":"","meta":{"_et_pb_use_builder":"","_et_pb_old_content":"","_et_gb_content_width":"","om_disable_all_campaigns":false,"_monsterinsights_skip_tracking":false,"_monsterinsights_sitenote_active":false,"_monsterinsights_sitenote_note":"","_monsterinsights_sitenote_category":0},"pwb-brand":[],"product_brand":[],"product_cat":[725],"product_tag":[],"class_list":{"0":"post-8355","1":"product","2":"type-product","3":"status-publish","4":"has-post-thumbnail","6":"product_cat-nova-ride","8":"first","9":"instock","10":"sale","11":"taxable","12":"shipping-taxable","13":"purchasable","14":"product-type-simple"},"aioseo_notices":[],"brands":[],"_links":{"self":[{"href":"https:\/\/gravel-bikes.cc\/de\/wp-json\/wp\/v2\/product\/8355","targetHints":{"allow":["GET"]}}],"collection":[{"href":"https:\/\/gravel-bikes.cc\/de\/wp-json\/wp\/v2\/product"}],"about":[{"href":"https:\/\/gravel-bikes.cc\/de\/wp-json\/wp\/v2\/types\/product"}],"wp:featuredmedia":[{"embeddable":true,"href":"https:\/\/gravel-bikes.cc\/de\/wp-json\/wp\/v2\/media\/8358"}],"wp:attachment":[{"href":"https:\/\/gravel-bikes.cc\/de\/wp-json\/wp\/v2\/media?parent=8355"}],"wp:term":[{"taxonomy":"pwb-brand","embeddable":true,"href":"https:\/\/gravel-bikes.cc\/de\/wp-json\/wp\/v2\/pwb-brand?post=8355"},{"taxonomy":"product_brand","embeddable":true,"href":"https:\/\/gravel-bikes.cc\/de\/wp-json\/wp\/v2\/product_brand?post=8355"},{"taxonomy":"product_cat","embeddable":true,"href":"https:\/\/gravel-bikes.cc\/de\/wp-json\/wp\/v2\/product_cat?post=8355"},{"taxonomy":"product_tag","embeddable":true,"href":"https:\/\/gravel-bikes.cc\/de\/wp-json\/wp\/v2\/product_tag?post=8355"}],"curies":[{"name":"wp","href":"https:\/\/api.w.org\/{rel}","templated":true}]}}