{"id":9021,"date":"2026-03-05T11:28:49","date_gmt":"2026-03-05T11:28:49","guid":{"rendered":"https:\/\/gravel-bikes.cc\/produkt\/pirelli-tubeless-ventile-60-mm\/"},"modified":"2026-03-05T11:28:49","modified_gmt":"2026-03-05T11:28:49","slug":"pirelli-tubeless-ventile-60-mm","status":"publish","type":"product","link":"https:\/\/gravel-bikes.cc\/de\/produkt\/pirelli-tubeless-ventile-60-mm\/","title":{"rendered":"PIRELLI Tubeless-Ventile 60 mm"},"content":{"rendered":"<p>Pirellis neue Tubeless-Ventile bieten universelle Kompatibilit\u00e4t und maximale Zuverl\u00e4ssigkeit f\u00fcr alle Radtypen. Jede Packung enth\u00e4lt zwei Presta-Ventile mit herausnehmbaren Ventileins\u00e4tzen (RVC), ein Montagewerkzeug und Kunststoffkappen. <\/p>\n<p>Erh\u00e4ltlich in drei L\u00e4ngen (40 mm, 60 mm, 80 mm), sind sie leicht, robust und gew\u00e4hrleisten optimale Luftdichtheit. Hergestellt in Italien, sind sie die ideale Wahl f\u00fcr alle, die Qualit\u00e4t, Effizienz und eine einfache Tubeless-Installation suchen. <\/p>\n","protected":false},"excerpt":{"rendered":"<p>Pirellis neue Tubeless-Ventile bieten universelle Kompatibilit\u00e4t und maximale Zuverl\u00e4ssigkeit f\u00fcr alle Radtypen. Jede Packung enth\u00e4lt zwei Presta-Ventile mit herausnehmbaren Ventileins\u00e4tzen (RVC), ein Montagewerkzeug und Kunststoffkappen. Erh\u00e4ltlich in drei L\u00e4ngen (40 mm, 60 mm, 80 mm), sind sie leicht, robust und gew\u00e4hrleisten optimale Luftdichtheit. Hergestellt in Italien, sind sie die ideale Wahl f\u00fcr alle, die Qualit\u00e4t, [&hellip;]<\/p>\n","protected":false},"featured_media":8172,"template":"","meta":{"_et_pb_use_builder":"","_et_pb_old_content":"","_et_gb_content_width":"","om_disable_all_campaigns":false,"_monsterinsights_skip_tracking":false,"_monsterinsights_sitenote_active":false,"_monsterinsights_sitenote_note":"","_monsterinsights_sitenote_category":0},"pwb-brand":[],"product_brand":[],"product_cat":[384,436],"product_tag":[820],"class_list":{"0":"post-9021","1":"product","2":"type-product","3":"status-publish","4":"has-post-thumbnail","6":"product_cat-nicht-kategorisiert-2","7":"product_cat-tubeless-teile","8":"product_tag-pirelli","10":"first","11":"instock","12":"sale","13":"taxable","14":"shipping-taxable","15":"purchasable","16":"product-type-simple"},"aioseo_notices":[],"brands":[],"_links":{"self":[{"href":"https:\/\/gravel-bikes.cc\/de\/wp-json\/wp\/v2\/product\/9021","targetHints":{"allow":["GET"]}}],"collection":[{"href":"https:\/\/gravel-bikes.cc\/de\/wp-json\/wp\/v2\/product"}],"about":[{"href":"https:\/\/gravel-bikes.cc\/de\/wp-json\/wp\/v2\/types\/product"}],"wp:featuredmedia":[{"embeddable":true,"href":"https:\/\/gravel-bikes.cc\/de\/wp-json\/wp\/v2\/media\/8172"}],"wp:attachment":[{"href":"https:\/\/gravel-bikes.cc\/de\/wp-json\/wp\/v2\/media?parent=9021"}],"wp:term":[{"taxonomy":"pwb-brand","embeddable":true,"href":"https:\/\/gravel-bikes.cc\/de\/wp-json\/wp\/v2\/pwb-brand?post=9021"},{"taxonomy":"product_brand","embeddable":true,"href":"https:\/\/gravel-bikes.cc\/de\/wp-json\/wp\/v2\/product_brand?post=9021"},{"taxonomy":"product_cat","embeddable":true,"href":"https:\/\/gravel-bikes.cc\/de\/wp-json\/wp\/v2\/product_cat?post=9021"},{"taxonomy":"product_tag","embeddable":true,"href":"https:\/\/gravel-bikes.cc\/de\/wp-json\/wp\/v2\/product_tag?post=9021"}],"curies":[{"name":"wp","href":"https:\/\/api.w.org\/{rel}","templated":true}]}}