{"id":9061,"date":"2026-03-05T12:21:18","date_gmt":"2026-03-05T12:21:18","guid":{"rendered":"https:\/\/gravel-bikes.cc\/produkt\/nepal-trip-anzahlung\/"},"modified":"2026-03-05T12:21:18","modified_gmt":"2026-03-05T12:21:18","slug":"nepal-trip-anzahlung","status":"publish","type":"product","link":"https:\/\/gravel-bikes.cc\/de\/produkt\/nepal-trip-anzahlung\/","title":{"rendered":"NEPAL TRIP Anzahlung"},"content":{"rendered":"<p>Das ist Nepals ultimative Tour, der Annapurna Circuit neu gedacht f\u00fcr die Gravel-<br \/>\nGeneration. Gro\u00df, rau und echt: eine zweiw\u00f6chige Reise durch Klimazonen, Kulturen<br \/>\nund Bergp\u00e4sse, die das Wort episch definieren. Du f\u00e4hrst von den Reisterrassen<br \/>\nder Mittelgebirge zu den hohen, kargen Landschaften von Manang, \u00fcberquerst den<br \/>\nlegend\u00e4ren Thorong La Pass (5.416 m) und f\u00e4hrst durch die windgepeitschten<br \/>\nT\u00e4ler von Mustang hinab in die \u00fcppigen Ausl\u00e4ufer von Pokhara.<br \/>\nUnterwegs f\u00e4hrst du auf allem von verdichtetem Schotter \u00fcber Jeep-Pisten bis zu<br \/>\nalten Steinwegen, vorbei an zeitlosen D\u00f6rfern, buddhistischen Kl\u00f6stern,<br \/>\nApfelplantagen und Flusst\u00e4lern. Es ist hart, aber wundersch\u00f6n lohnend, ein echter Test<br \/>\nf\u00fcr Ausdauer, Geist und Stoke.<br \/>\nF\u00fcr Fahrer mit wenig Zeit, frag uns nach der 10-Tage-Version dieses Programms.   <\/p>\n","protected":false},"excerpt":{"rendered":"<p>Das ist Nepals ultimative Tour, der Annapurna Circuit neu gedacht f\u00fcr die Gravel- Generation. Gro\u00df, rau und echt: eine zweiw\u00f6chige Reise durch Klimazonen, Kulturen und Bergp\u00e4sse, die das Wort episch definieren. Du f\u00e4hrst von den Reisterrassen der Mittelgebirge zu den hohen, kargen Landschaften von Manang, \u00fcberquerst den legend\u00e4ren Thorong La Pass (5.416 m) und f\u00e4hrst [&hellip;]<\/p>\n","protected":false},"featured_media":7986,"template":"","meta":{"_et_pb_use_builder":"","_et_pb_old_content":"","_et_gb_content_width":"","om_disable_all_campaigns":false,"_monsterinsights_skip_tracking":false,"_monsterinsights_sitenote_active":false,"_monsterinsights_sitenote_note":"","_monsterinsights_sitenote_category":0},"pwb-brand":[],"product_brand":[],"product_cat":[623],"product_tag":[829],"class_list":{"0":"post-9061","1":"product","2":"type-product","3":"status-publish","4":"has-post-thumbnail","6":"product_cat-reise","7":"product_tag-nepal-gravel","9":"first","10":"instock","11":"taxable","12":"shipping-taxable","13":"purchasable","14":"product-type-simple"},"aioseo_notices":[],"brands":[],"_links":{"self":[{"href":"https:\/\/gravel-bikes.cc\/de\/wp-json\/wp\/v2\/product\/9061","targetHints":{"allow":["GET"]}}],"collection":[{"href":"https:\/\/gravel-bikes.cc\/de\/wp-json\/wp\/v2\/product"}],"about":[{"href":"https:\/\/gravel-bikes.cc\/de\/wp-json\/wp\/v2\/types\/product"}],"wp:featuredmedia":[{"embeddable":true,"href":"https:\/\/gravel-bikes.cc\/de\/wp-json\/wp\/v2\/media\/7986"}],"wp:attachment":[{"href":"https:\/\/gravel-bikes.cc\/de\/wp-json\/wp\/v2\/media?parent=9061"}],"wp:term":[{"taxonomy":"pwb-brand","embeddable":true,"href":"https:\/\/gravel-bikes.cc\/de\/wp-json\/wp\/v2\/pwb-brand?post=9061"},{"taxonomy":"product_brand","embeddable":true,"href":"https:\/\/gravel-bikes.cc\/de\/wp-json\/wp\/v2\/product_brand?post=9061"},{"taxonomy":"product_cat","embeddable":true,"href":"https:\/\/gravel-bikes.cc\/de\/wp-json\/wp\/v2\/product_cat?post=9061"},{"taxonomy":"product_tag","embeddable":true,"href":"https:\/\/gravel-bikes.cc\/de\/wp-json\/wp\/v2\/product_tag?post=9061"}],"curies":[{"name":"wp","href":"https:\/\/api.w.org\/{rel}","templated":true}]}}