{"id":9062,"date":"2026-03-15T10:06:55","date_gmt":"2026-03-15T10:06:55","guid":{"rendered":"https:\/\/gravel-bikes.cc\/produkt\/tibet-trip-anzahlung\/"},"modified":"2026-03-15T10:06:55","modified_gmt":"2026-03-15T10:06:55","slug":"tibet-trip-anzahlung","status":"publish","type":"product","link":"https:\/\/gravel-bikes.cc\/de\/produkt\/tibet-trip-anzahlung\/","title":{"rendered":"TIBET-TRIP Anzahlung"},"content":{"rendered":"<h3 class=\"wp-block-heading\">Termine<\/h3>\n<p>29. April \u2013 10. Mai 2026<br \/>\n11. \u2013 23. Mai 2026 <a href=\"https:\/\/www.serk.cc\/everestingtibet\/\">(Special Edition)<\/a><br \/>\n3.\u201314. August 2026<br \/>\n1. \u2013 12. September 2026<\/p>\n<h3 class=\"wp-block-heading\">Distanz<\/h3>\n<p>12 Tage<br \/>\n7 Fahrtage<br \/>\n700 km+ (viele km auf durchschnittlich 4.000 m H\u00f6he)<br \/>\n5.770 m+ Anstieg<\/p>\n<h3 class=\"wp-block-heading\">H\u00f6he<\/h3>\n<p>Min.: 3.000 m<br \/>\nMax.: 5.100 m<br \/>\nDurchschnitt: 4.000 m<\/p>\n<h3 class=\"wp-block-heading\">Preis<\/h3>\n<p>6000 US$<\/p>\n<p>Tibet ist eines der gro\u00dfartigsten Reiseerlebnisse der Welt. Serk bietet Ihnen die M\u00f6glichkeit, in die alten Kulturen Tibets einzutauchen und durch seine atemberaubenden Landschaften bis zum legend\u00e4ren Everest Base Camp zu fahren. <\/p>\n<p>Seit 2014 gestalten wir mit viel Sorgfalt Erlebnisse, die dich immer wieder innehalten lassen \u2013 und dich dankbar machen, diese einzigartige Region erkundet zu haben, bevor sie vollst\u00e4ndig in die F\u00e4nge der Modernisierung ger\u00e4t.<\/p>\n<p>Wir kombinieren eine anspruchsvolle, spektakul\u00e4re Radroute mit einer Auswahl der lohnendsten Kultur- und Natur-Highlights.<\/p>\n<p>Fordere dich selbst heraus und fahre einige der h\u00f6chsten asphaltierten Stra\u00dfen der Welt hinauf \u2013 und grinse \u00fcber beide Ohren, wenn du auf der anderen Seite eines 5.000-m-Passes hinunterfliegst. Du nimmst nicht nur unglaubliche 9 Tage High-Altitude-Cycling in den Beinen mit, sondern auch ein neues Verst\u00e4ndnis f\u00fcr eine der faszinierendsten Kulturen der Welt. <\/p>\n","protected":false},"excerpt":{"rendered":"<p>Termine 29. April \u2013 10. Mai 2026 11. \u2013 23. Mai 2026 (Special Edition) 3.\u201314. August 2026 1. \u2013 12. September 2026 Distanz 12 Tage 7 Fahrtage 700 km+ (viele km auf durchschnittlich 4.000 m H\u00f6he) 5.770 m+ Anstieg H\u00f6he Min.: 3.000 m Max.: 5.100 m Durchschnitt: 4.000 m Preis 6000 US$ Tibet ist eines [&hellip;]<\/p>\n","protected":false},"featured_media":8480,"template":"","meta":{"_et_pb_use_builder":"","_et_pb_old_content":"","_et_gb_content_width":""},"pwb-brand":[],"product_brand":[],"product_cat":[623],"product_tag":[830],"class_list":{"0":"post-9062","1":"product","2":"type-product","3":"status-publish","4":"has-post-thumbnail","6":"product_cat-reise","7":"product_tag-tibet","9":"first","10":"instock","11":"taxable","12":"shipping-taxable","13":"purchasable","14":"product-type-simple"},"aioseo_notices":[],"brands":[],"_links":{"self":[{"href":"https:\/\/gravel-bikes.cc\/de\/wp-json\/wp\/v2\/product\/9062","targetHints":{"allow":["GET"]}}],"collection":[{"href":"https:\/\/gravel-bikes.cc\/de\/wp-json\/wp\/v2\/product"}],"about":[{"href":"https:\/\/gravel-bikes.cc\/de\/wp-json\/wp\/v2\/types\/product"}],"wp:featuredmedia":[{"embeddable":true,"href":"https:\/\/gravel-bikes.cc\/de\/wp-json\/wp\/v2\/media\/8480"}],"wp:attachment":[{"href":"https:\/\/gravel-bikes.cc\/de\/wp-json\/wp\/v2\/media?parent=9062"}],"wp:term":[{"taxonomy":"pwb-brand","embeddable":true,"href":"https:\/\/gravel-bikes.cc\/de\/wp-json\/wp\/v2\/pwb-brand?post=9062"},{"taxonomy":"product_brand","embeddable":true,"href":"https:\/\/gravel-bikes.cc\/de\/wp-json\/wp\/v2\/product_brand?post=9062"},{"taxonomy":"product_cat","embeddable":true,"href":"https:\/\/gravel-bikes.cc\/de\/wp-json\/wp\/v2\/product_cat?post=9062"},{"taxonomy":"product_tag","embeddable":true,"href":"https:\/\/gravel-bikes.cc\/de\/wp-json\/wp\/v2\/product_tag?post=9062"}],"curies":[{"name":"wp","href":"https:\/\/api.w.org\/{rel}","templated":true}]}}