{"id":9071,"date":"2026-03-22T11:10:41","date_gmt":"2026-03-22T11:10:41","guid":{"rendered":"https:\/\/gravel-bikes.cc\/produkt\/abus-faltschloss-granit-6500\/"},"modified":"2026-03-22T11:10:41","modified_gmt":"2026-03-22T11:10:41","slug":"abus-faltschloss-granit-6500","status":"publish","type":"product","link":"https:\/\/gravel-bikes.cc\/de\/produkt\/abus-faltschloss-granit-6500\/","title":{"rendered":"ABUS Faltschloss GRANIT 6500"},"content":{"rendered":"<div class=\"copy\"><span class=\"copy--bold\">Bei unserem BORDO GRANIT\u2122 6500K treffen Diebe auf ABUS Granit.<\/span><\/div>\n<div class=\"copy\">Selbst vor massiven Attacken bist du mit den 5,5 mm starken St\u00e4ben aus speziell geh\u00e4rtetem Stahl und integrierten Spezialnieten bestm\u00f6glich gesch\u00fctzt. Das innovative ABUS Link-Protection-Shield macht diese Nieten sowohl flexibel als auch extrem robust gegen Angriffe mit einer S\u00e4ge. Zudem bietet der Pr\u00e4zisions-Scheibenzylinder ABUS XPlus h\u00f6chstm\u00f6glichen Schutz vor Manipulationsversuchen. Das Fahrradschloss ist aber nicht nur \u00e4u\u00dferst robust, sondern auch gut im Handling. Dank des guten Verriegelungsmechanismus l\u00e4sst es sich besonders geschmeidig verriegeln und \u00f6ffnen.    <\/div>\n<div class=\"copy\"><\/div>\n<div class=\"copy\">Diese unschlagbare Kombination bringt dem Faltschloss BORDO GRANIT\u2122 6500K eine glatte 15 im ABUS Sicherheitslevel-System ein.<\/div>\n","protected":false},"excerpt":{"rendered":"<h1 class=\"hyphenate\">BORDO GRANIT\u2122 6500K<\/h1>\n<p>Verl\u00e4sslicher Schutz bei h\u00f6chstem Sicherheitsbedarf: Das BORDO GRANIT\u2122 6500K ist der Nachfolger des BORDO GRANIT XPlus\u2122 6500. Mit Ver\u00e4nderungen im Design und am Verriegelungsmechanismus reiht es sich in die Bordo-Familie ein. Nun auch in 90 cm L\u00e4nge.  <\/p>\n","protected":false},"featured_media":8640,"template":"","meta":{"_et_pb_use_builder":"","_et_pb_old_content":"","_et_gb_content_width":"","om_disable_all_campaigns":false,"_monsterinsights_skip_tracking":false,"_monsterinsights_sitenote_active":false,"_monsterinsights_sitenote_note":"","_monsterinsights_sitenote_category":0},"pwb-brand":[],"product_brand":[],"product_cat":[619],"product_tag":[],"class_list":{"0":"post-9071","1":"product","2":"type-product","3":"status-publish","4":"has-post-thumbnail","6":"product_cat-abus-schlosser","8":"first","9":"instock","10":"taxable","11":"shipping-taxable","12":"product-type-simple"},"aioseo_notices":[],"df_price":"","df_sale_price":"","df_regular_price":"","df_image_link":"https:\/\/gravel-bikes.cc\/wp-content\/uploads\/2026\/03\/61498_BORDO6500K_90_BK_abus_640-109x300.png","brands":[],"_links":{"self":[{"href":"https:\/\/gravel-bikes.cc\/de\/wp-json\/wp\/v2\/product\/9071","targetHints":{"allow":["GET"]}}],"collection":[{"href":"https:\/\/gravel-bikes.cc\/de\/wp-json\/wp\/v2\/product"}],"about":[{"href":"https:\/\/gravel-bikes.cc\/de\/wp-json\/wp\/v2\/types\/product"}],"wp:featuredmedia":[{"embeddable":true,"href":"https:\/\/gravel-bikes.cc\/de\/wp-json\/wp\/v2\/media\/8640"}],"wp:attachment":[{"href":"https:\/\/gravel-bikes.cc\/de\/wp-json\/wp\/v2\/media?parent=9071"}],"wp:term":[{"taxonomy":"pwb-brand","embeddable":true,"href":"https:\/\/gravel-bikes.cc\/de\/wp-json\/wp\/v2\/pwb-brand?post=9071"},{"taxonomy":"product_brand","embeddable":true,"href":"https:\/\/gravel-bikes.cc\/de\/wp-json\/wp\/v2\/product_brand?post=9071"},{"taxonomy":"product_cat","embeddable":true,"href":"https:\/\/gravel-bikes.cc\/de\/wp-json\/wp\/v2\/product_cat?post=9071"},{"taxonomy":"product_tag","embeddable":true,"href":"https:\/\/gravel-bikes.cc\/de\/wp-json\/wp\/v2\/product_tag?post=9071"}],"curies":[{"name":"wp","href":"https:\/\/api.w.org\/{rel}","templated":true}]}}