{"id":9074,"date":"2026-03-22T11:16:14","date_gmt":"2026-03-22T11:16:14","guid":{"rendered":"https:\/\/gravel-bikes.cc\/produkt\/abus-bordo-one\/"},"modified":"2026-03-22T11:16:14","modified_gmt":"2026-03-22T11:16:14","slug":"abus-bordo-one","status":"publish","type":"product","link":"https:\/\/gravel-bikes.cc\/de\/produkt\/abus-bordo-one\/","title":{"rendered":"ABUS BORDO ONE"},"content":{"rendered":"<h3 class=\"like-h2\">SCHL\u00dcSSELLOS IST MEHR<\/h3>\n<div class=\"copy\"><span class=\"copy--bold\">Genie\u00dfe die Vorteile der innovativen SmartX-Technologie, die neben Sicherheit auch Komfort bietet: Du brauchst keine Schl\u00fcssel mehr \u2013 das Smartphone in der Tasche gen\u00fcgt.<\/span><\/div>\n<div class=\"copy\">Kombiniert mit dem 100 dB lauten Alarm bietet dieses Schloss Sicherheit f\u00fcr hochwertige Zweir\u00e4der, z. B. E-Bikes und Lastenr\u00e4der. Dank Anbindung an die ABUS One App und bew\u00e4hrter ABUS SmartX\u2122 Bluetooth-Technologie funktioniert das Fahrradschloss komplett schl\u00fcssellos. <\/div>\n<div class=\"copy\">Wer es etwas weniger smart, aber trotzdem bequem m\u00f6chte, kann das BORDO\u2122 One 6500A optional per Fernbedienung bedienen. In der RC-Variante (RC = Remote Control) ist sie im Lieferumfang enthalten, f\u00fcr die anderen Varianten ist die Fernbedienung separat erh\u00e4ltlich. <\/div>\n","protected":false},"excerpt":{"rendered":"<h1 class=\"hyphenate\">BORDO\u2122 One 6500A<\/h1>\n<p>Smarte Fahrradsicherheit weitergedacht. Der Einsatz innovativer Technik, kombiniert mit h\u00f6chster Flexibilit\u00e4t, mechanischer Sicherheit und der Anbindung an die neue App ABUS One, macht das 6500A zum smartesten Fahrradschloss seiner Klasse. <\/p>\n","protected":false},"featured_media":8643,"template":"","meta":{"_et_pb_use_builder":"","_et_pb_old_content":"","_et_gb_content_width":"","om_disable_all_campaigns":false,"_monsterinsights_skip_tracking":false,"_monsterinsights_sitenote_active":false,"_monsterinsights_sitenote_note":"","_monsterinsights_sitenote_category":0},"pwb-brand":[],"product_brand":[],"product_cat":[619],"product_tag":[],"class_list":{"0":"post-9074","1":"product","2":"type-product","3":"status-publish","4":"has-post-thumbnail","6":"product_cat-abus-schlosser","8":"first","9":"instock","10":"taxable","11":"shipping-taxable","12":"product-type-simple"},"aioseo_notices":[],"df_price":"","df_sale_price":"","df_regular_price":"","df_image_link":"https:\/\/gravel-bikes.cc\/wp-content\/uploads\/2026\/03\/61495_6500A_110_SmartX_front_abus_640-132x300.png","brands":[],"_links":{"self":[{"href":"https:\/\/gravel-bikes.cc\/de\/wp-json\/wp\/v2\/product\/9074","targetHints":{"allow":["GET"]}}],"collection":[{"href":"https:\/\/gravel-bikes.cc\/de\/wp-json\/wp\/v2\/product"}],"about":[{"href":"https:\/\/gravel-bikes.cc\/de\/wp-json\/wp\/v2\/types\/product"}],"wp:featuredmedia":[{"embeddable":true,"href":"https:\/\/gravel-bikes.cc\/de\/wp-json\/wp\/v2\/media\/8643"}],"wp:attachment":[{"href":"https:\/\/gravel-bikes.cc\/de\/wp-json\/wp\/v2\/media?parent=9074"}],"wp:term":[{"taxonomy":"pwb-brand","embeddable":true,"href":"https:\/\/gravel-bikes.cc\/de\/wp-json\/wp\/v2\/pwb-brand?post=9074"},{"taxonomy":"product_brand","embeddable":true,"href":"https:\/\/gravel-bikes.cc\/de\/wp-json\/wp\/v2\/product_brand?post=9074"},{"taxonomy":"product_cat","embeddable":true,"href":"https:\/\/gravel-bikes.cc\/de\/wp-json\/wp\/v2\/product_cat?post=9074"},{"taxonomy":"product_tag","embeddable":true,"href":"https:\/\/gravel-bikes.cc\/de\/wp-json\/wp\/v2\/product_tag?post=9074"}],"curies":[{"name":"wp","href":"https:\/\/api.w.org\/{rel}","templated":true}]}}