{"id":9090,"date":"2026-03-22T11:19:52","date_gmt":"2026-03-22T11:19:52","guid":{"rendered":"https:\/\/gravel-bikes.cc\/produkt\/abus-bordo-6200k\/"},"modified":"2026-03-22T11:19:52","modified_gmt":"2026-03-22T11:19:52","slug":"abus-bordo-6200k","status":"publish","type":"product","link":"https:\/\/gravel-bikes.cc\/de\/produkt\/abus-bordo-6200k\/","title":{"rendered":"ABUS BORDO 6200K"},"content":{"rendered":"<div class=\"copy\"><span class=\"copy--bold\">Schlie\u00dfe dein wertvolles Fahrrad nicht nur sicher, sondern auch komfortabel ab: Mit dem BORDO 6200K findest du ganz schnell eine geeignete Stelle zum Anschlie\u00dfen &#8211; auch bei sperrigen Objekten.<\/span><\/div>\n<div class=\"copy\">Das liegt zum einen an dem gro\u00dfen Schlie\u00dfumfang von 94 cm oder sogar 127 cm \u2013 je nach Variante. Zum anderen aber auch an der Flexibilit\u00e4t dieses Faltschlosses, die auf den rotierbaren Schlossk\u00f6rpers zur\u00fcckzuf\u00fchren ist. So kannst du die \u00d6ffnung f\u00fcr den Schlie\u00dfstab dahin drehen, wo du sie brauchst.  <\/div>\n<div class=\"copy\">F\u00fcr den Transport faltest du das Schloss wie einen Zollstock auf eine kompakte Gr\u00f6\u00dfe zusammen. Dann verstaust du es in der mitgelieferten Schlosshalterung, die einfach am Fahrradrahmen montiert werden kann. Besonders praktisch: In der Halterung findest du ein Fach f\u00fcr die Unterbringung des Schl\u00fcssels und Einrasten l\u00e4sst sich das Schloss im Halter einfach, indem du Druck auf die St\u00e4be aus\u00fcbst \u2013 schnell und ohne eingeklemmte Finger. Die Halterung des Bordo 6200K\/120 bietet zus\u00e4tzlich ein Aufbewahrungsfach f\u00fcr einen AirTag* oder SmartTag**. Diese erm\u00f6glichen ein Orten des Schlosses bzw. Bikes.     <\/div>\n<div class=\"copy\">Das 6200K\/120 verf\u00fcgt zus\u00e4tzlich \u00fcber eine Transport- und eine Verriegelungsposition. Das bedeutet, es gibt zwei Einsteckm\u00f6glichkeiten im Schlossk\u00f6rper, wovon die \u00e4u\u00dfere nur zum Transport und die innere zum Verriegeln des Schlosses geeignet ist. <\/div>\n<div class=\"copy\">F\u00fcr die hohe Sicherheit des in Deutschland hergestellten BORDO 6200K sorgen unter anderem der ABUS XPlus-Zylinder und die robusten St\u00e4be aus geh\u00e4rtetem Stahl mit zus\u00e4tzlicher Profilierung. St\u00e4hlerne Scheiben sch\u00fctzen die Nieten vor Angriffen mit S\u00e4gen. Zum Schutz vor Lacksch\u00e4den am Rad sind die St\u00e4be ummantelt.  <\/div>\n","protected":false},"excerpt":{"rendered":"<h1 class=\"hyphenate\">BORDO\u2122 6200K<\/h1>\n<p>Erlebe, wie flexibel Sicherheit sein kann: Der robuste Schlossk\u00f6rper dieses Faltschlosses l\u00e4sst sich um 360\u00b0 drehen. Das erm\u00f6glicht einen besonders gro\u00dfen Bewegungsspielraum beim Anschlie\u00dfen des Rads. <\/p>\n","protected":false},"featured_media":8645,"template":"","meta":{"_et_pb_use_builder":"","_et_pb_old_content":"","_et_gb_content_width":"","om_disable_all_campaigns":false,"_monsterinsights_skip_tracking":false,"_monsterinsights_sitenote_active":false,"_monsterinsights_sitenote_note":"","_monsterinsights_sitenote_category":0},"pwb-brand":[],"product_brand":[],"product_cat":[619,384],"product_tag":[838],"class_list":{"0":"post-9090","1":"product","2":"type-product","3":"status-publish","4":"has-post-thumbnail","6":"product_cat-abus-schlosser","7":"product_cat-nicht-kategorisiert-2","8":"product_tag-abus-bordo","10":"first","11":"instock","12":"taxable","13":"shipping-taxable","14":"purchasable","15":"product-type-simple"},"aioseo_notices":[],"brands":[],"_links":{"self":[{"href":"https:\/\/gravel-bikes.cc\/de\/wp-json\/wp\/v2\/product\/9090","targetHints":{"allow":["GET"]}}],"collection":[{"href":"https:\/\/gravel-bikes.cc\/de\/wp-json\/wp\/v2\/product"}],"about":[{"href":"https:\/\/gravel-bikes.cc\/de\/wp-json\/wp\/v2\/types\/product"}],"wp:featuredmedia":[{"embeddable":true,"href":"https:\/\/gravel-bikes.cc\/de\/wp-json\/wp\/v2\/media\/8645"}],"wp:attachment":[{"href":"https:\/\/gravel-bikes.cc\/de\/wp-json\/wp\/v2\/media?parent=9090"}],"wp:term":[{"taxonomy":"pwb-brand","embeddable":true,"href":"https:\/\/gravel-bikes.cc\/de\/wp-json\/wp\/v2\/pwb-brand?post=9090"},{"taxonomy":"product_brand","embeddable":true,"href":"https:\/\/gravel-bikes.cc\/de\/wp-json\/wp\/v2\/product_brand?post=9090"},{"taxonomy":"product_cat","embeddable":true,"href":"https:\/\/gravel-bikes.cc\/de\/wp-json\/wp\/v2\/product_cat?post=9090"},{"taxonomy":"product_tag","embeddable":true,"href":"https:\/\/gravel-bikes.cc\/de\/wp-json\/wp\/v2\/product_tag?post=9090"}],"curies":[{"name":"wp","href":"https:\/\/api.w.org\/{rel}","templated":true}]}}