{"id":11060,"date":"2026-04-07T13:38:01","date_gmt":"2026-04-07T13:38:01","guid":{"rendered":"https:\/\/gravel-bikes.cc\/envio\/"},"modified":"2026-04-15T06:20:52","modified_gmt":"2026-04-15T06:20:52","slug":"envio","status":"publish","type":"page","link":"https:\/\/gravel-bikes.cc\/es\/envio\/","title":{"rendered":"ENV\u00cdO"},"content":{"rendered":"\n<p><strong>Pol\u00edtica de env\u00edo<\/strong><\/p>\n\n<p><\/p>\n\n<p>Todos los pedidos tienen un tiempo de procesamiento de 1 a 3 d\u00edas h\u00e1biles antes de ser enviados, a menos que se indique lo contrario en la p\u00e1gina del producto (por ejemplo, productos en preventa o productos con un tiempo de entrega espec\u00edfico indicado en su p\u00e1gina).<\/p>\n\n<p>Realizamos env\u00edos desde varios almacenes, y todos ellos presentan variaciones en los tiempos de env\u00edo y procesamiento de entre 1 y 4 d\u00edas.<\/p>\n\n<p>Los gastos de env\u00edo de tu pedido se calcular\u00e1n y se mostrar\u00e1n en el momento del pago.<\/p>\n\n<p>El env\u00edo gratuito dentro de los Estados Unidos continentales est\u00e1 disponible para pedidos superiores a 79 \u20ac. Para aprovechar nuestra oferta de env\u00edo gratuito, selecciona la opci\u00f3n \u201cEnv\u00edo gratuito para pedidos superiores a 79 \u20ac\u201d al finalizar la compra. Tambi\u00e9n disponemos de otras opciones de env\u00edo que requieren el pago de una tasa de transporte.  <\/p>\n\n<p><strong><br\/>ENV\u00cdO INTERNACIONAL<\/strong><\/p>\n\n<p>Si tu direcci\u00f3n de env\u00edo est\u00e1 fuera de la UE, es posible que tu pedido est\u00e9 sujeto a tasas de aduana, impuestos, aranceles o derechos adicionales en el momento de la entrega. Estos cargos no est\u00e1n incluidos en el coste de env\u00edo y son responsabilidad del cliente. Consulta con la oficina de aduanas de tu pa\u00eds para determinar cu\u00e1les ser\u00e1n estos costes adicionales antes de realizar tu pedido.  <\/p>\n\n<p><strong><br\/>\u00bfC\u00d3MO PUEDO CONSULTAR EL ESTADO DE MI PEDIDO?<\/strong><\/p>\n\n<p>Cuando tu pedido haya sido enviado, recibir\u00e1s una notificaci\u00f3n por correo electr\u00f3nico que incluir\u00e1 un n\u00famero de seguimiento para que puedas consultar su estado. La informaci\u00f3n de seguimiento puede tardar hasta 48 horas en estar disponible. <\/p>\n\n<p>Si no has recibido tu pedido en un plazo de 7 d\u00edas tras recibir el correo de confirmaci\u00f3n de env\u00edo, ponte en contacto con nosotros en info@pearl-cycles.com indicando tu nombre y n\u00famero de pedido, y lo investigaremos por ti.<\/p>\n\n<p>Si tienes alguna otra pregunta, no dudes en ponerte en contacto con nosotros en info@pearl-cycles.com<\/p>\n\n<p>\u00a1Gracias!<\/p>\n\n<figure class=\"wp-block-image size-large\"><img loading=\"lazy\" decoding=\"async\" width=\"1024\" height=\"1024\" src=\"https:\/\/gravel-bikes.cc\/wp-content\/uploads\/2026\/04\/AIRJ2487-1024x1024.jpg\" alt=\"\" class=\"wp-image-10953\" srcset=\"https:\/\/gravel-bikes.cc\/wp-content\/uploads\/2026\/04\/AIRJ2487-980x980.jpg 980w, https:\/\/gravel-bikes.cc\/wp-content\/uploads\/2026\/04\/AIRJ2487-480x480.jpg 480w\" sizes=\"(min-width: 0px) and (max-width: 480px) 480px, (min-width: 481px) and (max-width: 980px) 980px, (min-width: 981px) 1024px, 100vw\" \/><\/figure>\n","protected":false},"excerpt":{"rendered":"<p>Pol\u00edtica de env\u00edo Todos los pedidos tienen un tiempo de procesamiento de 1 a 3 d\u00edas h\u00e1biles antes de ser enviados, a menos que se indique lo contrario en la p\u00e1gina del producto (por ejemplo, productos en preventa o productos con un tiempo de entrega espec\u00edfico indicado en su p\u00e1gina). Realizamos env\u00edos desde varios almacenes, [&hellip;]<\/p>\n","protected":false},"author":1,"featured_media":0,"parent":0,"menu_order":0,"comment_status":"closed","ping_status":"closed","template":"","meta":{"_et_pb_use_builder":"off","_et_pb_old_content":"","_et_gb_content_width":"","om_disable_all_campaigns":false,"_monsterinsights_skip_tracking":false,"_monsterinsights_sitenote_active":false,"_monsterinsights_sitenote_note":"","_monsterinsights_sitenote_category":0,"footnotes":""},"class_list":["post-11060","page","type-page","status-publish","hentry"],"aioseo_notices":[],"_links":{"self":[{"href":"https:\/\/gravel-bikes.cc\/es\/wp-json\/wp\/v2\/pages\/11060","targetHints":{"allow":["GET"]}}],"collection":[{"href":"https:\/\/gravel-bikes.cc\/es\/wp-json\/wp\/v2\/pages"}],"about":[{"href":"https:\/\/gravel-bikes.cc\/es\/wp-json\/wp\/v2\/types\/page"}],"author":[{"embeddable":true,"href":"https:\/\/gravel-bikes.cc\/es\/wp-json\/wp\/v2\/users\/1"}],"replies":[{"embeddable":true,"href":"https:\/\/gravel-bikes.cc\/es\/wp-json\/wp\/v2\/comments?post=11060"}],"version-history":[{"count":1,"href":"https:\/\/gravel-bikes.cc\/es\/wp-json\/wp\/v2\/pages\/11060\/revisions"}],"predecessor-version":[{"id":11061,"href":"https:\/\/gravel-bikes.cc\/es\/wp-json\/wp\/v2\/pages\/11060\/revisions\/11061"}],"wp:attachment":[{"href":"https:\/\/gravel-bikes.cc\/es\/wp-json\/wp\/v2\/media?parent=11060"}],"curies":[{"name":"wp","href":"https:\/\/api.w.org\/{rel}","templated":true}]}}