{"id":12186,"date":"2026-05-14T08:57:29","date_gmt":"2026-05-14T08:57:29","guid":{"rendered":"https:\/\/gravel-bikes.cc\/seka-gravel\/"},"modified":"2026-05-14T10:08:16","modified_gmt":"2026-05-14T10:08:16","slug":"seka-gravel","status":"publish","type":"page","link":"https:\/\/gravel-bikes.cc\/es\/seka-gravel\/","title":{"rendered":"SEKA GRAVEL"},"content":{"rendered":"<p>[et_pb_section fb_built=&#8221;1&#8243; fullwidth=&#8221;on&#8221; theme_builder_area=&#8221;post_content&#8221; _builder_version=&#8221;4.27.6&#8243; _module_preset=&#8221;default&#8221; hover_enabled=&#8221;0&#8243; sticky_enabled=&#8221;0&#8243;][et_pb_fullwidth_slider _builder_version=&#8221;4.27.6&#8243; _module_preset=&#8221;default&#8221; theme_builder_area=&#8221;post_content&#8221; hover_enabled=&#8221;0&#8243; sticky_enabled=&#8221;0&#8243;][et_pb_slide heading=&#8221;Aqu\u00ed va tu t\u00edtulo&#8221; button_text=&#8221;Haz clic aqu\u00ed&#8221; _builder_version=&#8221;4.27.6&#8243; _module_preset=&#8221;default&#8221; theme_builder_area=&#8221;post_content&#8221; title_text=&#8221;Y-5-1-2048&#215;1229&#8243; background_image=&#8221;https:\/\/gravel-bikes.cc\/wp-content\/uploads\/2026\/05\/Y-5-1-2048&#215;1229-1.jpg&#8221; background_enable_image=&#8221;on&#8221; hover_enabled=&#8221;0&#8243; sticky_enabled=&#8221;0&#8243;]<\/p>\n<p>Aqu\u00ed va tu contenido. Edita o elimina este texto en l\u00ednea o en la configuraci\u00f3n del m\u00f3dulo de contenido. Tambi\u00e9n puedes dise\u00f1ar cada aspecto de este contenido en la configuraci\u00f3n de dise\u00f1o del m\u00f3dulo e incluso aplicar CSS personalizado a este texto en la configuraci\u00f3n avanzada del m\u00f3dulo.  <\/p>\n<p>[\/et_pb_slide][et_pb_slide heading=&#8221;SEKA Gravel &#8221; button_text=&#8221;Descubre m\u00e1s&#8230;&#8221; _builder_version=&#8221;4.27.6&#8243; _module_preset=&#8221;default&#8221; theme_builder_area=&#8221;post_content&#8221; title_text=&#8221;mariana-scope-artech-main&#8221; background_image=&#8221;https:\/\/gravel-bikes.cc\/wp-content\/uploads\/2026\/05\/mariana-scope-artech-main.webp&#8221; background_enable_image=&#8221;on&#8221; hover_enabled=&#8221;0&#8243; sticky_enabled=&#8221;0&#8243;]<\/p>\n<h2>ya disponible. Ponte en contacto con nosotros para tu pr\u00f3xima bicicleta a medida. <\/h2>\n<p>[\/et_pb_slide][\/et_pb_fullwidth_slider][\/et_pb_section][et_pb_section fb_built=&#8221;1&#8243; theme_builder_area=&#8221;post_content&#8221; _builder_version=&#8221;4.27.6&#8243; _module_preset=&#8221;default&#8221;][et_pb_row _builder_version=&#8221;4.27.6&#8243; _module_preset=&#8221;default&#8221; theme_builder_area=&#8221;post_content&#8221;][et_pb_column _builder_version=&#8221;4.27.6&#8243; _module_preset=&#8221;default&#8221; type=&#8221;4_4&#8243; theme_builder_area=&#8221;post_content&#8221;][et_pb_text _builder_version=&#8221;4.27.6&#8243; _module_preset=&#8221;default&#8221; theme_builder_area=&#8221;post_content&#8221; hover_enabled=&#8221;0&#8243; sticky_enabled=&#8221;0&#8243;]<\/p>\n<div class=\"elementor-element elementor-element-9f28f69 e-grid animated-slow e-con-boxed e-con e-child\" data-id=\"9f28f69\" data-element_type=\"container\" data-e-type=\"container\" data-settings=\"{\"background_background\":\"classic\",\"animation\":\"none\",\"animation_delay\":0}\">\n<div class=\"e-con-inner\">\n<div class=\"elementor-element elementor-element-7fb488f animated-slow elementor-widget__width-inherit elementor-widget elementor-widget-text-editor animated fadeIn\" data-id=\"7fb488f\" data-element_type=\"widget\" data-e-type=\"widget\" data-settings=\"{\"_animation\":\"fadeIn\"}\" data-widget_type=\"text-editor.default\">\n<div class=\"elementor-widget-container\">\n<h2><span>Aerodin\u00e1mica<\/span><\/h2>\n<p><span><\/span><\/p>\n<\/div>\n<\/div>\n<div class=\"elementor-element elementor-element-60ba36e animated-slow elementor-widget elementor-widget-text-editor animated fadeIn\" data-id=\"60ba36e\" data-element_type=\"widget\" data-e-type=\"widget\" data-settings=\"{\"_animation\":\"fadeIn\"}\" data-widget_type=\"text-editor.default\">\n<div class=\"elementor-widget-container\">\n<h2>Dise\u00f1ada para la competici\u00f3n en el mundo real.<\/h2>\n<p>&nbsp;<\/p>\n<\/div>\n<\/div>\n<\/div>\n<\/div>\n<div class=\"elementor-element elementor-element-f36a93b e-grid e-con-boxed e-con e-parent e-lazyloaded\" data-id=\"f36a93b\" data-element_type=\"container\" data-e-type=\"container\" data-settings=\"{\"background_background\":\"classic\"}\">\n<div class=\"e-con-inner\">\n<div class=\"elementor-element elementor-element-47df094 animated-slow elementor-widget__width-inherit elementor-widget elementor-widget-text-editor animated fadeIn\" data-id=\"47df094\" data-element_type=\"widget\" data-e-type=\"widget\" data-settings=\"{\"_animation\":\"fadeIn\"}\" data-widget_type=\"text-editor.default\">\n<div class=\"elementor-widget-container\">\n<h4>Una bicicleta de gravel debe dominar diversos terrenos sin comprometer la velocidad y el rendimiento en carrera. Cuando se trata del rendimiento de un cuadro en competici\u00f3n, ning\u00fan factor es m\u00e1s cr\u00edtico que la eficiencia aerodin\u00e1mica. Por lo tanto, nuestra filosof\u00eda se centra en la<span> <\/span><span>aerodin\u00e1mica del sistema completo en una<\/span><span> <\/span>configuraci\u00f3n de competici\u00f3n real. Optimizamos no solo el coeficiente de arrastre del cuadro, sino todo el <span> <\/span><span>ecosistema<\/span>: geometr\u00eda del cuadro, espacio para los neum\u00e1ticos, almacenamiento integrado y sistemas de expansi\u00f3n modular.<\/h4>\n<\/div>\n<\/div>\n<\/div>\n<\/div>\n<p>[\/et_pb_text][\/et_pb_column][\/et_pb_row][\/et_pb_section][et_pb_section fb_built=&#8221;1&#8243; theme_builder_area=&#8221;post_content&#8221; _builder_version=&#8221;4.27.6&#8243; _module_preset=&#8221;default&#8221;][et_pb_row _builder_version=&#8221;4.27.6&#8243; _module_preset=&#8221;default&#8221; column_structure=&#8221;1_2,1_2&#8243; theme_builder_area=&#8221;post_content&#8221;][et_pb_column _builder_version=&#8221;4.27.6&#8243; _module_preset=&#8221;default&#8221; type=&#8221;1_2&#8243; theme_builder_area=&#8221;post_content&#8221;][et_pb_image src=&#8221;https:\/\/gravel-bikes.cc\/wp-content\/uploads\/2026\/05\/Y-4-2048&#215;1229-1.jpg&#8221; _builder_version=&#8221;4.27.6&#8243; _module_preset=&#8221;default&#8221; theme_builder_area=&#8221;post_content&#8221; title_text=&#8221;Y-4-2048&#215;1229&#8243; hover_enabled=&#8221;0&#8243; sticky_enabled=&#8221;0&#8243;][\/et_pb_image][\/et_pb_column][et_pb_column _builder_version=&#8221;4.27.6&#8243; _module_preset=&#8221;default&#8221; type=&#8221;1_2&#8243; theme_builder_area=&#8221;post_content&#8221;][et_pb_text _builder_version=&#8221;4.27.6&#8243; _module_preset=&#8221;default&#8221; theme_builder_area=&#8221;post_content&#8221; hover_enabled=&#8221;0&#8243; sticky_enabled=&#8221;0&#8243;]<\/p>\n<h4><span>TORAYCA\u00ae T1100G y M46J <\/span><span>ofrecen una resistencia a la tracci\u00f3n y una tenacidad a la fractura significativamente mayores. Esto permite que el cuadro mantenga una alta relaci\u00f3n rigidez-peso al tiempo que <\/span><span>mejora sustancialmente la resistencia a los impactos y la capacidad de absorci\u00f3n de energ\u00eda<\/span><span>.<\/span><\/h4>\n<p>[\/et_pb_text][\/et_pb_column][\/et_pb_row][et_pb_row _builder_version=&#8221;4.27.6&#8243; _module_preset=&#8221;default&#8221; column_structure=&#8221;1_2,1_2&#8243; theme_builder_area=&#8221;post_content&#8221;][et_pb_column _builder_version=&#8221;4.27.6&#8243; _module_preset=&#8221;default&#8221; type=&#8221;1_2&#8243; theme_builder_area=&#8221;post_content&#8221;][et_pb_text _builder_version=&#8221;4.27.6&#8243; _module_preset=&#8221;default&#8221; theme_builder_area=&#8221;post_content&#8221; hover_enabled=&#8221;0&#8243; sticky_enabled=&#8221;0&#8243;]<\/p>\n<h4><span>La estructura WindEye fue redise\u00f1ada y refinada para satisfacer las demandas espec\u00edficas del gravel, ofreciendo una <\/span><span>adaptabilidad estructural superior<\/span><span> para terrenos sin asfaltar. La tija del sill\u00edn logra hasta <\/span><span>16 mm <\/span><span>de movimiento vertical con una flexibilidad vertical trasera de <\/span><span>106 N\/mm<\/span><span>, mejorando significativamente la amortiguaci\u00f3n de las vibraciones sin comprometer la transferencia de potencia ni la <\/span><span>rigidez<\/span><span> lateral.<\/span><\/h4>\n<p>[\/et_pb_text][\/et_pb_column][et_pb_column _builder_version=&#8221;4.27.6&#8243; _module_preset=&#8221;default&#8221; type=&#8221;1_2&#8243; theme_builder_area=&#8221;post_content&#8221;][et_pb_image src=&#8221;https:\/\/gravel-bikes.cc\/wp-content\/uploads\/2026\/05\/GR-\u98ce\u773c-1536&#215;1024-1.jpg&#8221; _builder_version=&#8221;4.27.6&#8243; _module_preset=&#8221;default&#8221; theme_builder_area=&#8221;post_content&#8221; title_text=&#8221;GR-\u98ce\u773c-1536&#215;1024&#8243; hover_enabled=&#8221;0&#8243; sticky_enabled=&#8221;0&#8243;][\/et_pb_image][\/et_pb_column][\/et_pb_row][\/et_pb_section][et_pb_section fb_built=&#8221;1&#8243; fullwidth=&#8221;on&#8221; theme_builder_area=&#8221;post_content&#8221; _builder_version=&#8221;4.27.6&#8243; _module_preset=&#8221;default&#8221;][et_pb_fullwidth_slider _builder_version=&#8221;4.27.6&#8243; _module_preset=&#8221;default&#8221; theme_builder_area=&#8221;post_content&#8221; hover_enabled=&#8221;0&#8243; sticky_enabled=&#8221;0&#8243;][et_pb_slide heading=&#8221;SEKA Gravel &#8221; button_text=&#8221;Haz clic aqu\u00ed&#8221; _builder_version=&#8221;4.27.6&#8243; _module_preset=&#8221;default&#8221; theme_builder_area=&#8221;post_content&#8221; title_text=&#8221;Y-1-1-2048&#215;1229&#8243; background_image=&#8221;https:\/\/gravel-bikes.cc\/wp-content\/uploads\/2026\/05\/Y-1-1-2048&#215;1229-1.jpg&#8221; background_enable_image=&#8221;on&#8221; hover_enabled=&#8221;0&#8243; sticky_enabled=&#8221;0&#8243;][\/et_pb_slide][\/et_pb_fullwidth_slider][\/et_pb_section][et_pb_section fb_built=&#8221;1&#8243; theme_builder_area=&#8221;post_content&#8221; _builder_version=&#8221;4.27.6&#8243; _module_preset=&#8221;default&#8221;][et_pb_row _builder_version=&#8221;4.27.6&#8243; _module_preset=&#8221;default&#8221; column_structure=&#8221;1_2,1_2&#8243; theme_builder_area=&#8221;post_content&#8221;][et_pb_column _builder_version=&#8221;4.27.6&#8243; _module_preset=&#8221;default&#8221; type=&#8221;1_2&#8243; theme_builder_area=&#8221;post_content&#8221;][et_pb_text _builder_version=&#8221;4.27.6&#8243; _module_preset=&#8221;default&#8221; theme_builder_area=&#8221;post_content&#8221; hover_enabled=&#8221;0&#8243; sticky_enabled=&#8221;0&#8243;]<\/p>\n<div class=\"elementor-element elementor-element-013f0fe animated-slow elementor-widget__width-initial elementor-widget elementor-widget-text-editor animated fadeIn\" data-id=\"013f0fe\" data-element_type=\"widget\" data-e-type=\"widget\" data-settings=\"{\"_animation\":\"fadeIn\"}\" data-widget_type=\"text-editor.default\">\n<div class=\"elementor-widget-container\">\n<p><span>Peso del cuadro<\/span><\/p>\n<\/div>\n<\/div>\n<div class=\"elementor-element elementor-element-e103831 elementor-widget__width-initial animated-slow elementor-widget elementor-widget-text-editor animated fadeIn\" data-id=\"e103831\" data-element_type=\"widget\" data-e-type=\"widget\" data-settings=\"{\"_animation\":\"fadeIn\"}\" data-widget_type=\"text-editor.default\">\n<div class=\"elementor-widget-container\">\n<p>980 g:<br \/>Dise\u00f1ado para<br \/>Gravel Racing.<\/p>\n<\/div>\n<\/div>\n<div class=\"elementor-element elementor-element-68572b7 e-grid e-con-boxed e-con e-child\" data-id=\"68572b7\" data-element_type=\"container\" data-e-type=\"container\">\n<div class=\"e-con-inner\">\n<div class=\"elementor-element elementor-element-12521dc animated-slow elementor-widget__width-inherit elementor-widget elementor-widget-text-editor animated fadeIn\" data-id=\"12521dc\" data-element_type=\"widget\" data-e-type=\"widget\" data-settings=\"{\"_animation\":\"fadeIn\"}\" data-widget_type=\"text-editor.default\">\n<div class=\"elementor-widget-container\">\n<p>El dise\u00f1o ligero sigue siendo una preocupaci\u00f3n primordial en la filosof\u00eda de SEKA, pero nunca a costa del rendimiento general.<br \/>Para un cuadro de gravel de competici\u00f3n dise\u00f1ado para conquistar terrenos exigentes, priorizamos una estructura robusta con alta rigidez y resistencia a los impactos, lo que garantiza una resistencia y durabilidad excepcionales sin compromiso.<br \/>La cifra de <span>980 g<\/span> (cuadro sin pintar) representa el equilibrio \u00f3ptimo entre rendimiento ligero y alta resistencia a los impactos, <span> <\/span><span>logrado mediante una rigurosa optimizaci\u00f3n y pruebas.<\/span><\/p>\n<\/div>\n<\/div>\n<\/div>\n<\/div>\n<p>[\/et_pb_text][et_pb_button button_text=&#8221;Descubre m\u00e1s&#8230;&#8221; _builder_version=&#8221;4.27.6&#8243; _module_preset=&#8221;default&#8221; theme_builder_area=&#8221;post_content&#8221; hover_enabled=&#8221;0&#8243; sticky_enabled=&#8221;0&#8243;][\/et_pb_button][\/et_pb_column][et_pb_column _builder_version=&#8221;4.27.6&#8243; _module_preset=&#8221;default&#8221; type=&#8221;1_2&#8243; theme_builder_area=&#8221;post_content&#8221;][et_pb_image src=&#8221;https:\/\/gravel-bikes.cc\/wp-content\/uploads\/2026\/05\/Y-5-1-2048&#215;1229-1.jpg&#8221; _builder_version=&#8221;4.27.6&#8243; _module_preset=&#8221;default&#8221; theme_builder_area=&#8221;post_content&#8221; title_text=&#8221;Y-5-1-2048&#215;1229&#8243; hover_enabled=&#8221;0&#8243; sticky_enabled=&#8221;0&#8243;][\/et_pb_image][\/et_pb_column][\/et_pb_row][\/et_pb_section]<\/p>\n","protected":false},"excerpt":{"rendered":"<p>Aqu\u00ed va tu contenido. Edita o elimina este texto en l\u00ednea o en la configuraci\u00f3n del m\u00f3dulo de contenido. Tambi\u00e9n puedes dise\u00f1ar cada aspecto de este contenido en la configuraci\u00f3n de dise\u00f1o del m\u00f3dulo e incluso aplicar CSS personalizado a este texto en la configuraci\u00f3n avanzada del m\u00f3dulo. ya disponible. Ponte en contacto con nosotros [&hellip;]<\/p>\n","protected":false},"author":1,"featured_media":0,"parent":0,"menu_order":0,"comment_status":"closed","ping_status":"closed","template":"","meta":{"_et_pb_use_builder":"on","_et_pb_old_content":"","_et_gb_content_width":"","om_disable_all_campaigns":false,"_monsterinsights_skip_tracking":false,"_monsterinsights_sitenote_active":false,"_monsterinsights_sitenote_note":"","_monsterinsights_sitenote_category":0,"footnotes":""},"class_list":["post-12186","page","type-page","status-publish","hentry"],"aioseo_notices":[],"_links":{"self":[{"href":"https:\/\/gravel-bikes.cc\/es\/wp-json\/wp\/v2\/pages\/12186","targetHints":{"allow":["GET"]}}],"collection":[{"href":"https:\/\/gravel-bikes.cc\/es\/wp-json\/wp\/v2\/pages"}],"about":[{"href":"https:\/\/gravel-bikes.cc\/es\/wp-json\/wp\/v2\/types\/page"}],"author":[{"embeddable":true,"href":"https:\/\/gravel-bikes.cc\/es\/wp-json\/wp\/v2\/users\/1"}],"replies":[{"embeddable":true,"href":"https:\/\/gravel-bikes.cc\/es\/wp-json\/wp\/v2\/comments?post=12186"}],"version-history":[{"count":18,"href":"https:\/\/gravel-bikes.cc\/es\/wp-json\/wp\/v2\/pages\/12186\/revisions"}],"predecessor-version":[{"id":12317,"href":"https:\/\/gravel-bikes.cc\/es\/wp-json\/wp\/v2\/pages\/12186\/revisions\/12317"}],"wp:attachment":[{"href":"https:\/\/gravel-bikes.cc\/es\/wp-json\/wp\/v2\/media?parent=12186"}],"curies":[{"name":"wp","href":"https:\/\/api.w.org\/{rel}","templated":true}]}}